{"id":9971,"date":"2025-09-14T01:30:27","date_gmt":"2025-09-13T23:30:27","guid":{"rendered":"http:\/\/localhost\/baseusci\/?post_type=product&#038;p=9971"},"modified":"2026-03-26T21:09:32","modified_gmt":"2026-03-26T20:09:32","slug":"station-de-charge-5-en-1-baseus-nomos-140-w-chargeur-sans-fil-magnetique-certifie-qi2-15-w-avec-cable-retractable-100-w-chargeur-ordinateur-de-bureau-usb-c","status":"publish","type":"product","link":"https:\/\/baseus.ci\/index.php\/product\/station-de-charge-5-en-1-baseus-nomos-140-w-chargeur-sans-fil-magnetique-certifie-qi2-15-w-avec-cable-retractable-100-w-chargeur-ordinateur-de-bureau-usb-c\/","title":{"rendered":"Station de Charge Baseus Nomos 5-en-1 140W Original \u2013 Chargeur Bureau USB-C + Sans Fil Qi2 15W | Disponible \u00e0 Abidjan Livraison Rapide"},"content":{"rendered":"<div class=\"py-8\">\n<h2 data-section-id=\"129depe\" data-start=\"877\" data-end=\"931\">\ud83d\udcbc Une station de charge pens\u00e9e pour la performance<\/h2>\n<div class=\"no-scrollbar flex min-h-36 flex-nowrap gap-0.5 overflow-auto sm:gap-1 sm:overflow-hidden xl:min-h-44 mt-1 mb-5 [&amp;:not(:first-child)]:mt-4\">\n<div class=\"border-token-border-default relative w-32 shrink-0 overflow-hidden rounded-xl border-[0.5px] md:shrink max-h-64 sm:w-[calc((100%-0.5rem)\/3)] rounded-s-xl\">\n<div class=\"group\/search-image @container\/search-image relative rounded-[inherit] h-full w-full\">\n<div><img decoding=\"async\" class=\"bg-token-main-surface-tertiary m-0 h-full w-full object-cover\" src=\"https:\/\/m.media-amazon.com\/images\/I\/61DjKwluHlL._AC_UF1000%2C1000_QL80_.jpg\" alt=\"https:\/\/m.media-amazon.com\/images\/I\/61DjKwluHlL._AC_UF1000%2C1000_QL80_.jpg\" \/><\/div>\n<\/div>\n<\/div>\n<div class=\"border-token-border-default relative w-32 shrink-0 overflow-hidden rounded-xl border-[0.5px] md:shrink max-h-64 sm:w-[calc((100%-0.5rem)\/3)]\">\n<div class=\"group\/search-image @container\/search-image relative rounded-[inherit] h-full w-full\"><\/div>\n<\/div>\n<div class=\"border-token-border-default relative w-32 shrink-0 overflow-hidden rounded-xl border-[0.5px] md:shrink max-h-64 sm:w-[calc((100%-0.5rem)\/3)] rounded-e-xl\">\n<div class=\"group\/search-image @container\/search-image relative rounded-[inherit] h-full w-full\">\n<div><\/div>\n<div class=\"pointer-events-none absolute inset-x-2 bottom-2 z-0 flex max-w-[calc(100%-1rem)] flex-wrap items-end justify-end gap-1.5\">\n<div class=\"shrink-0\">\n<div class=\"flex items-center gap-1 rounded-full px-2 py-1.5 text-white backdrop-blur-md backdrop-brightness-75\"><span class=\"text-xs font-semibold\">4<\/span><\/div>\n<\/div>\n<\/div>\n<\/div>\n<\/div>\n<\/div>\n<p data-start=\"975\" data-end=\"1097\">La station <strong data-start=\"986\" data-end=\"1045\"><span class=\"hover:entity-accent entity-underline inline cursor-pointer align-baseline\"><span class=\"whitespace-normal\">Baseus<\/span><\/span> Nomos 5-en-1 140W<\/strong> red\u00e9finit la gestion de l\u2019\u00e9nergie sur votre bureau.<\/p>\n<p data-start=\"1099\" data-end=\"1189\">\ud83d\udc49 Une solution compl\u00e8te pour <strong data-start=\"1129\" data-end=\"1188\">charger, organiser et optimiser votre espace de travail<\/strong>.<\/p>\n<hr data-start=\"1191\" data-end=\"1194\" \/>\n<h2 data-section-id=\"1nzveoq\" data-start=\"1196\" data-end=\"1223\">\u26a1 Puissance extr\u00eame 140W<\/h2>\n<p data-start=\"1225\" data-end=\"1363\">\u2714\ufe0f Recharge ordinateur portable (MacBook, PC)<br data-start=\"1270\" data-end=\"1273\" \/>\u2714\ufe0f Recharge rapide smartphones et tablettes<br data-start=\"1316\" data-end=\"1319\" \/>\u2714\ufe0f Alimentation multi-appareils simultan\u00e9e<\/p>\n<p data-start=\"1365\" data-end=\"1405\">\ud83d\udc49 Un seul appareil pour tout alimenter.<\/p>\n<hr data-start=\"1407\" data-end=\"1410\" \/>\n<h2 data-section-id=\"j1f1cm\" data-start=\"1412\" data-end=\"1452\">\ud83e\uddf2 Charge sans fil magn\u00e9tique Qi2 15W<\/h2>\n<p data-start=\"1454\" data-end=\"1558\">\u2714\ufe0f Certification Qi2 nouvelle g\u00e9n\u00e9ration<br data-start=\"1494\" data-end=\"1497\" \/>\u2714\ufe0f Fixation magn\u00e9tique stable<br data-start=\"1526\" data-end=\"1529\" \/>\u2714\ufe0f Recharge rapide sans fil<\/p>\n<p data-start=\"1560\" data-end=\"1616\">\ud83d\udc49 Id\u00e9al pour iPhone (MagSafe) et appareils compatibles.<\/p>\n<hr data-start=\"1618\" data-end=\"1621\" \/>\n<h2 data-section-id=\"1f2iknj\" data-start=\"1623\" data-end=\"1655\">\ud83d\udd0c Hub multiports intelligent<\/h2>\n<p data-start=\"1657\" data-end=\"1763\">\u2714\ufe0f Ports USB-C haute puissance<br data-start=\"1687\" data-end=\"1690\" \/>\u2714\ufe0f Gestion intelligente de l\u2019\u00e9nergie<br data-start=\"1726\" data-end=\"1729\" \/>\u2714\ufe0f Recharge simultan\u00e9e optimis\u00e9e<\/p>\n<hr data-start=\"1765\" data-end=\"1768\" \/>\n<h2 data-section-id=\"ey6spj\" data-start=\"1770\" data-end=\"1806\">\ud83d\udd04 C\u00e2ble r\u00e9tractable int\u00e9gr\u00e9 100W<\/h2>\n<p data-start=\"1808\" data-end=\"1904\">\u2714\ufe0f C\u00e2ble int\u00e9gr\u00e9 ultra pratique<br data-start=\"1839\" data-end=\"1842\" \/>\u2714\ufe0f Puissance jusqu\u2019\u00e0 100W<br data-start=\"1867\" data-end=\"1870\" \/>\u2714\ufe0f Gain de place et organisation<\/p>\n<p data-start=\"1906\" data-end=\"1946\">\ud83d\udc49 Plus besoin de multiplier les c\u00e2bles.<\/p>\n<hr data-start=\"1948\" data-end=\"1951\" \/>\n<h2 data-section-id=\"14xf13g\" data-start=\"1953\" data-end=\"1987\">\ud83d\udcbb Con\u00e7u pour le bureau moderne<\/h2>\n<p data-start=\"1989\" data-end=\"2061\">\u2714\ufe0f Organisation optimale<br data-start=\"2013\" data-end=\"2016\" \/>\u2714\ufe0f Gain de productivit\u00e9<br data-start=\"2039\" data-end=\"2042\" \/>\u2714\ufe0f Design premium<\/p>\n<p data-start=\"2063\" data-end=\"2080\">\ud83d\udc49 Parfait pour :<\/p>\n<ul data-start=\"2081\" data-end=\"2135\">\n<li data-section-id=\"4m6pfp\" data-start=\"2081\" data-end=\"2096\">T\u00e9l\u00e9travail<\/li>\n<li data-section-id=\"m33mql\" data-start=\"2097\" data-end=\"2121\">Bureau professionnel<\/li>\n<li data-section-id=\"1xrxpf8\" data-start=\"2122\" data-end=\"2135\">Cr\u00e9ateurs<\/li>\n<\/ul>\n<hr data-start=\"2137\" data-end=\"2140\" \/>\n<h2 data-section-id=\"gs3may\" data-start=\"2142\" data-end=\"2174\">\ud83d\udd25 Technologie avanc\u00e9e Baseus<\/h2>\n<p data-start=\"2176\" data-end=\"2264\">\u2714\ufe0f Haute performance \u00e9nerg\u00e9tique<br data-start=\"2208\" data-end=\"2211\" \/>\u2714\ufe0f Stabilit\u00e9 de charge<br data-start=\"2233\" data-end=\"2236\" \/>\u2714\ufe0f Protection intelligente<\/p>\n<hr data-start=\"2266\" data-end=\"2269\" \/>\n<h2 data-section-id=\"h2k56s\" data-start=\"2271\" data-end=\"2295\">\ud83d\udee1\ufe0f S\u00e9curit\u00e9 maximale<\/h2>\n<p data-start=\"2297\" data-end=\"2376\">\u2714\ufe0f Protection surtension<br data-start=\"2321\" data-end=\"2324\" \/>\u2714\ufe0f Protection surchauffe<br data-start=\"2348\" data-end=\"2351\" \/>\u2714\ufe0f Protection surcharge<\/p>\n<p data-start=\"2378\" data-end=\"2412\">\ud83d\udc49 Vos appareils sont en s\u00e9curit\u00e9.<\/p>\n<hr data-start=\"2414\" data-end=\"2417\" \/>\n<h2 data-section-id=\"1v1r1bo\" data-start=\"2419\" data-end=\"2452\">\u2699\ufe0f CARACT\u00c9RISTIQUES TECHNIQUES<\/h2>\n<p data-start=\"2454\" data-end=\"2632\">\u26a1 Puissance totale : 140W<br data-start=\"2479\" data-end=\"2482\" \/>\ud83e\uddf2 Charge sans fil : 15W (Qi2)<br data-start=\"2512\" data-end=\"2515\" \/>\ud83d\udd0c Ports : USB-C (multi)<br data-start=\"2539\" data-end=\"2542\" \/>\ud83d\udd04 C\u00e2ble : r\u00e9tractable 100W<br data-start=\"2569\" data-end=\"2572\" \/>\ud83d\udce6 Fonction : station 5-en-1<br data-start=\"2600\" data-end=\"2603\" \/>\ud83c\udfa8 Couleur : (selon mod\u00e8le)<\/p>\n<hr data-start=\"2634\" data-end=\"2637\" \/>\n<h2 data-section-id=\"9f2vz1\" data-start=\"2639\" data-end=\"2658\">\ud83d\udcbb COMPATIBILIT\u00c9<\/h2>\n<p data-start=\"2660\" data-end=\"2790\">\u2714\ufe0f Ordinateurs portables USB-C<br data-start=\"2690\" data-end=\"2693\" \/>\u2714\ufe0f MacBook<br data-start=\"2703\" data-end=\"2706\" \/>\u2714\ufe0f Smartphones Android<br data-start=\"2728\" data-end=\"2731\" \/>\u2714\ufe0f iPhone (MagSafe \/ Qi2)<br data-start=\"2756\" data-end=\"2759\" \/>\u2714\ufe0f Tablettes<br data-start=\"2771\" data-end=\"2774\" \/>\u2714\ufe0f Accessoires<\/p>\n<hr data-start=\"2792\" data-end=\"2795\" \/>\n<h2 data-section-id=\"1m8g89z\" data-start=\"2797\" data-end=\"2831\">\ud83d\udee1\ufe0f PRODUIT ORIGINAL &amp; CERTIFI\u00c9<\/h2>\n<p data-start=\"2833\" data-end=\"2948\">Produit authentique <span class=\"hover:entity-accent entity-underline inline cursor-pointer align-baseline\"><span class=\"whitespace-normal\">Baseus<\/span><\/span><br data-start=\"2890\" data-end=\"2893\" \/>Distribu\u00e9 officiellement en C\u00f4te d\u2019Ivoire par POWERED<\/p>\n<p data-start=\"2950\" data-end=\"2989\">\u2714\ufe0f 100% original<br data-start=\"2966\" data-end=\"2969\" \/>\u2714\ufe0f Qualit\u00e9 premium<\/p>\n<p data-start=\"2991\" data-end=\"3028\">\ud83d\udc49 Site officiel : <strong data-start=\"3010\" data-end=\"3028\"><a class=\"decorated-link cursor-pointer\" target=\"_new\" rel=\"noopener\" data-start=\"3012\" data-end=\"3026\">www.baseus.ci<\/a><\/strong><\/p>\n<hr data-start=\"3030\" data-end=\"3033\" \/>\n<h2 data-section-id=\"grsowy\" data-start=\"3035\" data-end=\"3063\">\ud83d\udee1\ufe0f GARANTIE CONSTRUCTEUR<\/h2>\n<p data-start=\"3065\" data-end=\"3148\">\u2714\ufe0f Jusqu\u2019\u00e0 <strong data-start=\"3076\" data-end=\"3099\">12 mois de garantie<\/strong><br data-start=\"3099\" data-end=\"3102\" \/>\u2714\ufe0f Assistance disponible<br data-start=\"3126\" data-end=\"3129\" \/>\u2714\ufe0f Achat s\u00e9curis\u00e9<\/p>\n<hr data-start=\"3150\" data-end=\"3153\" \/>\n<h2 data-section-id=\"1my3g68\" data-start=\"3155\" data-end=\"3174\">\ud83d\udccd DISPONIBILIT\u00c9<\/h2>\n<p data-start=\"3176\" data-end=\"3272\">\ud83d\udccd Abidjan : Cocody, Plateau, Marcory, Yopougon<br data-start=\"3223\" data-end=\"3226\" \/>\ud83d\ude9a Livraison rapide partout en C\u00f4te d\u2019Ivoire<\/p>\n<hr data-start=\"3274\" data-end=\"3277\" \/>\n<h2 data-section-id=\"19lx52c\" data-start=\"3279\" data-end=\"3314\">\ud83c\udfaf POURQUOI CHOISIR NOMOS 140W ?<\/h2>\n<p data-start=\"3316\" data-end=\"3426\">\u2714\ufe0f Puissance exceptionnelle<br data-start=\"3343\" data-end=\"3346\" \/>\u2714\ufe0f Solution tout-en-un<br data-start=\"3368\" data-end=\"3371\" \/>\u2714\ufe0f Design premium bureau<br data-start=\"3395\" data-end=\"3398\" \/>\u2714\ufe0f Technologie avanc\u00e9e Qi2<\/p>\n<hr data-start=\"3428\" data-end=\"3431\" \/>\n<h2 data-section-id=\"h1idu2\" data-start=\"3433\" data-end=\"3459\">\ud83d\udd25 COMMANDEZ MAINTENANT<\/h2>\n<p data-start=\"3461\" data-end=\"3507\">Stock disponible \u26a0\ufe0f<br data-start=\"3480\" data-end=\"3483\" \/>\ud83d\udc49 Livraison rapide \ud83d\ude80<\/p>\n<\/div>\n","protected":false},"excerpt":{"rendered":"<p data-start=\"380\" data-end=\"509\">Transformez votre bureau en station de recharge intelligente avec la <strong data-start=\"449\" data-end=\"508\"><span class=\"hover:entity-accent entity-underline inline cursor-pointer align-baseline\"><span class=\"whitespace-normal\">Baseus<\/span><\/span> Nomos 5-en-1 140W<\/strong>.<\/p>\n<p data-start=\"511\" data-end=\"688\">\u26a1 Puissance 140W (ordinateur + smartphone)<br data-start=\"553\" data-end=\"556\" \/>\ud83e\uddf2 Charge sans fil Qi2 15W magn\u00e9tique<br data-start=\"593\" data-end=\"596\" \/>\ud83d\udd0c Multiports USB-C + c\u00e2ble r\u00e9tractable 100W<br data-start=\"640\" data-end=\"643\" \/>\ud83d\udcbb Id\u00e9al bureau professionnel &amp; t\u00e9l\u00e9travail<\/p>\n<p data-start=\"690\" data-end=\"812\">\ud83d\udee1\ufe0f Produit 100% original certifi\u00e9 \u2013 Garantie jusqu\u2019\u00e0 12 mois<br data-start=\"751\" data-end=\"754\" \/>\ud83d\udccd Disponible \u00e0 Abidjan \u2013 Livraison rapide C\u00f4te d\u2019Ivoire<\/p>\n","protected":false},"featured_media":11319,"comment_status":"open","ping_status":"closed","template":"","meta":[],"product_cat":[95],"product_tag":[],"class_list":{"0":"post-9971","1":"product","2":"type-product","3":"status-publish","4":"has-post-thumbnail","6":"product_cat-chargeurs","8":"first","9":"instock","10":"shipping-taxable","11":"purchasable","12":"product-type-simple"},"jetpack_sharing_enabled":true,"_links":{"self":[{"href":"https:\/\/baseus.ci\/index.php\/wp-json\/wp\/v2\/product\/9971","targetHints":{"allow":["GET"]}}],"collection":[{"href":"https:\/\/baseus.ci\/index.php\/wp-json\/wp\/v2\/product"}],"about":[{"href":"https:\/\/baseus.ci\/index.php\/wp-json\/wp\/v2\/types\/product"}],"replies":[{"embeddable":true,"href":"https:\/\/baseus.ci\/index.php\/wp-json\/wp\/v2\/comments?post=9971"}],"wp:featuredmedia":[{"embeddable":true,"href":"https:\/\/baseus.ci\/index.php\/wp-json\/wp\/v2\/media\/11319"}],"wp:attachment":[{"href":"https:\/\/baseus.ci\/index.php\/wp-json\/wp\/v2\/media?parent=9971"}],"wp:term":[{"taxonomy":"product_cat","embeddable":true,"href":"https:\/\/baseus.ci\/index.php\/wp-json\/wp\/v2\/product_cat?post=9971"},{"taxonomy":"product_tag","embeddable":true,"href":"https:\/\/baseus.ci\/index.php\/wp-json\/wp\/v2\/product_tag?post=9971"}],"curies":[{"name":"wp","href":"https:\/\/api.w.org\/{rel}","templated":true}]}}