{"id":9970,"date":"2025-09-14T01:30:26","date_gmt":"2025-09-13T23:30:26","guid":{"rendered":"http:\/\/localhost\/baseusci\/?post_type=product&#038;p=9970"},"modified":"2026-04-13T02:36:34","modified_gmt":"2026-04-13T00:36:34","slug":"baseus-magpro-series-ii-station-daccueil-hub-7-en-1-hub-chargeur-sans-fil-magnetique-15-w-noir","status":"publish","type":"product","link":"https:\/\/baseus.ci\/index.php\/product\/baseus-magpro-series-ii-station-daccueil-hub-7-en-1-hub-chargeur-sans-fil-magnetique-15-w-noir\/","title":{"rendered":"Station d\u2019Accueil Baseus MagPro 7-en-1 Original \u2013 Hub USB-C + Chargeur Sans Fil Magn\u00e9tique 15W | Disponible \u00e0 Abidjan Livraison Rapide"},"content":{"rendered":"<article class=\"text-token-text-primary w-full focus:outline-none scroll-mt-[calc(var(--header-height)+min(200px,max(70px,20svh)))]\" dir=\"auto\" tabindex=\"-1\" data-turn-id=\"request-68dfe0a6-0944-8331-bd0f-d73238f1e49b-1\" data-testid=\"conversation-turn-32\" data-scroll-anchor=\"true\" data-turn=\"assistant\">\n<div class=\"text-base my-auto mx-auto pb-10 [--thread-content-margin:--spacing(4)] thread-sm:[--thread-content-margin:--spacing(6)] thread-lg:[--thread-content-margin:--spacing(16)] px-(--thread-content-margin)\">\n<div class=\"[--thread-content-max-width:40rem] thread-lg:[--thread-content-max-width:48rem] mx-auto max-w-(--thread-content-max-width) flex-1 group\/turn-messages focus-visible:outline-hidden relative flex w-full min-w-0 flex-col agent-turn\" tabindex=\"-1\" spellcheck=\"false\">\n<div class=\"flex max-w-full flex-col grow\">\n<div class=\"min-h-8 text-message relative flex w-full flex-col items-end gap-2 text-start break-words whitespace-normal [.text-message+&amp;]:mt-5\" dir=\"auto\" data-message-author-role=\"assistant\" data-message-id=\"a333ba11-feb2-46b1-9a7b-7648022ece95\" data-message-model-slug=\"gpt-5\">\n<div class=\"flex w-full flex-col gap-1 empty:hidden first:pt-[1px]\">\n<div class=\"markdown prose dark:prose-invert w-full break-words dark markdown-new-styling\">\n<h2 data-section-id=\"1rqg3jh\" data-start=\"842\" data-end=\"896\">\ud83d\udcbb Transformez votre bureau en station intelligente<\/h2>\n<div class=\"no-scrollbar flex min-h-36 flex-nowrap gap-0.5 overflow-auto sm:gap-1 sm:overflow-hidden xl:min-h-44 mt-1 mb-5 [&amp;:not(:first-child)]:mt-4\">\n<div class=\"border-token-border-default relative w-32 shrink-0 overflow-hidden rounded-xl border-[0.5px] md:shrink max-h-64 sm:w-[calc((100%-0.5rem)\/3)] rounded-s-xl\">\n<div class=\"group\/search-image @container\/search-image relative rounded-[inherit] h-full w-full\">\n<div><img decoding=\"async\" class=\"bg-token-main-surface-tertiary m-0 h-full w-full object-cover\" src=\"https:\/\/baseusonline.com\/uploads\/img\/pi\/174\/174470426822\/1744704268.jpg\" alt=\"https:\/\/baseusonline.com\/uploads\/img\/pi\/174\/174470426822\/1744704268.jpg\" \/><\/div>\n<\/div>\n<\/div>\n<div class=\"border-token-border-default relative w-32 shrink-0 overflow-hidden rounded-xl border-[0.5px] md:shrink max-h-64 sm:w-[calc((100%-0.5rem)\/3)]\">\n<div class=\"group\/search-image @container\/search-image relative rounded-[inherit] h-full w-full\"><\/div>\n<\/div>\n<div class=\"border-token-border-default relative w-32 shrink-0 overflow-hidden rounded-xl border-[0.5px] md:shrink max-h-64 sm:w-[calc((100%-0.5rem)\/3)] rounded-e-xl\">\n<div class=\"group\/search-image @container\/search-image relative rounded-[inherit] h-full w-full\">\n<div class=\"pointer-events-none absolute inset-x-2 bottom-2 z-0 flex max-w-[calc(100%-1rem)] flex-wrap items-end justify-end gap-1.5\">\n<div class=\"shrink-0\">\n<div class=\"flex items-center gap-1 rounded-full px-2 py-1.5 text-white backdrop-blur-md backdrop-brightness-75\"><span class=\"text-xs font-semibold\">4<\/span><\/div>\n<\/div>\n<\/div>\n<\/div>\n<\/div>\n<\/div>\n<p data-start=\"940\" data-end=\"1095\">La station <strong data-start=\"951\" data-end=\"1016\"><span class=\"hover:entity-accent entity-underline inline cursor-pointer align-baseline\"><span class=\"whitespace-normal\">Baseus<\/span><\/span> MagPro Series II 7-en-1<\/strong> est une solution tout-en-un pour les professionnels et utilisateurs exigeants.<\/p>\n<p data-start=\"1097\" data-end=\"1177\">\ud83d\udc49 Connectez, rechargez et organisez tous vos appareils avec un seul \u00e9quipement.<\/p>\n<hr data-start=\"1179\" data-end=\"1182\" \/>\n<h2 data-section-id=\"vgjh19\" data-start=\"1184\" data-end=\"1220\">\ud83d\udd0c Hub USB-C multifonction 7-en-1<\/h2>\n<p data-start=\"1222\" data-end=\"1310\">\u2714\ufe0f Extension multiports<br data-start=\"1245\" data-end=\"1248\" \/>\u2714\ufe0f Connexion rapide p\u00e9riph\u00e9riques<br data-start=\"1281\" data-end=\"1284\" \/>\u2714\ufe0f Organisation optimale<\/p>\n<p data-start=\"1312\" data-end=\"1364\">\ud83d\udc49 Transformez votre ordinateur en station compl\u00e8te.<\/p>\n<hr data-start=\"1366\" data-end=\"1369\" \/>\n<h2 data-section-id=\"1s7a4gt\" data-start=\"1371\" data-end=\"1417\">\ud83e\uddf2 Chargeur sans fil magn\u00e9tique 15W int\u00e9gr\u00e9<\/h2>\n<p data-start=\"1419\" data-end=\"1516\">\u2714\ufe0f Recharge rapide sans fil<br data-start=\"1446\" data-end=\"1449\" \/>\u2714\ufe0f Fixation magn\u00e9tique stable<br data-start=\"1478\" data-end=\"1481\" \/>\u2714\ufe0f Compatible iPhone MagSafe &amp; Qi<\/p>\n<p data-start=\"1518\" data-end=\"1576\">\ud83d\udc49 Rechargez votre smartphone pendant que vous travaillez.<\/p>\n<hr data-start=\"1578\" data-end=\"1581\" \/>\n<h2 data-section-id=\"g07bz0\" data-start=\"1583\" data-end=\"1609\">\u26a1 Productivit\u00e9 maximale<\/h2>\n<p data-start=\"1611\" data-end=\"1706\">\u2714\ufe0f Connexion \u00e9cran, clavier, souris<br data-start=\"1646\" data-end=\"1649\" \/>\u2714\ufe0f Recharge simultan\u00e9e<br data-start=\"1671\" data-end=\"1674\" \/>\u2714\ufe0f Gain de temps et efficacit\u00e9<\/p>\n<hr data-start=\"1708\" data-end=\"1711\" \/>\n<h2 data-section-id=\"1qqf35n\" data-start=\"1713\" data-end=\"1744\">\ud83d\udcbc Design premium et compact<\/h2>\n<p data-start=\"1746\" data-end=\"1838\">\u2714\ufe0f Organisation bureau propre<br data-start=\"1775\" data-end=\"1778\" \/>\u2714\ufe0f Format \u00e9l\u00e9gant<br data-start=\"1795\" data-end=\"1798\" \/>\u2714\ufe0f Id\u00e9al bureau, t\u00e9l\u00e9travail, business<\/p>\n<hr data-start=\"1840\" data-end=\"1843\" \/>\n<h2 data-section-id=\"gs3may\" data-start=\"1845\" data-end=\"1877\">\ud83d\udd25 Technologie avanc\u00e9e Baseus<\/h2>\n<p data-start=\"1879\" data-end=\"1971\">\u2714\ufe0f Performance \u00e9lev\u00e9e<br data-start=\"1900\" data-end=\"1903\" \/>\u2714\ufe0f Stabilit\u00e9 des connexions<br data-start=\"1930\" data-end=\"1933\" \/>\u2714\ufe0f Gestion intelligente de l\u2019\u00e9nergie<\/p>\n<hr data-start=\"1973\" data-end=\"1976\" \/>\n<h2 data-section-id=\"1v1r1bo\" data-start=\"1978\" data-end=\"2011\">\u2699\ufe0f CARACT\u00c9RISTIQUES TECHNIQUES<\/h2>\n<p data-start=\"2013\" data-end=\"2189\">\ud83d\udd0c Type : Hub USB-C + station d\u2019accueil<br data-start=\"2052\" data-end=\"2055\" \/>\u26a1 Charge sans fil : 15W<br data-start=\"2078\" data-end=\"2081\" \/>\ud83e\uddf2 Technologie : magn\u00e9tique Qi<br data-start=\"2111\" data-end=\"2114\" \/>\ud83d\udce6 Fonction : 7-en-1<br data-start=\"2134\" data-end=\"2137\" \/>\ud83d\udcf1 Compatibilit\u00e9 : universelle<br data-start=\"2167\" data-end=\"2170\" \/>\ud83c\udfa8 Couleur : Noir<\/p>\n<hr data-start=\"2191\" data-end=\"2194\" \/>\n<h2 data-section-id=\"9f2vz1\" data-start=\"2196\" data-end=\"2215\">\ud83d\udcbb COMPATIBILIT\u00c9<\/h2>\n<p data-start=\"2217\" data-end=\"2331\">\u2714\ufe0f Ordinateurs portables (USB-C)<br data-start=\"2249\" data-end=\"2252\" \/>\u2714\ufe0f MacBook<br data-start=\"2262\" data-end=\"2265\" \/>\u2714\ufe0f Smartphones Android<br data-start=\"2287\" data-end=\"2290\" \/>\u2714\ufe0f iPhone (MagSafe \/ Qi)<br data-start=\"2314\" data-end=\"2317\" \/>\u2714\ufe0f Tablettes<\/p>\n<hr data-start=\"2333\" data-end=\"2336\" \/>\n<h2 data-section-id=\"1m8g89z\" data-start=\"2338\" data-end=\"2372\">\ud83d\udee1\ufe0f PRODUIT ORIGINAL &amp; CERTIFI\u00c9<\/h2>\n<p data-start=\"2374\" data-end=\"2489\">Produit authentique <span class=\"hover:entity-accent entity-underline inline cursor-pointer align-baseline\"><span class=\"whitespace-normal\">Baseus<\/span><\/span><br data-start=\"2431\" data-end=\"2434\" \/>Distribu\u00e9 officiellement en C\u00f4te d\u2019Ivoire par POWERED<\/p>\n<p data-start=\"2491\" data-end=\"2530\">\u2714\ufe0f 100% original<br data-start=\"2507\" data-end=\"2510\" \/>\u2714\ufe0f Qualit\u00e9 premium<\/p>\n<p data-start=\"2532\" data-end=\"2569\">\ud83d\udc49 Site officiel : <strong data-start=\"2551\" data-end=\"2569\"><a class=\"decorated-link cursor-pointer\" target=\"_new\" rel=\"noopener\" data-start=\"2553\" data-end=\"2567\">www.baseus.com<\/a><\/strong><\/p>\n<hr data-start=\"2571\" data-end=\"2574\" \/>\n<h2 data-section-id=\"grsowy\" data-start=\"2576\" data-end=\"2604\">\ud83d\udee1\ufe0f GARANTIE CONSTRUCTEUR<\/h2>\n<p data-start=\"2606\" data-end=\"2689\">\u2714\ufe0f Jusqu\u2019\u00e0 <strong data-start=\"2617\" data-end=\"2640\">12 mois de garantie<\/strong><br data-start=\"2640\" data-end=\"2643\" \/>\u2714\ufe0f Assistance disponible<br data-start=\"2667\" data-end=\"2670\" \/>\u2714\ufe0f Achat s\u00e9curis\u00e9<\/p>\n<hr data-start=\"2691\" data-end=\"2694\" \/>\n<h2 data-section-id=\"1my3g68\" data-start=\"2696\" data-end=\"2715\">\ud83d\udccd DISPONIBILIT\u00c9<\/h2>\n<p data-start=\"2717\" data-end=\"2813\">\ud83d\udccd Abidjan : Cocody, Plateau, Marcory, Yopougon<br data-start=\"2764\" data-end=\"2767\" \/>\ud83d\ude9a Livraison rapide partout en C\u00f4te d\u2019Ivoire<\/p>\n<hr data-start=\"2815\" data-end=\"2818\" \/>\n<h2 data-section-id=\"ehqg4x\" data-start=\"2820\" data-end=\"2855\">\ud83c\udfaf POURQUOI CHOISIR CE PRODUIT ?<\/h2>\n<p data-start=\"2857\" data-end=\"2959\">\u2714\ufe0f Solution tout-en-un<br data-start=\"2879\" data-end=\"2882\" \/>\u2714\ufe0f Gain de productivit\u00e9<br data-start=\"2905\" data-end=\"2908\" \/>\u2714\ufe0f Design moderne<br data-start=\"2925\" data-end=\"2928\" \/>\u2714\ufe0f Recharge sans fil int\u00e9gr\u00e9e<\/p>\n<hr data-start=\"2961\" data-end=\"2964\" \/>\n<h2 data-section-id=\"h1idu2\" data-start=\"2966\" data-end=\"2992\">\ud83d\udd25 COMMANDEZ MAINTENANT<\/h2>\n<p data-start=\"2994\" data-end=\"3040\">Stock disponible \u26a0\ufe0f<br data-start=\"3013\" data-end=\"3016\" \/>\ud83d\udc49 Livraison rapide \ud83d\ude80<\/p>\n<\/div>\n<\/div>\n<\/div>\n<\/div>\n<\/div>\n<\/div>\n<\/article>\n","protected":false},"excerpt":{"rendered":"<p data-start=\"388\" data-end=\"494\">Optimisez votre espace de travail avec la station <strong data-start=\"438\" data-end=\"493\"><span class=\"hover:entity-accent entity-underline inline cursor-pointer align-baseline\"><span class=\"whitespace-normal\">Baseus<\/span><\/span> MagPro 7-en-1<\/strong>.<\/p>\n<p data-start=\"496\" data-end=\"653\">\ud83d\udd0c Hub USB-C multiports + station compl\u00e8te<br data-start=\"538\" data-end=\"541\" \/>\ud83e\uddf2 Chargeur sans fil magn\u00e9tique 15W<br data-start=\"576\" data-end=\"579\" \/>\ud83d\udcbb Id\u00e9al PC, MacBook et smartphones<br data-start=\"614\" data-end=\"617\" \/>\ud83d\udce6 Design compact et professionnel<\/p>\n<p data-start=\"655\" data-end=\"777\">\ud83d\udee1\ufe0f Produit 100% original certifi\u00e9 \u2013 Garantie jusqu\u2019\u00e0 12 mois<br data-start=\"716\" data-end=\"719\" \/>\ud83d\udccd Disponible \u00e0 Abidjan \u2013 Livraison rapide C\u00f4te d\u2019Ivoire<\/p>\n","protected":false},"featured_media":11317,"comment_status":"open","ping_status":"closed","template":"","meta":[],"product_cat":[95,79],"product_tag":[],"class_list":{"0":"post-9970","1":"product","2":"type-product","3":"status-publish","4":"has-post-thumbnail","6":"product_cat-chargeurs","7":"product_cat-informatique","9":"first","10":"outofstock","11":"shipping-taxable","12":"purchasable","13":"product-type-simple"},"jetpack_sharing_enabled":true,"_links":{"self":[{"href":"https:\/\/baseus.ci\/index.php\/wp-json\/wp\/v2\/product\/9970","targetHints":{"allow":["GET"]}}],"collection":[{"href":"https:\/\/baseus.ci\/index.php\/wp-json\/wp\/v2\/product"}],"about":[{"href":"https:\/\/baseus.ci\/index.php\/wp-json\/wp\/v2\/types\/product"}],"replies":[{"embeddable":true,"href":"https:\/\/baseus.ci\/index.php\/wp-json\/wp\/v2\/comments?post=9970"}],"wp:featuredmedia":[{"embeddable":true,"href":"https:\/\/baseus.ci\/index.php\/wp-json\/wp\/v2\/media\/11317"}],"wp:attachment":[{"href":"https:\/\/baseus.ci\/index.php\/wp-json\/wp\/v2\/media?parent=9970"}],"wp:term":[{"taxonomy":"product_cat","embeddable":true,"href":"https:\/\/baseus.ci\/index.php\/wp-json\/wp\/v2\/product_cat?post=9970"},{"taxonomy":"product_tag","embeddable":true,"href":"https:\/\/baseus.ci\/index.php\/wp-json\/wp\/v2\/product_tag?post=9970"}],"curies":[{"name":"wp","href":"https:\/\/api.w.org\/{rel}","templated":true}]}}