{"id":9871,"date":"2025-09-14T01:28:01","date_gmt":"2025-09-13T23:28:01","guid":{"rendered":"http:\/\/localhost\/baseusci\/?post_type=product&#038;p=9871"},"modified":"2026-03-26T20:46:20","modified_gmt":"2026-03-26T19:46:20","slug":"chargeur-mural-baseus-gan5-20w-3a-1-x-usb-c-avec-cable-usb-c-noir","status":"publish","type":"product","link":"https:\/\/baseus.ci\/index.php\/product\/chargeur-mural-baseus-gan5-20w-3a-1-x-usb-c-avec-cable-usb-c-noir\/","title":{"rendered":"Chargeur Mural Baseus GaN5 20W Original USB-C + C\u00e2ble Inclus \u2013 Charge Rapide iPhone &#038; Android | Disponible \u00e0 Abidjan Livraison Rapide"},"content":{"rendered":"<h2 data-section-id=\"1pbazim\" data-start=\"803\" data-end=\"836\">\u26a1 Compact, puissant, essentiel<\/h2>\n<div class=\"no-scrollbar flex min-h-36 flex-nowrap gap-0.5 overflow-auto sm:gap-1 sm:overflow-hidden xl:min-h-44 mt-1 mb-5 [&amp;:not(:first-child)]:mt-4\">\n<div class=\"border-token-border-default relative w-32 shrink-0 overflow-hidden rounded-xl border-[0.5px] md:shrink max-h-64 sm:w-[calc((100%-0.5rem)\/3)] rounded-s-xl\">\n<div class=\"group\/search-image @container\/search-image relative rounded-[inherit] h-full w-full\">\n<div><img decoding=\"async\" class=\"bg-token-main-surface-tertiary m-0 h-full w-full object-cover\" src=\"https:\/\/www.mobiparts.ro\/img\/t\/800x800\/products\/191293\/wall-charger-baseus-gan5-20w-3a-1-x-usb-c-with-usb-c-cable-black-p10110900113-00-1726238238567.png\" alt=\"https:\/\/www.mobiparts.ro\/img\/t\/800x800\/products\/191293\/wall-charger-baseus-gan5-20w-3a-1-x-usb-c-with-usb-c-cable-black-p10110900113-00-1726238238567.png\" \/><\/div>\n<\/div>\n<\/div>\n<div class=\"border-token-border-default relative w-32 shrink-0 overflow-hidden rounded-xl border-[0.5px] md:shrink max-h-64 sm:w-[calc((100%-0.5rem)\/3)]\">\n<div class=\"group\/search-image @container\/search-image relative rounded-[inherit] h-full w-full\"><\/div>\n<\/div>\n<div class=\"border-token-border-default relative w-32 shrink-0 overflow-hidden rounded-xl border-[0.5px] md:shrink max-h-64 sm:w-[calc((100%-0.5rem)\/3)] rounded-e-xl\">\n<div class=\"group\/search-image @container\/search-image relative rounded-[inherit] h-full w-full\">\n<div><\/div>\n<div class=\"pointer-events-none absolute inset-x-2 bottom-2 z-0 flex max-w-[calc(100%-1rem)] flex-wrap items-end justify-end gap-1.5\">\n<div class=\"shrink-0\">\n<div class=\"flex items-center gap-1 rounded-full px-2 py-1.5 text-white backdrop-blur-md backdrop-brightness-75\"><span class=\"text-xs font-semibold\">4<\/span><\/div>\n<\/div>\n<\/div>\n<\/div>\n<\/div>\n<\/div>\n<p data-start=\"880\" data-end=\"1031\">Le chargeur mural <strong data-start=\"898\" data-end=\"948\"><span class=\"hover:entity-accent entity-underline inline cursor-pointer align-baseline\"><span class=\"whitespace-normal\">Baseus<\/span><\/span> GaN5 20W<\/strong> est la solution id\u00e9ale pour une recharge rapide, fiable et s\u00e9curis\u00e9e au quotidien.<\/p>\n<p data-start=\"1033\" data-end=\"1086\">\ud83d\udc49 Compact et performant, il vous accompagne partout.<\/p>\n<hr data-start=\"1088\" data-end=\"1091\" \/>\n<h2 data-section-id=\"1jpl59e\" data-start=\"1093\" data-end=\"1132\">\u26a1 Charge rapide 20W (Power Delivery)<\/h2>\n<p data-start=\"1134\" data-end=\"1233\">\u2714\ufe0f Recharge rapide smartphones<br data-start=\"1164\" data-end=\"1167\" \/>\u2714\ufe0f Compatible iPhone et Android<br data-start=\"1198\" data-end=\"1201\" \/>\u2714\ufe0f Jusqu\u2019\u00e0 50% en ~30 minutes*<\/p>\n<p data-start=\"1235\" data-end=\"1266\">(*selon appareil et conditions)<\/p>\n<p data-start=\"1268\" data-end=\"1305\">\ud83d\udc49 Gagnez du temps \u00e0 chaque recharge.<\/p>\n<hr data-start=\"1307\" data-end=\"1310\" \/>\n<h2 data-section-id=\"usi0a0\" data-start=\"1312\" data-end=\"1343\">\ud83d\udd0c Port USB-C + c\u00e2ble inclus<\/h2>\n<p data-start=\"1345\" data-end=\"1407\">\u2714\ufe0f 1 port USB-C<br data-start=\"1360\" data-end=\"1363\" \/>\u2714\ufe0f C\u00e2ble USB-C fourni<br data-start=\"1384\" data-end=\"1387\" \/>\u2714\ufe0f Pr\u00eat \u00e0 l\u2019emploi<\/p>\n<p data-start=\"1409\" data-end=\"1446\">\ud83d\udc49 Une solution compl\u00e8te d\u00e8s l\u2019achat.<\/p>\n<hr data-start=\"1448\" data-end=\"1451\" \/>\n<h2 data-section-id=\"83r2v8\" data-start=\"1453\" data-end=\"1483\">\ud83d\udd25 Technologie GaN5 avanc\u00e9e<\/h2>\n<p data-start=\"1485\" data-end=\"1564\">\u2714\ufe0f Format compact<br data-start=\"1502\" data-end=\"1505\" \/>\u2714\ufe0f Moins de chaleur<br data-start=\"1524\" data-end=\"1527\" \/>\u2714\ufe0f Efficacit\u00e9 \u00e9nerg\u00e9tique optimis\u00e9e<\/p>\n<p data-start=\"1566\" data-end=\"1605\">\ud83d\udc49 Plus puissant dans un format r\u00e9duit.<\/p>\n<hr data-start=\"1607\" data-end=\"1610\" \/>\n<h2 data-section-id=\"132xk8j\" data-start=\"1612\" data-end=\"1644\">\ud83d\udcbc Design compact et portable<\/h2>\n<p data-start=\"1646\" data-end=\"1718\">\u2714\ufe0f L\u00e9ger<br data-start=\"1654\" data-end=\"1657\" \/>\u2714\ufe0f Facile \u00e0 transporter<br data-start=\"1680\" data-end=\"1683\" \/>\u2714\ufe0f Id\u00e9al maison, bureau et voyage<\/p>\n<hr data-start=\"1720\" data-end=\"1723\" \/>\n<h2 data-section-id=\"vuwf3y\" data-start=\"1725\" data-end=\"1753\">\ud83d\udee1\ufe0f S\u00e9curit\u00e9 intelligente<\/h2>\n<p data-start=\"1755\" data-end=\"1855\">\u2714\ufe0f Protection contre surtension<br data-start=\"1786\" data-end=\"1789\" \/>\u2714\ufe0f Protection contre surchauffe<br data-start=\"1820\" data-end=\"1823\" \/>\u2714\ufe0f Protection contre surcharge<\/p>\n<p data-start=\"1857\" data-end=\"1887\">\ud83d\udc49 Recharge en toute s\u00e9curit\u00e9.<\/p>\n<hr data-start=\"1889\" data-end=\"1892\" \/>\n<h2 data-section-id=\"1v1r1bo\" data-start=\"1894\" data-end=\"1927\">\u2699\ufe0f CARACT\u00c9RISTIQUES TECHNIQUES<\/h2>\n<p data-start=\"1929\" data-end=\"2070\">\u26a1 Puissance : 20W<br data-start=\"1946\" data-end=\"1949\" \/>\ud83d\udd0c Port : 1x USB-C<br data-start=\"1967\" data-end=\"1970\" \/>\ud83d\udd0b Intensit\u00e9 : 3A<br data-start=\"1987\" data-end=\"1990\" \/>\ud83d\udd25 Technologie : GaN5<br data-start=\"2011\" data-end=\"2014\" \/>\ud83d\udce6 Accessoire : c\u00e2ble USB-C inclus<br data-start=\"2048\" data-end=\"2051\" \/>\ud83c\udfa8 Couleur : Noir<\/p>\n<hr data-start=\"2072\" data-end=\"2075\" \/>\n<h2 data-section-id=\"jniuqf\" data-start=\"2077\" data-end=\"2096\">\ud83d\udcf1 COMPATIBILIT\u00c9<\/h2>\n<p data-start=\"2098\" data-end=\"2188\">\u2714\ufe0f iPhone (charge rapide)<br data-start=\"2123\" data-end=\"2126\" \/>\u2714\ufe0f Smartphones Android<br data-start=\"2148\" data-end=\"2151\" \/>\u2714\ufe0f Tablettes<br data-start=\"2163\" data-end=\"2166\" \/>\u2714\ufe0f Accessoires USB-C<\/p>\n<hr data-start=\"2190\" data-end=\"2193\" \/>\n<h2 data-section-id=\"1m8g89z\" data-start=\"2195\" data-end=\"2229\">\ud83d\udee1\ufe0f PRODUIT ORIGINAL &amp; CERTIFI\u00c9<\/h2>\n<p data-start=\"2231\" data-end=\"2346\">Produit authentique <span class=\"hover:entity-accent entity-underline inline cursor-pointer align-baseline\"><span class=\"whitespace-normal\">Baseus<\/span><\/span><br data-start=\"2288\" data-end=\"2291\" \/>Distribu\u00e9 officiellement en C\u00f4te d\u2019Ivoire par POWERED<\/p>\n<p data-start=\"2348\" data-end=\"2387\">\u2714\ufe0f 100% original<br data-start=\"2364\" data-end=\"2367\" \/>\u2714\ufe0f Qualit\u00e9 premium<\/p>\n<p data-start=\"2389\" data-end=\"2426\">\ud83d\udc49 Site officiel : <strong data-start=\"2408\" data-end=\"2426\"><a class=\"decorated-link cursor-pointer\" target=\"_new\" rel=\"noopener\" data-start=\"2410\" data-end=\"2424\">www.baseus.ci<\/a><\/strong><\/p>\n<hr data-start=\"2428\" data-end=\"2431\" \/>\n<h2 data-section-id=\"grsowy\" data-start=\"2433\" data-end=\"2461\">\ud83d\udee1\ufe0f GARANTIE CONSTRUCTEUR<\/h2>\n<p data-start=\"2463\" data-end=\"2546\">\u2714\ufe0f Jusqu\u2019\u00e0 <strong data-start=\"2474\" data-end=\"2497\">12 mois de garantie<\/strong><br data-start=\"2497\" data-end=\"2500\" \/>\u2714\ufe0f Assistance disponible<br data-start=\"2524\" data-end=\"2527\" \/>\u2714\ufe0f Achat s\u00e9curis\u00e9<\/p>\n<hr data-start=\"2548\" data-end=\"2551\" \/>\n<h2 data-section-id=\"1my3g68\" data-start=\"2553\" data-end=\"2572\">\ud83d\udccd DISPONIBILIT\u00c9<\/h2>\n<p data-start=\"2574\" data-end=\"2670\">\ud83d\udccd Abidjan : Cocody, Plateau, Marcory, Yopougon<br data-start=\"2621\" data-end=\"2624\" \/>\ud83d\ude9a Livraison rapide partout en C\u00f4te d\u2019Ivoire<\/p>\n<hr data-start=\"2672\" data-end=\"2675\" \/>\n<h2 data-section-id=\"1oiia5p\" data-start=\"2677\" data-end=\"2713\">\ud83c\udfaf POURQUOI CHOISIR CE CHARGEUR ?<\/h2>\n<p data-start=\"2715\" data-end=\"2835\">\u2714\ufe0f Compact et puissant<br data-start=\"2737\" data-end=\"2740\" \/>\u2714\ufe0f C\u00e2ble inclus (solution compl\u00e8te)<br data-start=\"2775\" data-end=\"2778\" \/>\u2714\ufe0f Charge rapide fiable<br data-start=\"2801\" data-end=\"2804\" \/>\u2714\ufe0f Id\u00e9al pour usage quotidien<\/p>\n<hr data-start=\"2837\" data-end=\"2840\" \/>\n<h2 data-section-id=\"h1idu2\" data-start=\"2842\" data-end=\"2868\">\ud83d\udd25 COMMANDEZ MAINTENANT<\/h2>\n<p data-start=\"2870\" data-end=\"2916\">Stock disponible \u26a0\ufe0f<br data-start=\"2889\" data-end=\"2892\" \/>\ud83d\udc49 Livraison rapide \ud83d\ude80<\/p>\n","protected":false},"excerpt":{"rendered":"<p data-start=\"360\" data-end=\"469\">Rechargez rapidement vos appareils avec le chargeur mural <strong data-start=\"418\" data-end=\"468\">20W <span class=\"hover:entity-accent entity-underline inline cursor-pointer align-baseline\"><span class=\"whitespace-normal\">Baseus<\/span><\/span> GaN5<\/strong>.<\/p>\n<p data-start=\"471\" data-end=\"615\">\u26a1 Charge rapide 20W (Power Delivery)<br data-start=\"507\" data-end=\"510\" \/>\ud83d\udd0c Port USB-C + c\u00e2ble inclus<br data-start=\"538\" data-end=\"541\" \/>\ud83d\udd25 Technologie GaN compacte et efficace<br data-start=\"580\" data-end=\"583\" \/>\ud83d\udcf1 Compatible iPhone &amp; Android<\/p>\n<p data-start=\"617\" data-end=\"739\">\ud83d\udee1\ufe0f Produit 100% original certifi\u00e9 \u2013 Garantie jusqu\u2019\u00e0 12 mois<br data-start=\"678\" data-end=\"681\" \/>\ud83d\udccd Disponible \u00e0 Abidjan \u2013 Livraison rapide C\u00f4te d\u2019Ivoire<\/p>\n","protected":false},"featured_media":11304,"comment_status":"open","ping_status":"closed","template":"","meta":[],"product_cat":[95],"product_tag":[],"class_list":{"0":"post-9871","1":"product","2":"type-product","3":"status-publish","4":"has-post-thumbnail","6":"product_cat-chargeurs","8":"first","9":"instock","10":"shipping-taxable","11":"purchasable","12":"product-type-simple"},"jetpack_sharing_enabled":true,"_links":{"self":[{"href":"https:\/\/baseus.ci\/index.php\/wp-json\/wp\/v2\/product\/9871","targetHints":{"allow":["GET"]}}],"collection":[{"href":"https:\/\/baseus.ci\/index.php\/wp-json\/wp\/v2\/product"}],"about":[{"href":"https:\/\/baseus.ci\/index.php\/wp-json\/wp\/v2\/types\/product"}],"replies":[{"embeddable":true,"href":"https:\/\/baseus.ci\/index.php\/wp-json\/wp\/v2\/comments?post=9871"}],"wp:featuredmedia":[{"embeddable":true,"href":"https:\/\/baseus.ci\/index.php\/wp-json\/wp\/v2\/media\/11304"}],"wp:attachment":[{"href":"https:\/\/baseus.ci\/index.php\/wp-json\/wp\/v2\/media?parent=9871"}],"wp:term":[{"taxonomy":"product_cat","embeddable":true,"href":"https:\/\/baseus.ci\/index.php\/wp-json\/wp\/v2\/product_cat?post=9871"},{"taxonomy":"product_tag","embeddable":true,"href":"https:\/\/baseus.ci\/index.php\/wp-json\/wp\/v2\/product_tag?post=9871"}],"curies":[{"name":"wp","href":"https:\/\/api.w.org\/{rel}","templated":true}]}}