{"id":9738,"date":"2025-09-14T01:21:38","date_gmt":"2025-09-13T23:21:38","guid":{"rendered":"http:\/\/localhost\/baseusci\/?post_type=product&#038;p=9738"},"modified":"2026-03-20T20:22:37","modified_gmt":"2026-03-20T19:22:37","slug":"dispositif-anti-perte-baseus-intelligent-t2-blanc-zlfdqt2-02","status":"publish","type":"product","link":"https:\/\/baseus.ci\/index.php\/product\/dispositif-anti-perte-baseus-intelligent-t2-blanc-zlfdqt2-02\/","title":{"rendered":"Dispositif anti-perte Baseus Intelligent T2 Blanc ZLFDQT2-02"},"content":{"rendered":"<table width=\"270\">\n<tbody>\n<tr>\n<td width=\"270\">Accueil GPS et accessoires GPS de v\u00e9hicule Baseus ZLFDQT2-02 Mini traqueur d&rsquo;alarme anti-perte intelligent sans fil localisateur de cl\u00e9 intelligente localisateur GPS sac pour enfant d\u00e9tecteur de portefeuille \u00e9tiquette d&rsquo;alarme anti-perte Bluetooth<br \/>\nBaseus ZLFDQT2-02 Mini traqueur d&rsquo;alarme anti-perte intelligent sans fil localisateur de cl\u00e9 intelligente localisateur GPS sac pour enfant d\u00e9tecteur de portefeuille \u00e9tiquette d&rsquo;alarme anti-perte Bluetooth<br \/>\nD\u00e9tails du produit:<br \/>\n100% neuf de l&rsquo;usine et de haute qualit\u00e9<br \/>\nPrix \u200b\u200b\u00e9conomique<br \/>\nVendu et exp\u00e9di\u00e9 depuis Singapour (d&rsquo;o\u00f9 une livraison plus rapide, facile \u00e0 \u00e9changer)<br \/>\nMarque : Baseus<br \/>\nMod\u00e8le : ZLFDQT2-02<br \/>\nSp\u00e9cifications :<br \/>\nNum\u00e9ro de mod\u00e8le : traqueurs intelligents<br \/>\nLangue d&rsquo;utilisation : anglais<br \/>\nType : \u00e9tiquette de rappel perdue, recherche intelligente<br \/>\nCaract\u00e9ristique 1 : Localisateur GPS<br \/>\nCaract\u00e9ristique 2 : alarme anti-perte<br \/>\nCompatibilit\u00e9 : tous compatibles<br \/>\nTypes: Type de carte T1\/Type de corde T2<br \/>\nFonction : t\u00e9l\u00e9commande<br \/>\nMat\u00e9riel: PC<br \/>\nTension nominale : 3 V<br \/>\nCourant nominal : 3,3 mA<br \/>\nPuissance nominale : 10uW<br \/>\nVolume : 80-100dB<br \/>\nType mini : mini traqueur intelligent, mini traqueur GPS<br \/>\nTraqueur Bluetooth : traqueur Bluetooth sans fil<br \/>\nBalise intelligente : Balise intelligente d&rsquo;alarme anti-perte<br \/>\nAppareil : traqueur intelligent pour enfants, recherche de portefeuille, anti-perte<\/td>\n<\/tr>\n<\/tbody>\n<\/table>\n","protected":false},"excerpt":{"rendered":"<p>Accueil GPS et accessoires GPS de v\u00e9hicule Baseus ZLFDQT2-02 Mini traqueur d&rsquo;alarme anti-perte intelligent sans fil localisateur de cl\u00e9 intelligente localisateur GPS sac pour enfant d\u00e9tecteur de portefeuille \u00e9tiquette d&rsquo;alarme anti-perte Bluetooth Baseus ZLFDQT2-02 Mini traqueur d&rsquo;alarme anti-perte intelligent sans fil localisateur de cl\u00e9 intelligente localisateur GPS sac pour enfant d\u00e9tecteur de portefeuille \u00e9tiquette d&rsquo;alarme [&hellip;]<\/p>\n","protected":false},"featured_media":9960,"comment_status":"open","ping_status":"closed","template":"","meta":[],"product_cat":[15],"product_tag":[],"class_list":{"0":"post-9738","1":"product","2":"type-product","3":"status-publish","4":"has-post-thumbnail","6":"product_cat-uncategorized","8":"first","9":"outofstock","10":"shipping-taxable","11":"purchasable","12":"product-type-simple"},"jetpack_sharing_enabled":true,"_links":{"self":[{"href":"https:\/\/baseus.ci\/index.php\/wp-json\/wp\/v2\/product\/9738","targetHints":{"allow":["GET"]}}],"collection":[{"href":"https:\/\/baseus.ci\/index.php\/wp-json\/wp\/v2\/product"}],"about":[{"href":"https:\/\/baseus.ci\/index.php\/wp-json\/wp\/v2\/types\/product"}],"replies":[{"embeddable":true,"href":"https:\/\/baseus.ci\/index.php\/wp-json\/wp\/v2\/comments?post=9738"}],"wp:featuredmedia":[{"embeddable":true,"href":"https:\/\/baseus.ci\/index.php\/wp-json\/wp\/v2\/media\/9960"}],"wp:attachment":[{"href":"https:\/\/baseus.ci\/index.php\/wp-json\/wp\/v2\/media?parent=9738"}],"wp:term":[{"taxonomy":"product_cat","embeddable":true,"href":"https:\/\/baseus.ci\/index.php\/wp-json\/wp\/v2\/product_cat?post=9738"},{"taxonomy":"product_tag","embeddable":true,"href":"https:\/\/baseus.ci\/index.php\/wp-json\/wp\/v2\/product_tag?post=9738"}],"curies":[{"name":"wp","href":"https:\/\/api.w.org\/{rel}","templated":true}]}}