{"id":9678,"date":"2025-09-14T01:20:08","date_gmt":"2025-09-13T23:20:08","guid":{"rendered":"http:\/\/localhost\/baseusci\/?post_type=product&#038;p=9678"},"modified":"2026-04-01T15:40:03","modified_gmt":"2026-04-01T13:40:03","slug":"etui-etanche-baseus-smartphone-protection-eau-piscine-pluie-a-abidjan-cote-divoire","status":"publish","type":"product","link":"https:\/\/baseus.ci\/index.php\/product\/etui-etanche-baseus-smartphone-protection-eau-piscine-pluie-a-abidjan-cote-divoire\/","title":{"rendered":"\u00c9tui \u00e9tanche Baseus smartphone \u2013 Protection eau piscine &#038; pluie \u00e0 Abidjan (C\u00f4te d\u2019Ivoire)"},"content":{"rendered":"<p data-start=\"273\" data-end=\"520\">Prot\u00e9gez votre t\u00e9l\u00e9phone contre l\u2019eau avec l\u2019\u00e9tui \u00e9tanche Baseus ACFSD-D24. Id\u00e9al pour piscine, plage et pluie, il garantit une protection totale tout en permettant l\u2019utilisation de l\u2019\u00e9cran tactile.<br data-start=\"471\" data-end=\"474\" \/>\ud83d\udccd Disponible \u00e0 Abidjan avec livraison rapide.<\/p>\n<h1 data-section-id=\"43umeh\" data-start=\"527\" data-end=\"585\"><\/h1>\n<h2 data-section-id=\"1l591g4\" data-start=\"587\" data-end=\"616\">\ud83d\udca7 Protection 100% \u00e9tanche<\/h2>\n<p data-start=\"617\" data-end=\"685\">L\u2019\u00e9tui \u00e9tanche Baseus prot\u00e8ge efficacement votre smartphone contre :<\/p>\n<ul data-start=\"686\" data-end=\"738\">\n<li data-section-id=\"1u4x4jw\" data-start=\"686\" data-end=\"695\">L\u2019eau<\/li>\n<li data-section-id=\"ie7tsw\" data-start=\"696\" data-end=\"708\">La pluie<\/li>\n<li data-section-id=\"vrnpo8\" data-start=\"709\" data-end=\"721\">Le sable<\/li>\n<li data-section-id=\"1x8gygp\" data-start=\"722\" data-end=\"738\">La poussi\u00e8re<\/li>\n<\/ul>\n<p data-start=\"740\" data-end=\"787\">Parfait pour toutes vos activit\u00e9s en ext\u00e9rieur.<\/p>\n<hr data-start=\"789\" data-end=\"792\" \/>\n<h2 data-section-id=\"2k5y2t\" data-start=\"794\" data-end=\"845\">\ud83d\udcf1 Utilisation tactile sans retirer le t\u00e9l\u00e9phone<\/h2>\n<p data-start=\"846\" data-end=\"898\">Gr\u00e2ce \u00e0 sa membrane transparente haute sensibilit\u00e9 :<\/p>\n<ul data-start=\"899\" data-end=\"990\">\n<li data-section-id=\"tcxyfe\" data-start=\"899\" data-end=\"933\">Utilisation de l\u2019\u00e9cran tactile<\/li>\n<li data-section-id=\"1mm5t04\" data-start=\"934\" data-end=\"963\">Prise de photos et vid\u00e9os<\/li>\n<li data-section-id=\"uwl7h3\" data-start=\"964\" data-end=\"990\">Acc\u00e8s aux applications<\/li>\n<\/ul>\n<hr data-start=\"992\" data-end=\"995\" \/>\n<h2 data-section-id=\"l8azf\" data-start=\"997\" data-end=\"1039\">\ud83c\udfd6\ufe0f Id\u00e9al pour piscine, plage et voyage<\/h2>\n<p data-start=\"1040\" data-end=\"1084\">Utilisez votre t\u00e9l\u00e9phone en toute s\u00e9curit\u00e9 :<\/p>\n<ul data-start=\"1085\" data-end=\"1148\">\n<li data-section-id=\"1esluj2\" data-start=\"1085\" data-end=\"1101\">\u00c0 la piscine<\/li>\n<li data-section-id=\"10cw4ai\" data-start=\"1102\" data-end=\"1116\">\u00c0 la plage<\/li>\n<li data-section-id=\"13ealga\" data-start=\"1117\" data-end=\"1134\">Sous la pluie<\/li>\n<li data-section-id=\"1575nph\" data-start=\"1135\" data-end=\"1148\">En bateau<\/li>\n<\/ul>\n<hr data-start=\"1150\" data-end=\"1153\" \/>\n<h2 data-section-id=\"alb3c4\" data-start=\"1155\" data-end=\"1190\">\ud83d\udd12 Syst\u00e8me de fermeture s\u00e9curis\u00e9<\/h2>\n<p data-start=\"1191\" data-end=\"1276\">\u00c9quip\u00e9 d\u2019un syst\u00e8me de verrouillage herm\u00e9tique pour garantir une \u00e9tanch\u00e9it\u00e9 parfaite.<\/p>\n<hr data-start=\"1278\" data-end=\"1281\" \/>\n<h2 data-section-id=\"1qplikf\" data-start=\"1283\" data-end=\"1318\">\ud83c\udf92 L\u00e9ger et facile \u00e0 transporter<\/h2>\n<ul data-start=\"1319\" data-end=\"1387\">\n<li data-section-id=\"fdzjvz\" data-start=\"1319\" data-end=\"1330\">Compact<\/li>\n<li data-section-id=\"1w6yzvy\" data-start=\"1331\" data-end=\"1364\">Livr\u00e9 avec cordon tour de cou<\/li>\n<li data-section-id=\"1svxq8k\" data-start=\"1365\" data-end=\"1387\">Transport pratique<\/li>\n<\/ul>\n<hr data-start=\"1389\" data-end=\"1392\" \/>\n<h2 data-section-id=\"1ovcf2h\" data-start=\"1394\" data-end=\"1425\">\ud83d\udccf Compatibilit\u00e9 universelle<\/h2>\n<p data-start=\"1426\" data-end=\"1466\">Convient \u00e0 la majorit\u00e9 des smartphones :<\/p>\n<ul data-start=\"1467\" data-end=\"1511\">\n<li data-section-id=\"1fauvp9\" data-start=\"1467\" data-end=\"1477\">iPhone<\/li>\n<li data-section-id=\"1nxllmg\" data-start=\"1478\" data-end=\"1489\">Samsung<\/li>\n<li data-section-id=\"1q2im6r\" data-start=\"1490\" data-end=\"1500\">Xiaomi<\/li>\n<li data-section-id=\"1eju8jz\" data-start=\"1501\" data-end=\"1511\">Huawei<\/li>\n<\/ul>\n<hr data-start=\"1513\" data-end=\"1516\" \/>\n<h2 data-section-id=\"12wokia\" data-start=\"1518\" data-end=\"1557\">\ud83d\udee1\ufe0f Produit original certifi\u00e9 Baseus<\/h2>\n<p data-start=\"1558\" data-end=\"1630\">\u2714\ufe0f 100% authentique<br data-start=\"1577\" data-end=\"1580\" \/>\u2714\ufe0f Haute qualit\u00e9 garantie<br data-start=\"1605\" data-end=\"1608\" \/>\u2714\ufe0f \u00c9tanch\u00e9it\u00e9 test\u00e9e<\/p>\n<p data-start=\"1632\" data-end=\"1689\">\ud83c\udf10 Le site officiel de la marque est : <strong data-start=\"1671\" data-end=\"1689\"><a class=\"decorated-link cursor-pointer\" target=\"_new\" rel=\"noopener\" data-start=\"1673\" data-end=\"1687\">www.baseus.ci<\/a><\/strong><\/p>\n<hr data-start=\"1691\" data-end=\"1694\" \/>\n<h1 data-section-id=\"8fipsp\" data-start=\"1696\" data-end=\"1743\"><span role=\"text\">\u2699\ufe0f <strong data-start=\"1701\" data-end=\"1743\">Caract\u00e9ristiques techniques d\u00e9taill\u00e9es<\/strong><\/span><\/h1>\n<ul data-start=\"1745\" data-end=\"2192\">\n<li data-section-id=\"iin2im\" data-start=\"1745\" data-end=\"1768\"><strong data-start=\"1747\" data-end=\"1759\">Marque :<\/strong> Baseus<\/li>\n<li data-section-id=\"ymsnbd\" data-start=\"1769\" data-end=\"1795\"><strong data-start=\"1771\" data-end=\"1783\">Mod\u00e8le :<\/strong> ACFSD-D24<\/li>\n<li data-section-id=\"1eib0y\" data-start=\"1796\" data-end=\"1834\"><strong data-start=\"1798\" data-end=\"1808\">Type :<\/strong> \u00c9tui \u00e9tanche smartphone<\/li>\n<li data-section-id=\"1gsjl7w\" data-start=\"1835\" data-end=\"1893\"><strong data-start=\"1837\" data-end=\"1851\">Fonction :<\/strong> Protection contre l\u2019eau et la poussi\u00e8re<\/li>\n<li data-section-id=\"snpue3\" data-start=\"1894\" data-end=\"1933\"><strong data-start=\"1896\" data-end=\"1912\">\u00c9tanch\u00e9it\u00e9 :<\/strong> Oui (niveau \u00e9lev\u00e9)<\/li>\n<li data-section-id=\"bmhskq\" data-start=\"1934\" data-end=\"1963\"><strong data-start=\"1936\" data-end=\"1951\">Mat\u00e9riaux :<\/strong> PVC + ABS<\/li>\n<li data-section-id=\"nog3zu\" data-start=\"1964\" data-end=\"2011\"><strong data-start=\"1966\" data-end=\"1981\">Fermeture :<\/strong> Syst\u00e8me s\u00e9curis\u00e9 herm\u00e9tique<\/li>\n<li data-section-id=\"vmryey\" data-start=\"2012\" data-end=\"2078\"><strong data-start=\"2014\" data-end=\"2033\">Compatibilit\u00e9 :<\/strong> Smartphones jusqu\u2019\u00e0 environ 6.5 \u2013 7 pouces<\/li>\n<li data-section-id=\"1wv64xi\" data-start=\"2079\" data-end=\"2125\"><strong data-start=\"2081\" data-end=\"2097\">Accessoire :<\/strong> Cordon tour de cou inclus<\/li>\n<li data-section-id=\"q09nd9\" data-start=\"2126\" data-end=\"2192\"><strong data-start=\"2128\" data-end=\"2145\">Utilisation :<\/strong> Piscine, plage, pluie, activit\u00e9s ext\u00e9rieures<\/li>\n<\/ul>\n","protected":false},"excerpt":{"rendered":"<p>Prot\u00e9gez votre t\u00e9l\u00e9phone contre l\u2019eau avec l\u2019\u00e9tui \u00e9tanche Baseus ACFSD-D24. Id\u00e9al pour piscine, plage et pluie, il garantit une protection totale tout en permettant l\u2019utilisation de l\u2019\u00e9cran tactile.\ud83d\udccd Disponible \u00e0 Abidjan avec livraison rapide. \ud83d\udca7 Protection 100% \u00e9tanche L\u2019\u00e9tui \u00e9tanche Baseus prot\u00e8ge efficacement votre smartphone contre : L\u2019eau La pluie Le sable La poussi\u00e8re Parfait [&hellip;]<\/p>\n","protected":false},"featured_media":9940,"comment_status":"open","ping_status":"closed","template":"","meta":[],"product_cat":[80,78],"product_tag":[],"class_list":{"0":"post-9678","1":"product","2":"type-product","3":"status-publish","4":"has-post-thumbnail","6":"product_cat-accessoires-divers","7":"product_cat-home3","9":"first","10":"instock","11":"shipping-taxable","12":"purchasable","13":"product-type-simple"},"jetpack_sharing_enabled":true,"_links":{"self":[{"href":"https:\/\/baseus.ci\/index.php\/wp-json\/wp\/v2\/product\/9678","targetHints":{"allow":["GET"]}}],"collection":[{"href":"https:\/\/baseus.ci\/index.php\/wp-json\/wp\/v2\/product"}],"about":[{"href":"https:\/\/baseus.ci\/index.php\/wp-json\/wp\/v2\/types\/product"}],"replies":[{"embeddable":true,"href":"https:\/\/baseus.ci\/index.php\/wp-json\/wp\/v2\/comments?post=9678"}],"wp:featuredmedia":[{"embeddable":true,"href":"https:\/\/baseus.ci\/index.php\/wp-json\/wp\/v2\/media\/9940"}],"wp:attachment":[{"href":"https:\/\/baseus.ci\/index.php\/wp-json\/wp\/v2\/media?parent=9678"}],"wp:term":[{"taxonomy":"product_cat","embeddable":true,"href":"https:\/\/baseus.ci\/index.php\/wp-json\/wp\/v2\/product_cat?post=9678"},{"taxonomy":"product_tag","embeddable":true,"href":"https:\/\/baseus.ci\/index.php\/wp-json\/wp\/v2\/product_tag?post=9678"}],"curies":[{"name":"wp","href":"https:\/\/api.w.org\/{rel}","templated":true}]}}