{"id":9656,"date":"2025-09-14T01:19:42","date_gmt":"2025-09-13T23:19:42","guid":{"rendered":"http:\/\/localhost\/baseusci\/?post_type=product&#038;p=9656"},"modified":"2026-03-22T01:16:33","modified_gmt":"2026-03-22T00:16:33","slug":"chargeur-voiture-baseus-2x-usb-4-8a-24w-avec-lcd-argent-ccbx-0s","status":"publish","type":"product","link":"https:\/\/baseus.ci\/index.php\/product\/chargeur-voiture-baseus-2x-usb-4-8a-24w-avec-lcd-argent-ccbx-0s\/","title":{"rendered":"Chargeur voiture Baseus 2x USB 4.8A 24W avec LCD argent CCBX-0S"},"content":{"rendered":"<table width=\"270\">\n<tbody>\n<tr>\n<td width=\"270\">Chargeur de voiture double USB 4,8 A \u00e0 affichage num\u00e9rique ASEUS 24 W<\/p>\n<p>Charge rapide \u00e0 double port 4,8 A, prend en charge deux appareils en charge en m\u00eame temps.<br \/>\nAffichage num\u00e9rique intelligent de la tension de la batterie du moniteur, visualisation en temps r\u00e9el de l&rsquo;\u00e9tat de sant\u00e9 de la voiture<br \/>\nUniversel pour les mod\u00e8les de voitures 12V-24V, y compris les voitures, les v\u00e9hicules tout-terrain, les gros camions, etc.<br \/>\nMat\u00e9riau en alliage de haute qualit\u00e9 avec une apparence adorable et une excellente texture<br \/>\nSp\u00e9cification:<\/p>\n<p>Mod\u00e8le : VCBXA<br \/>\nMat\u00e9riau : Alliage d&rsquo;aluminium<br \/>\nEntr\u00e9e : CC 12-24 V<br \/>\nSortie USB 1 : 5 V-2,4 A<br \/>\nSortie USB 1 : 5 V-2,4 A<br \/>\nSortie USB 1 + USB 2 : 5 V-4,8 A<br \/>\nTaille : 34 mm * 59,4 mm<br \/>\nPoids : 28 g<br \/>\nEmballage inclus:<\/p>\n<p>1 x chargeur de voiture<br \/>\n1 x manuel d&rsquo;utilisation en anglais et en chinois<br \/>\nAutres articles non inclus<\/td>\n<\/tr>\n<\/tbody>\n<\/table>\n","protected":false},"excerpt":{"rendered":"<p>Chargeur de voiture double USB 4,8 A \u00e0 affichage num\u00e9rique ASEUS 24 W Charge rapide \u00e0 double port 4,8 A, prend en charge deux appareils en charge en m\u00eame temps. Affichage num\u00e9rique intelligent de la tension de la batterie du moniteur, visualisation en temps r\u00e9el de l&rsquo;\u00e9tat de sant\u00e9 de la voiture Universel pour les [&hellip;]<\/p>\n","protected":false},"featured_media":9902,"comment_status":"open","ping_status":"closed","template":"","meta":[],"product_cat":[73],"product_tag":[],"class_list":{"0":"post-9656","1":"product","2":"type-product","3":"status-publish","4":"has-post-thumbnail","6":"product_cat-in-auto","8":"first","9":"instock","10":"shipping-taxable","11":"purchasable","12":"product-type-simple"},"jetpack_sharing_enabled":true,"_links":{"self":[{"href":"https:\/\/baseus.ci\/index.php\/wp-json\/wp\/v2\/product\/9656","targetHints":{"allow":["GET"]}}],"collection":[{"href":"https:\/\/baseus.ci\/index.php\/wp-json\/wp\/v2\/product"}],"about":[{"href":"https:\/\/baseus.ci\/index.php\/wp-json\/wp\/v2\/types\/product"}],"replies":[{"embeddable":true,"href":"https:\/\/baseus.ci\/index.php\/wp-json\/wp\/v2\/comments?post=9656"}],"wp:featuredmedia":[{"embeddable":true,"href":"https:\/\/baseus.ci\/index.php\/wp-json\/wp\/v2\/media\/9902"}],"wp:attachment":[{"href":"https:\/\/baseus.ci\/index.php\/wp-json\/wp\/v2\/media?parent=9656"}],"wp:term":[{"taxonomy":"product_cat","embeddable":true,"href":"https:\/\/baseus.ci\/index.php\/wp-json\/wp\/v2\/product_cat?post=9656"},{"taxonomy":"product_tag","embeddable":true,"href":"https:\/\/baseus.ci\/index.php\/wp-json\/wp\/v2\/product_tag?post=9656"}],"curies":[{"name":"wp","href":"https:\/\/api.w.org\/{rel}","templated":true}]}}