{"id":9655,"date":"2025-09-14T01:19:42","date_gmt":"2025-09-13T23:19:42","guid":{"rendered":"http:\/\/localhost\/baseusci\/?post_type=product&#038;p=9655"},"modified":"2026-03-22T01:16:40","modified_gmt":"2026-03-22T00:16:40","slug":"baseus-support-de-telephone-de-vehicule-pour-siege-arriere-appui-tete-suhz-a01","status":"publish","type":"product","link":"https:\/\/baseus.ci\/index.php\/product\/baseus-support-de-telephone-de-vehicule-pour-siege-arriere-appui-tete-suhz-a01\/","title":{"rendered":"Baseus support de telephone de vehicule pour siege arriere appui tete SUHZ-A01"},"content":{"rendered":"<table width=\"270\">\n<tbody>\n<tr>\n<td width=\"270\">Baseus Support de v\u00e9hicule pour si\u00e8ge arri\u00e8re Support de t\u00e9l\u00e9phone pour voiture 4,0 \u00ab\u00a0-6,5\u00a0\u00bb pour l&rsquo;appui-t\u00eate noir (SUHZ-A01)<br \/>\nVous parcourez souvent de longues distances en emmenant des passagers avec vous ? Vous pouvez leur offrir un plus grand confort aujourd&rsquo;hui gr\u00e2ce au support de t\u00e9l\u00e9phone 2 en 1 avec crochet pratique de Baseus. Fix\u00e9 \u00e0 l&rsquo;appui-t\u00eate, il vous permettra de regarder des films et de garder la banquette arri\u00e8re bien rang\u00e9e.<br \/>\nSp\u00e9cification:Mod\u00e8le ? : Crochet de support de t\u00e9l\u00e9phone de v\u00e9hicule de banquette arri\u00e8re<br \/>\nMat\u00e9riel ?: plastique, TPE, ABS, aluminium<br \/>\nType de montage ?: pince<br \/>\nEmplacement d&rsquo;installation ? : appui-t\u00eate de si\u00e8ge de voiture<br \/>\nCompatibilit\u00e9 ? : appareils d&rsquo;une largeur de 64-90 mm<br \/>\nCINTRE \/ CROCHET \u2013 ORDRE ET ORGANISATION PARFAITE DANS LA VOITURE<br \/>\nVous aimez l\u2019ordre dans votre voiture et vous souciez du confort de vos passagers ? Un pratique ? poign\u00e9e fix\u00e9e \u00e0 l&rsquo;appui-t\u00eate de la chaise les garantira certainement. C&rsquo;est un accessoire, de nombreuses possibilit\u00e9s. Gr\u00e2ce \u00e0 la combinaison d&rsquo;un crochet massif et d&rsquo;un support de t\u00e9l\u00e9phone r\u00e9glable, vous pouvez y accrocher un sac contenant de la nourriture, un sac \u00e0 main pour femme, un parapluie ou une bouteille de boisson. Les objets inutiles n&rsquo;occupent pas non plus vos mains.<br \/>\nSUPPORT DE T\u00c9L\u00c9PHONE \u2013 DIVERTISSEMENT PENDANT UN LONG VOYAGE<br \/>\nUn support de t\u00e9l\u00e9phone pratique permettra un montage stable de l&rsquo;appareil dans lequel vos passagers regarderont un film ou un programme sur la t\u00e9l\u00e9vision mobile. Le r\u00e9glage en hauteur favorise le placement ? appareils d&rsquo;une largeur de 64 mm \u00e0 90 mm ?dans le support. Gr\u00e2ce aux inserts en silicone, le support n&rsquo;endommage pas les pi\u00e8ces de la voiture ou le t\u00e9l\u00e9phone.<br \/>\nINSTALLATION SIMPLE ET S\u00dbRE<br \/>\nVous n&rsquo;avez pas \u00e0 vous soucier du montage, qui est tr\u00e8s simple et ne n\u00e9cessite aucun outil. Deux \u00e9tapes simples suffisent pour l&rsquo;installer, sans avoir \u00e0 retirer l&rsquo;appui-t\u00eate. Le support est compatible avec 99 % des mod\u00e8les de voitures disponibles sur le march\u00e9. Il est esth\u00e9tique et discret, mais aussi extr\u00eamement durable. Les bras pliables le rendent \u00e9galement discret et discret lorsqu&rsquo;il n&rsquo;est pas utilis\u00e9.<br \/>\nChoisissez un support de voiture Baseus avec un crochet con\u00e7u pour \u00eatre mont\u00e9 sur l&rsquo;appui-t\u00eate du si\u00e8ge, et vous maintiendrez facilement l&rsquo;ordre dans la voiture et garantirez le confort des passagers.<\/td>\n<\/tr>\n<\/tbody>\n<\/table>\n","protected":false},"excerpt":{"rendered":"<p>Baseus Support de v\u00e9hicule pour si\u00e8ge arri\u00e8re Support de t\u00e9l\u00e9phone pour voiture 4,0 \u00ab\u00a0-6,5\u00a0\u00bb pour l&rsquo;appui-t\u00eate noir (SUHZ-A01) Vous parcourez souvent de longues distances en emmenant des passagers avec vous ? Vous pouvez leur offrir un plus grand confort aujourd&rsquo;hui gr\u00e2ce au support de t\u00e9l\u00e9phone 2 en 1 avec crochet pratique de Baseus. Fix\u00e9 \u00e0 [&hellip;]<\/p>\n","protected":false},"featured_media":9890,"comment_status":"open","ping_status":"closed","template":"","meta":[],"product_cat":[73],"product_tag":[],"class_list":{"0":"post-9655","1":"product","2":"type-product","3":"status-publish","4":"has-post-thumbnail","6":"product_cat-in-auto","8":"first","9":"instock","10":"shipping-taxable","11":"purchasable","12":"product-type-simple"},"jetpack_sharing_enabled":true,"_links":{"self":[{"href":"https:\/\/baseus.ci\/index.php\/wp-json\/wp\/v2\/product\/9655","targetHints":{"allow":["GET"]}}],"collection":[{"href":"https:\/\/baseus.ci\/index.php\/wp-json\/wp\/v2\/product"}],"about":[{"href":"https:\/\/baseus.ci\/index.php\/wp-json\/wp\/v2\/types\/product"}],"replies":[{"embeddable":true,"href":"https:\/\/baseus.ci\/index.php\/wp-json\/wp\/v2\/comments?post=9655"}],"wp:featuredmedia":[{"embeddable":true,"href":"https:\/\/baseus.ci\/index.php\/wp-json\/wp\/v2\/media\/9890"}],"wp:attachment":[{"href":"https:\/\/baseus.ci\/index.php\/wp-json\/wp\/v2\/media?parent=9655"}],"wp:term":[{"taxonomy":"product_cat","embeddable":true,"href":"https:\/\/baseus.ci\/index.php\/wp-json\/wp\/v2\/product_cat?post=9655"},{"taxonomy":"product_tag","embeddable":true,"href":"https:\/\/baseus.ci\/index.php\/wp-json\/wp\/v2\/product_tag?post=9655"}],"curies":[{"name":"wp","href":"https:\/\/api.w.org\/{rel}","templated":true}]}}