{"id":9635,"date":"2025-09-14T01:19:17","date_gmt":"2025-09-13T23:19:17","guid":{"rendered":"http:\/\/localhost\/baseusci\/?post_type=product&#038;p=9635"},"modified":"2026-03-20T20:23:10","modified_gmt":"2026-03-20T19:23:10","slug":"support-de-telephone-magnetique-baseus-c02-cluster-noir-cable-et-chargeur-inclus","status":"publish","type":"product","link":"https:\/\/baseus.ci\/index.php\/product\/support-de-telephone-magnetique-baseus-c02-cluster-noir-cable-et-chargeur-inclus\/","title":{"rendered":"Support de t\u00e9l\u00e9phone magn\u00e9tique Baseus C02 Cluster Noir (c\u00e2ble et chargeur inclus)"},"content":{"rendered":"<p>Le support de t\u00e9l\u00e9phone magn\u00e9tique pour voiture Baseus C02 est un support de voiture MagSafe solide, stable et polyvalent qui est compatible avec tous les mod\u00e8les des s\u00e9ries iPhone 12, 13 et 14, ainsi qu\u2019avec tous les autres mod\u00e8les iPhone et Android avec l\u2019autocollant en anneau m\u00e9tallique inclus. Il est dot\u00e9 d\u2019un bras en alliage de titane \u00e0 m\u00e9moire de forme pliable qui peut \u00eatre install\u00e9 sur n\u2019importe quel tableau de bord, console centrale ou derri\u00e8re le volant. Le support pivote \u00e9galement \u00e0 360 degr\u00e9s pour que vous puissiez positionner votre t\u00e9l\u00e9phone dans l\u2019angle de votre choix.<\/p>\n<p>Am\u00e9liorez l\u2019int\u00e9rieur de votre voiture avec le support de voiture Baseus \u00e9l\u00e9gant et polyvalent. Con\u00e7u pour s\u2019adapter \u00e0 tous les types de voitures, il offre une flexibilit\u00e9 pour diff\u00e9rents sc\u00e9narios d\u2019installation et est compatible avec tous les mod\u00e8les de t\u00e9l\u00e9phone, y compris les s\u00e9ries iPhone 12, 13 et 14. Gr\u00e2ce \u00e0 sa forte attraction magn\u00e9tique, il offre un maintien s\u00fbr sur n\u2019importe quelle surface de route.<\/p>\n<ul>\n<li><strong>Support magn\u00e9tique pour t\u00e9l\u00e9phone portable et iPhone Baseus pour voiture<\/strong><\/li>\n<li><strong>Conception pliable avec fixation magn\u00e9tique<\/strong><\/li>\n<li><strong>Disponible \u00e0 de nombreux endroits sur la voiture<\/strong><\/li>\n<li><strong>Le mini aimant peut \u00eatre adapt\u00e9 avec pr\u00e9cision \u00e0 toutes les s\u00e9ries d\u2019iPhone<\/strong><\/li>\n<li><strong>Base sur bobine iPhone d\u2019un diam\u00e8tre allant jusqu\u2019\u00e0 60 mm, fixation magn\u00e9tique plus forte pour t\u00e9l\u00e9phone<\/strong><\/li>\n<li><strong>Conception pliable pour diff\u00e9rents angles de vue<\/strong><\/li>\n<li><strong>Int\u00e9rieur en nickel titane, \u00e9lastique et pliable<\/strong><\/li>\n<\/ul>\n<p><strong>Points forts<\/strong><\/p>\n<ul>\n<li><strong>SUPPORT DE VOITURE MAGSAFE R\u00c9SISTANT :<\/strong>\u00a0Sp\u00e9cialement con\u00e7u pour s\u2019adapter parfaitement aux s\u00e9ries Magsafe iPhone 12, 13, 14, avec une adsorption serr\u00e9e et une attraction magn\u00e9tique stable jusqu\u2019\u00e0 25 N. Pour les mod\u00e8les iPhone et Android non Magsafe, un autocollant en anneau m\u00e9tallique a \u00e9t\u00e9 inclus pour l\u2019attraction magn\u00e9tique<\/li>\n<li><strong>SUPPORT DE TABLEAU DE BORD MAGSAFE STABLE ET S\u00c9CURIS\u00c9 :<\/strong>\u00a0Le ruban adh\u00e9sif 3M non marquant avec une fermeture auto-agrippante sur la plaque de support offre \u00e0 ce support de voiture Mag-Safe une installation s\u00fbre et stable sans vaciller, m\u00eame lors de la conduite sur des routes cahoteuses<\/li>\n<li><strong>SUPPORT MAGSAFE APPLICABLE \u00c0 PLUSIEURS SC\u00c9NARIOS<\/strong>\u00a0: Le mat\u00e9riau en alliage de titane \u00e0 m\u00e9moire de forme rend le support de voiture Baseus Magsafe flexible et pliable pour s\u2019adapter \u00e0 diff\u00e9rents sc\u00e9narios, vous pouvez l\u2019installer sur le tableau de bord, le contr\u00f4le central, derri\u00e8re le volant, etc., pratiquement n\u2019importe o\u00f9 avec une surface plane.<\/li>\n<li><strong>SUPPORT DE T\u00c9L\u00c9PHONE MAGN\u00c9TIQUE 360\u00b0 POUR VOITURE :<\/strong>\u00a0Il suffit de fixer votre t\u00e9l\u00e9phone \u00e0 l\u2019angle souhait\u00e9, en mode paysage ou portrait, utilisation ultra-simple d\u2019une seule main, ne vous distraira pas de la conduite<\/li>\n<li><strong>CONCEPTION \u00c9L\u00c9GANTE AVEC INSTALLATION FACILE<\/strong>\u00a0: Design minimaliste, texture haut de gamme avec une finition mate, \u00e9l\u00e9gante et intemporelle, se marie bien avec la d\u00e9coration int\u00e9rieure comme Tesla, et l\u2019installation est simple et directe<\/li>\n<li>Magsafe solide, stable et s\u00e9curis\u00e9<\/li>\n<li>Applicable \u00e0 plusieurs sc\u00e9narios<\/li>\n<li>Support de t\u00e9l\u00e9phone magn\u00e9tique \u00e0 360 \u00b0<\/li>\n<li>Design \u00e9l\u00e9gant<\/li>\n<\/ul>\n<p>&nbsp;<\/p>\n","protected":false},"excerpt":{"rendered":"<p>Le support de t\u00e9l\u00e9phone magn\u00e9tique pour voiture Baseus C02 est un support de voiture MagSafe solide, stable et polyvalent qui est compatible avec tous les mod\u00e8les des s\u00e9ries iPhone 12, 13 et 14, ainsi qu\u2019avec tous les autres mod\u00e8les iPhone et Android avec l\u2019autocollant en anneau m\u00e9tallique inclus. Il est dot\u00e9 d\u2019un bras en alliage [&hellip;]<\/p>\n","protected":false},"featured_media":9872,"comment_status":"open","ping_status":"closed","template":"","meta":[],"product_cat":[15],"product_tag":[],"class_list":{"0":"post-9635","1":"product","2":"type-product","3":"status-publish","4":"has-post-thumbnail","6":"product_cat-uncategorized","8":"first","9":"outofstock","10":"shipping-taxable","11":"purchasable","12":"product-type-simple"},"jetpack_sharing_enabled":true,"_links":{"self":[{"href":"https:\/\/baseus.ci\/index.php\/wp-json\/wp\/v2\/product\/9635","targetHints":{"allow":["GET"]}}],"collection":[{"href":"https:\/\/baseus.ci\/index.php\/wp-json\/wp\/v2\/product"}],"about":[{"href":"https:\/\/baseus.ci\/index.php\/wp-json\/wp\/v2\/types\/product"}],"replies":[{"embeddable":true,"href":"https:\/\/baseus.ci\/index.php\/wp-json\/wp\/v2\/comments?post=9635"}],"wp:featuredmedia":[{"embeddable":true,"href":"https:\/\/baseus.ci\/index.php\/wp-json\/wp\/v2\/media\/9872"}],"wp:attachment":[{"href":"https:\/\/baseus.ci\/index.php\/wp-json\/wp\/v2\/media?parent=9635"}],"wp:term":[{"taxonomy":"product_cat","embeddable":true,"href":"https:\/\/baseus.ci\/index.php\/wp-json\/wp\/v2\/product_cat?post=9635"},{"taxonomy":"product_tag","embeddable":true,"href":"https:\/\/baseus.ci\/index.php\/wp-json\/wp\/v2\/product_tag?post=9635"}],"curies":[{"name":"wp","href":"https:\/\/api.w.org\/{rel}","templated":true}]}}