{"id":9566,"date":"2025-09-14T01:17:30","date_gmt":"2025-09-13T23:17:30","guid":{"rendered":"http:\/\/localhost\/baseusci\/?post_type=product&#038;p=9566"},"modified":"2026-04-01T15:47:27","modified_gmt":"2026-04-01T13:47:27","slug":"cable-usb-c-vers-port-rond-100w-baseus-2m-noir-charge-rapide-pc-portable-a-abidjan-cote-divoire","status":"publish","type":"product","link":"https:\/\/baseus.ci\/index.php\/product\/cable-usb-c-vers-port-rond-100w-baseus-2m-noir-charge-rapide-pc-portable-a-abidjan-cote-divoire\/","title":{"rendered":"C\u00e2ble USB-C vers port rond 100W Baseus 2m noir \u2013 Charge rapide PC portable \u00e0 Abidjan (C\u00f4te d\u2019Ivoire)"},"content":{"rendered":"<h2 data-section-id=\"1tzgjt6\" data-start=\"591\" data-end=\"632\">\u26a1 Puissance maximale 100W ultra rapide<\/h2>\n<p data-start=\"633\" data-end=\"706\">Profitez d\u2019une recharge haute performance jusqu\u2019\u00e0 <strong data-start=\"683\" data-end=\"691\">100W<\/strong>, id\u00e9ale pour :<\/p>\n<ul data-start=\"707\" data-end=\"780\">\n<li data-section-id=\"a2buoi\" data-start=\"707\" data-end=\"732\">Ordinateurs portables<\/li>\n<li data-section-id=\"15dxfbp\" data-start=\"733\" data-end=\"756\">Stations de travail<\/li>\n<li data-section-id=\"io0lkn\" data-start=\"757\" data-end=\"780\">Appareils exigeants<\/li>\n<\/ul>\n<hr data-start=\"782\" data-end=\"785\" \/>\n<h2 data-section-id=\"1yxas6c\" data-start=\"787\" data-end=\"818\">\ud83d\udd0c USB-C vers port rond (DC)<\/h2>\n<p data-start=\"819\" data-end=\"918\">Ce c\u00e2ble permet de connecter un chargeur USB-C \u00e0 un ordinateur portable avec entr\u00e9e port rond (DC).<\/p>\n<hr data-start=\"920\" data-end=\"923\" \/>\n<h2 data-section-id=\"u2q5v8\" data-start=\"925\" data-end=\"966\">\ud83d\udcbb Id\u00e9al pour PC portables compatibles<\/h2>\n<p data-start=\"967\" data-end=\"1029\">Compatible avec plusieurs marques selon le type de port rond :<\/p>\n<ul data-start=\"1030\" data-end=\"1080\">\n<li data-section-id=\"o6q93t\" data-start=\"1030\" data-end=\"1040\">Lenovo<\/li>\n<li data-section-id=\"1vz4jcs\" data-start=\"1041\" data-end=\"1049\">ASUS<\/li>\n<li data-section-id=\"1j3sg4w\" data-start=\"1050\" data-end=\"1056\">HP<\/li>\n<li data-section-id=\"9shcr8\" data-start=\"1057\" data-end=\"1080\">Dell (selon mod\u00e8le)<\/li>\n<\/ul>\n<hr data-start=\"1082\" data-end=\"1085\" \/>\n<h2 data-section-id=\"148puir\" data-start=\"1087\" data-end=\"1131\">\ud83d\udccf Longueur 2 m\u00e8tres pour plus de confort<\/h2>\n<p data-start=\"1132\" data-end=\"1181\">Travaillez librement sans contrainte de distance.<\/p>\n<hr data-start=\"1183\" data-end=\"1186\" \/>\n<h2 data-section-id=\"4itczo\" data-start=\"1188\" data-end=\"1220\">\ud83d\udd12 Charge stable et s\u00e9curis\u00e9e<\/h2>\n<ul data-start=\"1221\" data-end=\"1301\">\n<li data-section-id=\"1w05t8a\" data-start=\"1221\" data-end=\"1253\">Protection contre surtension<\/li>\n<li data-section-id=\"106pneb\" data-start=\"1254\" data-end=\"1277\">Protection batterie<\/li>\n<li data-section-id=\"167n91v\" data-start=\"1278\" data-end=\"1301\">Transmission stable<\/li>\n<\/ul>\n<hr data-start=\"1303\" data-end=\"1306\" \/>\n<h2 data-section-id=\"gq0ene\" data-start=\"1308\" data-end=\"1343\">\ud83d\udcaa Conception robuste et durable<\/h2>\n<ul data-start=\"1344\" data-end=\"1422\">\n<li data-section-id=\"qjaqx6\" data-start=\"1344\" data-end=\"1362\">C\u00e2ble renforc\u00e9<\/li>\n<li data-section-id=\"nh8s7z\" data-start=\"1363\" data-end=\"1398\">R\u00e9sistant \u00e0 l\u2019usure quotidienne<\/li>\n<li data-section-id=\"1nrl7qk\" data-start=\"1399\" data-end=\"1422\">Connecteurs solides<\/li>\n<\/ul>\n<hr data-start=\"1424\" data-end=\"1427\" \/>\n<h2 data-section-id=\"12f0xl5\" data-start=\"1429\" data-end=\"1454\">\ud83c\udfa8 Design noir \u00e9l\u00e9gant<\/h2>\n<p data-start=\"1455\" data-end=\"1518\">Look professionnel et discret adapt\u00e9 \u00e0 tous les environnements.<\/p>\n<hr data-start=\"1520\" data-end=\"1523\" \/>\n<h2 data-section-id=\"12wokia\" data-start=\"1525\" data-end=\"1564\">\ud83d\udee1\ufe0f Produit original certifi\u00e9 Baseus<\/h2>\n<p data-start=\"1565\" data-end=\"1637\">\u2714\ufe0f 100% authentique<br data-start=\"1584\" data-end=\"1587\" \/>\u2714\ufe0f Haute qualit\u00e9 garantie<br data-start=\"1612\" data-end=\"1615\" \/>\u2714\ufe0f Test\u00e9 et certifi\u00e9<\/p>\n<p data-start=\"1639\" data-end=\"1696\">\ud83c\udf10 Le site officiel de la marque est : <strong data-start=\"1678\" data-end=\"1696\"><a class=\"decorated-link cursor-pointer\" target=\"_new\" rel=\"noopener\" data-start=\"1680\" data-end=\"1694\">www.baseus.ci<\/a><\/strong><\/p>\n<hr data-start=\"1698\" data-end=\"1701\" \/>\n<h1 data-section-id=\"8fipsp\" data-start=\"1703\" data-end=\"1750\"><span role=\"text\">\u2699\ufe0f <strong data-start=\"1708\" data-end=\"1750\">Caract\u00e9ristiques techniques d\u00e9taill\u00e9es<\/strong><\/span><\/h1>\n<ul data-start=\"1752\" data-end=\"2249\">\n<li data-section-id=\"iin2im\" data-start=\"1752\" data-end=\"1775\"><strong data-start=\"1754\" data-end=\"1766\">Marque :<\/strong> Baseus<\/li>\n<li data-section-id=\"crmtwh\" data-start=\"1776\" data-end=\"1805\"><strong data-start=\"1778\" data-end=\"1793\">R\u00e9f\u00e9rence :<\/strong> CATXC-Y01<\/li>\n<li data-section-id=\"jixshc\" data-start=\"1806\" data-end=\"1852\"><strong data-start=\"1808\" data-end=\"1818\">Type :<\/strong> C\u00e2ble USB-C vers port rond (DC)<\/li>\n<li data-section-id=\"1au3zop\" data-start=\"1853\" data-end=\"1886\"><strong data-start=\"1855\" data-end=\"1879\">Puissance maximale :<\/strong> 100W<\/li>\n<li data-section-id=\"1kzz55c\" data-start=\"1887\" data-end=\"1909\"><strong data-start=\"1889\" data-end=\"1903\">Longueur :<\/strong> 2 m<\/li>\n<li data-section-id=\"3cnlmn\" data-start=\"1910\" data-end=\"1932\"><strong data-start=\"1912\" data-end=\"1925\">Couleur :<\/strong> Noir<\/li>\n<li data-section-id=\"1wt8hq5\" data-start=\"1933\" data-end=\"1971\"><strong data-start=\"1935\" data-end=\"1958\">Connecteur entr\u00e9e :<\/strong> USB Type-C<\/li>\n<li data-section-id=\"1lq5mfk\" data-start=\"1972\" data-end=\"2014\"><strong data-start=\"1974\" data-end=\"1997\">Connecteur sortie :<\/strong> Port rond (DC)<\/li>\n<li data-section-id=\"1tldy2f\" data-start=\"2015\" data-end=\"2056\"><strong data-start=\"2017\" data-end=\"2034\">Technologie :<\/strong> Power Delivery (PD)<\/li>\n<li data-section-id=\"jay83w\" data-start=\"2057\" data-end=\"2091\"><strong data-start=\"2059\" data-end=\"2073\">Fonction :<\/strong> Recharge rapide<\/li>\n<li data-section-id=\"rgo86i\" data-start=\"2092\" data-end=\"2139\"><strong data-start=\"2094\" data-end=\"2109\">Mat\u00e9riaux :<\/strong> TPE + connecteurs renforc\u00e9s<\/li>\n<li data-section-id=\"1dio150\" data-start=\"2140\" data-end=\"2198\"><strong data-start=\"2142\" data-end=\"2161\">Compatibilit\u00e9 :<\/strong> PC portables compatibles port rond<\/li>\n<li data-section-id=\"h0y06\" data-start=\"2199\" data-end=\"2249\"><strong data-start=\"2201\" data-end=\"2218\">Utilisation :<\/strong> Recharge ordinateur portable<\/li>\n<\/ul>\n<p>&nbsp;<\/p>\n","protected":false},"excerpt":{"rendered":"<p>Rechargez votre ordinateur portable rapidement avec le c\u00e2ble Baseus USB-C vers port rond 100W. Puissant, durable et long de 2m, il assure une charge stable et s\u00e9curis\u00e9e pour vos appareils.<br data-start=\"475\" data-end=\"478\" \/>\ud83d\udccd Disponible \u00e0 Abidjan avec livraison rapide.<\/p>\n","protected":false},"featured_media":9828,"comment_status":"open","ping_status":"closed","template":"","meta":[],"product_cat":[74],"product_tag":[],"class_list":{"0":"post-9566","1":"product","2":"type-product","3":"status-publish","4":"has-post-thumbnail","6":"product_cat-cables","8":"first","9":"instock","10":"shipping-taxable","11":"purchasable","12":"product-type-simple"},"jetpack_sharing_enabled":true,"_links":{"self":[{"href":"https:\/\/baseus.ci\/index.php\/wp-json\/wp\/v2\/product\/9566","targetHints":{"allow":["GET"]}}],"collection":[{"href":"https:\/\/baseus.ci\/index.php\/wp-json\/wp\/v2\/product"}],"about":[{"href":"https:\/\/baseus.ci\/index.php\/wp-json\/wp\/v2\/types\/product"}],"replies":[{"embeddable":true,"href":"https:\/\/baseus.ci\/index.php\/wp-json\/wp\/v2\/comments?post=9566"}],"wp:featuredmedia":[{"embeddable":true,"href":"https:\/\/baseus.ci\/index.php\/wp-json\/wp\/v2\/media\/9828"}],"wp:attachment":[{"href":"https:\/\/baseus.ci\/index.php\/wp-json\/wp\/v2\/media?parent=9566"}],"wp:term":[{"taxonomy":"product_cat","embeddable":true,"href":"https:\/\/baseus.ci\/index.php\/wp-json\/wp\/v2\/product_cat?post=9566"},{"taxonomy":"product_tag","embeddable":true,"href":"https:\/\/baseus.ci\/index.php\/wp-json\/wp\/v2\/product_tag?post=9566"}],"curies":[{"name":"wp","href":"https:\/\/api.w.org\/{rel}","templated":true}]}}