{"id":9512,"date":"2025-09-14T01:16:20","date_gmt":"2025-09-13T23:16:20","guid":{"rendered":"http:\/\/localhost\/baseusci\/?post_type=product&#038;p=9512"},"modified":"2026-04-01T15:59:49","modified_gmt":"2026-04-01T13:59:49","slug":"cable-baseus-3-en-1-retractable-100w-traction-series-usb-c-vers-mlc-avec-organiseur-a-abidjan-cote-divoire","status":"publish","type":"product","link":"https:\/\/baseus.ci\/index.php\/product\/cable-baseus-3-en-1-retractable-100w-traction-series-usb-c-vers-mlc-avec-organiseur-a-abidjan-cote-divoire\/","title":{"rendered":"C\u00e2ble Baseus 3 en 1 r\u00e9tractable 100W Traction Series \u2013 USB-C vers M+L+C avec organiseur \u00e0 Abidjan (C\u00f4te d\u2019Ivoire)"},"content":{"rendered":"<h2 data-section-id=\"rau94f\" data-start=\"615\" data-end=\"650\">\ud83d\udd04 C\u00e2ble 3 en 1 ultra polyvalent<\/h2>\n<p data-start=\"651\" data-end=\"690\">Un seul c\u00e2ble pour tous vos appareils :<\/p>\n<ul data-start=\"691\" data-end=\"737\">\n<li data-section-id=\"lnql36\" data-start=\"691\" data-end=\"700\">USB-C<\/li>\n<li data-section-id=\"1tczpo\" data-start=\"701\" data-end=\"723\">Lightning (iPhone)<\/li>\n<li data-section-id=\"131kpsm\" data-start=\"724\" data-end=\"737\">Micro USB<\/li>\n<\/ul>\n<p data-start=\"739\" data-end=\"781\">\ud83d\udc49 Id\u00e9al pour utilisation multi-appareils.<\/p>\n<hr data-start=\"783\" data-end=\"786\" \/>\n<h2 data-section-id=\"13h2fw6\" data-start=\"788\" data-end=\"821\">\u26a1 Puissance 100W charge rapide<\/h2>\n<p data-start=\"822\" data-end=\"855\">Recharge haute performance pour :<\/p>\n<ul data-start=\"856\" data-end=\"911\">\n<li data-section-id=\"1afb5zy\" data-start=\"856\" data-end=\"871\">Smartphones<\/li>\n<li data-section-id=\"1x4w8bk\" data-start=\"872\" data-end=\"885\">Tablettes<\/li>\n<li data-section-id=\"a2buoi\" data-start=\"886\" data-end=\"911\">Ordinateurs portables<\/li>\n<\/ul>\n<hr data-start=\"913\" data-end=\"916\" \/>\n<h2 data-section-id=\"8f3m7m\" data-start=\"918\" data-end=\"955\">\ud83d\udd01 Syst\u00e8me r\u00e9tractable intelligent<\/h2>\n<ul data-start=\"956\" data-end=\"1030\">\n<li data-section-id=\"tkey5z\" data-start=\"956\" data-end=\"985\">Ajustement de la longueur<\/li>\n<li data-section-id=\"mihyov\" data-start=\"986\" data-end=\"1009\">Anti-enchev\u00eatrement<\/li>\n<li data-section-id=\"vwck0x\" data-start=\"1010\" data-end=\"1030\">Rangement facile<\/li>\n<\/ul>\n<hr data-start=\"1032\" data-end=\"1035\" \/>\n<h2 data-section-id=\"8tylpz\" data-start=\"1037\" data-end=\"1071\">\ud83e\uddf2 Organiseur de bureau int\u00e9gr\u00e9<\/h2>\n<p data-start=\"1072\" data-end=\"1100\">Gardez votre espace propre :<\/p>\n<ul data-start=\"1101\" data-end=\"1175\">\n<li data-section-id=\"h3s9ji\" data-start=\"1101\" data-end=\"1123\">Gestion des c\u00e2bles<\/li>\n<li data-section-id=\"2g66n0\" data-start=\"1124\" data-end=\"1149\">R\u00e9duction du d\u00e9sordre<\/li>\n<li data-section-id=\"1v0777l\" data-start=\"1150\" data-end=\"1175\">Installation \u00e9l\u00e9gante<\/li>\n<\/ul>\n<hr data-start=\"1177\" data-end=\"1180\" \/>\n<h2 data-section-id=\"138nuk5\" data-start=\"1182\" data-end=\"1211\">\ud83d\udccf Longueur maximale 1,7 m<\/h2>\n<p data-start=\"1212\" data-end=\"1259\">Offre une excellente flexibilit\u00e9 d\u2019utilisation.<\/p>\n<hr data-start=\"1261\" data-end=\"1264\" \/>\n<h2 data-section-id=\"177x7ya\" data-start=\"1266\" data-end=\"1306\">\ud83d\udcbb Compatible avec tous vos appareils<\/h2>\n<p data-start=\"1307\" data-end=\"1324\">Fonctionne avec :<\/p>\n<ul data-start=\"1325\" data-end=\"1370\">\n<li data-section-id=\"1oj64sz\" data-start=\"1325\" data-end=\"1336\">Android<\/li>\n<li data-section-id=\"1fauvp9\" data-start=\"1337\" data-end=\"1347\">iPhone<\/li>\n<li data-section-id=\"1bj7o6p\" data-start=\"1348\" data-end=\"1370\">PC portables USB-C<\/li>\n<\/ul>\n<hr data-start=\"1372\" data-end=\"1375\" \/>\n<h2 data-section-id=\"1mokldz\" data-start=\"1377\" data-end=\"1405\">\ud83d\udcaa Qualit\u00e9 premium Baseus<\/h2>\n<ul data-start=\"1406\" data-end=\"1472\">\n<li data-section-id=\"qjaqx6\" data-start=\"1406\" data-end=\"1424\">C\u00e2ble renforc\u00e9<\/li>\n<li data-section-id=\"1nrl7qk\" data-start=\"1425\" data-end=\"1448\">Connecteurs solides<\/li>\n<li data-section-id=\"12p24ee\" data-start=\"1449\" data-end=\"1472\">Longue dur\u00e9e de vie<\/li>\n<\/ul>\n<hr data-start=\"1474\" data-end=\"1477\" \/>\n<h2 data-section-id=\"8ovtyb\" data-start=\"1479\" data-end=\"1504\">\ud83c\udfa8 Design noir moderne<\/h2>\n<p data-start=\"1505\" data-end=\"1558\">Parfait pour bureau professionnel ou usage personnel.<\/p>\n<hr data-start=\"1560\" data-end=\"1563\" \/>\n<h2 data-section-id=\"12wokia\" data-start=\"1565\" data-end=\"1604\">\ud83d\udee1\ufe0f Produit original certifi\u00e9 Baseus<\/h2>\n<p data-start=\"1605\" data-end=\"1685\">\u2714\ufe0f 100% authentique<br data-start=\"1624\" data-end=\"1627\" \/>\u2714\ufe0f Haute qualit\u00e9 garantie<br data-start=\"1652\" data-end=\"1655\" \/>\u2714\ufe0f Produit test\u00e9 et certifi\u00e9<\/p>\n<p data-start=\"1687\" data-end=\"1744\">\ud83c\udf10 Le site officiel de la marque est : <strong data-start=\"1726\" data-end=\"1744\"><a class=\"decorated-link cursor-pointer\" target=\"_new\" rel=\"noopener\" data-start=\"1728\" data-end=\"1742\">www.baseus.ci<\/a><\/strong><\/p>\n<hr data-start=\"1746\" data-end=\"1749\" \/>\n<h1 data-section-id=\"8fipsp\" data-start=\"1751\" data-end=\"1798\"><span role=\"text\">\u2699\ufe0f <strong data-start=\"1756\" data-end=\"1798\">Caract\u00e9ristiques techniques d\u00e9taill\u00e9es<\/strong><\/span><\/h1>\n<ul data-start=\"1800\" data-end=\"2415\">\n<li data-section-id=\"iin2im\" data-start=\"1800\" data-end=\"1823\"><strong data-start=\"1802\" data-end=\"1814\">Marque :<\/strong> Baseus<\/li>\n<li data-section-id=\"19a5l11\" data-start=\"1824\" data-end=\"1855\"><strong data-start=\"1826\" data-end=\"1837\">S\u00e9rie :<\/strong> Traction Series<\/li>\n<li data-section-id=\"107ux6a\" data-start=\"1856\" data-end=\"1886\"><strong data-start=\"1858\" data-end=\"1873\">R\u00e9f\u00e9rence :<\/strong> CAQY000001<\/li>\n<li data-section-id=\"dgath0\" data-start=\"1887\" data-end=\"1942\"><strong data-start=\"1889\" data-end=\"1899\">Type :<\/strong> C\u00e2ble r\u00e9tractable 3 en 1 avec organiseur<\/li>\n<li data-section-id=\"1au3zop\" data-start=\"1943\" data-end=\"1976\"><strong data-start=\"1945\" data-end=\"1969\">Puissance maximale :<\/strong> 100W<\/li>\n<li data-section-id=\"vulvg9\" data-start=\"1977\" data-end=\"2009\"><strong data-start=\"1979\" data-end=\"1993\">Longueur :<\/strong> Jusqu\u2019\u00e0 1,7 m<\/li>\n<li data-section-id=\"3cnlmn\" data-start=\"2010\" data-end=\"2032\"><strong data-start=\"2012\" data-end=\"2025\">Couleur :<\/strong> Noir<\/li>\n<li data-section-id=\"6e2nr2\" data-start=\"2033\" data-end=\"2098\"><strong data-start=\"2035\" data-end=\"2052\">Connecteurs :<\/strong>\n<ul data-start=\"2057\" data-end=\"2098\">\n<li data-section-id=\"lnql36\" data-start=\"2057\" data-end=\"2066\">USB-C<\/li>\n<li data-section-id=\"omhmfs\" data-start=\"2069\" data-end=\"2082\">Lightning<\/li>\n<li data-section-id=\"131kpsm\" data-start=\"2085\" data-end=\"2098\">Micro USB<\/li>\n<\/ul>\n<\/li>\n<li data-section-id=\"ktz8e6\" data-start=\"2099\" data-end=\"2147\"><strong data-start=\"2101\" data-end=\"2115\">Fonction :<\/strong> Charge rapide multi-appareils<\/li>\n<li data-section-id=\"1tldy2f\" data-start=\"2148\" data-end=\"2189\"><strong data-start=\"2150\" data-end=\"2167\">Technologie :<\/strong> Power Delivery (PD)<\/li>\n<li data-section-id=\"khigch\" data-start=\"2190\" data-end=\"2239\"><strong data-start=\"2192\" data-end=\"2204\">Design :<\/strong> R\u00e9tractable + organiseur int\u00e9gr\u00e9<\/li>\n<li data-section-id=\"14hrzeu\" data-start=\"2240\" data-end=\"2278\"><strong data-start=\"2242\" data-end=\"2257\">Mat\u00e9riaux :<\/strong> ABS + TPE renforc\u00e9<\/li>\n<li data-section-id=\"1yzo498\" data-start=\"2279\" data-end=\"2361\"><strong data-start=\"2281\" data-end=\"2300\">Compatibilit\u00e9 :<\/strong>\n<ul data-start=\"2305\" data-end=\"2361\">\n<li data-section-id=\"1afb5zy\" data-start=\"2305\" data-end=\"2320\">Smartphones<\/li>\n<li data-section-id=\"1x4w8bk\" data-start=\"2323\" data-end=\"2336\">Tablettes<\/li>\n<li data-section-id=\"1bj7o6p\" data-start=\"2339\" data-end=\"2361\">PC portables USB-C<\/li>\n<\/ul>\n<\/li>\n<li data-section-id=\"27bt8z\" data-start=\"2362\" data-end=\"2415\"><strong data-start=\"2364\" data-end=\"2381\">Utilisation :<\/strong> Bureau \/ maison \/ professionnel<\/li>\n<\/ul>\n<p>&nbsp;<\/p>\n","protected":false},"excerpt":{"rendered":"<p>Optimisez votre bureau avec le c\u00e2ble Baseus Traction Series 3 en 1 r\u00e9tractable 100W. Compatible USB-C, Lightning et Micro USB, avec syst\u00e8me organiseur int\u00e9gr\u00e9 pour une utilisation propre et efficace.<br data-start=\"499\" data-end=\"502\" \/>\ud83d\udccd Disponible \u00e0 Abidjan avec livraison rapide.<\/p>\n","protected":false},"featured_media":9761,"comment_status":"open","ping_status":"closed","template":"","meta":[],"product_cat":[74,72],"product_tag":[],"class_list":{"0":"post-9512","1":"product","2":"type-product","3":"status-publish","4":"has-post-thumbnail","6":"product_cat-cables","7":"product_cat-home2","9":"first","10":"instock","11":"shipping-taxable","12":"purchasable","13":"product-type-simple"},"jetpack_sharing_enabled":true,"_links":{"self":[{"href":"https:\/\/baseus.ci\/index.php\/wp-json\/wp\/v2\/product\/9512","targetHints":{"allow":["GET"]}}],"collection":[{"href":"https:\/\/baseus.ci\/index.php\/wp-json\/wp\/v2\/product"}],"about":[{"href":"https:\/\/baseus.ci\/index.php\/wp-json\/wp\/v2\/types\/product"}],"replies":[{"embeddable":true,"href":"https:\/\/baseus.ci\/index.php\/wp-json\/wp\/v2\/comments?post=9512"}],"wp:featuredmedia":[{"embeddable":true,"href":"https:\/\/baseus.ci\/index.php\/wp-json\/wp\/v2\/media\/9761"}],"wp:attachment":[{"href":"https:\/\/baseus.ci\/index.php\/wp-json\/wp\/v2\/media?parent=9512"}],"wp:term":[{"taxonomy":"product_cat","embeddable":true,"href":"https:\/\/baseus.ci\/index.php\/wp-json\/wp\/v2\/product_cat?post=9512"},{"taxonomy":"product_tag","embeddable":true,"href":"https:\/\/baseus.ci\/index.php\/wp-json\/wp\/v2\/product_tag?post=9512"}],"curies":[{"name":"wp","href":"https:\/\/api.w.org\/{rel}","templated":true}]}}