{"id":9511,"date":"2025-09-14T01:16:20","date_gmt":"2025-09-13T23:16:20","guid":{"rendered":"http:\/\/localhost\/baseusci\/?post_type=product&#038;p=9511"},"modified":"2026-04-01T16:02:46","modified_gmt":"2026-04-01T14:02:46","slug":"deodorant-voiture-probiotiques-baseus-tulip-bleu-desodorisant-anti-odeur-a-abidjan-cote-divoire","status":"publish","type":"product","link":"https:\/\/baseus.ci\/index.php\/product\/deodorant-voiture-probiotiques-baseus-tulip-bleu-desodorisant-anti-odeur-a-abidjan-cote-divoire\/","title":{"rendered":"D\u00e9odorant voiture probiotiques Baseus Tulip Bleu \u2013 D\u00e9sodorisant anti-odeur \u00e0 Abidjan (C\u00f4te d\u2019Ivoire)"},"content":{"rendered":"<h2 data-section-id=\"gm5po8\" data-start=\"598\" data-end=\"645\">\ud83c\udf38 \u00c9limination efficace des mauvaises odeurs<\/h2>\n<p data-start=\"646\" data-end=\"773\">Le d\u00e9odorant Baseus Tulip utilise une technologie aux probiotiques pour neutraliser les odeurs \u00e0 la source et non les masquer :<\/p>\n<ul data-start=\"774\" data-end=\"839\">\n<li data-section-id=\"1q4j2xy\" data-start=\"774\" data-end=\"793\">Odeurs de tabac<\/li>\n<li data-section-id=\"1d2cfz7\" data-start=\"794\" data-end=\"808\">Nourriture<\/li>\n<li data-section-id=\"12dtkpt\" data-start=\"809\" data-end=\"821\">Humidit\u00e9<\/li>\n<li data-section-id=\"5a9a4k\" data-start=\"822\" data-end=\"839\">Transpiration<\/li>\n<\/ul>\n<hr data-start=\"841\" data-end=\"844\" \/>\n<h2 data-section-id=\"1kft6dc\" data-start=\"846\" data-end=\"883\">\ud83e\uddea Technologie probiotique avanc\u00e9e<\/h2>\n<p data-start=\"884\" data-end=\"930\">Les probiotiques agissent naturellement pour :<\/p>\n<ul data-start=\"931\" data-end=\"1048\">\n<li data-section-id=\"15n32n6\" data-start=\"931\" data-end=\"983\">D\u00e9composer les bact\u00e9ries responsables des odeurs<\/li>\n<li data-section-id=\"mv64uw\" data-start=\"984\" data-end=\"1012\">Assainir l\u2019air int\u00e9rieur<\/li>\n<li data-section-id=\"khwg0y\" data-start=\"1013\" data-end=\"1048\">Maintenir une fra\u00eecheur durable<\/li>\n<\/ul>\n<hr data-start=\"1050\" data-end=\"1053\" \/>\n<h2 data-section-id=\"1ibsch8\" data-start=\"1055\" data-end=\"1084\">\ud83c\udf2c\ufe0f Diffusion longue dur\u00e9e<\/h2>\n<p data-start=\"1085\" data-end=\"1176\">Profitez d\u2019un parfum agr\u00e9able et continu pendant plusieurs semaines sans perte d\u2019intensit\u00e9.<\/p>\n<hr data-start=\"1178\" data-end=\"1181\" \/>\n<h2 data-section-id=\"hk0ivu\" data-start=\"1183\" data-end=\"1222\">\ud83d\ude97 Parfait pour voiture et int\u00e9rieur<\/h2>\n<p data-start=\"1223\" data-end=\"1248\">Utilisation id\u00e9ale pour :<\/p>\n<ul data-start=\"1249\" data-end=\"1282\">\n<li data-section-id=\"1wjmzwu\" data-start=\"1249\" data-end=\"1260\">Voiture<\/li>\n<li data-section-id=\"igqs1o\" data-start=\"1261\" data-end=\"1271\">Bureau<\/li>\n<li data-section-id=\"s3sfpb\" data-start=\"1272\" data-end=\"1282\">Maison<\/li>\n<\/ul>\n<hr data-start=\"1284\" data-end=\"1287\" \/>\n<h2 data-section-id=\"eistv0\" data-start=\"1289\" data-end=\"1326\">\ud83c\udfa8 Design Tulip \u00e9l\u00e9gant et moderne<\/h2>\n<p data-start=\"1327\" data-end=\"1408\">Un accessoire d\u00e9coratif qui s\u2019int\u00e8gre parfaitement \u00e0 votre int\u00e9rieur de v\u00e9hicule.<\/p>\n<hr data-start=\"1410\" data-end=\"1413\" \/>\n<h2 data-section-id=\"p7uypj\" data-start=\"1415\" data-end=\"1450\">\ud83d\udd27 Installation simple et rapide<\/h2>\n<ul data-start=\"1451\" data-end=\"1533\">\n<li data-section-id=\"1bzxuhf\" data-start=\"1451\" data-end=\"1474\">Se place facilement<\/li>\n<li data-section-id=\"1qendbt\" data-start=\"1475\" data-end=\"1507\">Aucun branchement n\u00e9cessaire<\/li>\n<li data-section-id=\"jkj0k6\" data-start=\"1508\" data-end=\"1533\">Utilisation imm\u00e9diate<\/li>\n<\/ul>\n<hr data-start=\"1535\" data-end=\"1538\" \/>\n<h2 data-section-id=\"12wokia\" data-start=\"1540\" data-end=\"1579\">\ud83d\udee1\ufe0f Produit original certifi\u00e9 Baseus<\/h2>\n<p data-start=\"1580\" data-end=\"1662\">\u2714\ufe0f 100% authentique<br data-start=\"1599\" data-end=\"1602\" \/>\u2714\ufe0f Haute qualit\u00e9 garantie<br data-start=\"1627\" data-end=\"1630\" \/>\u2714\ufe0f Formule test\u00e9e et s\u00e9curis\u00e9e<\/p>\n<p data-start=\"1664\" data-end=\"1721\">\ud83c\udf10 Le site officiel de la marque est : <strong data-start=\"1703\" data-end=\"1721\"><a class=\"decorated-link cursor-pointer\" target=\"_new\" rel=\"noopener\" data-start=\"1705\" data-end=\"1719\">www.baseus.ci<\/a><\/strong><\/p>\n<hr data-start=\"1723\" data-end=\"1726\" \/>\n<h1 data-section-id=\"8fipsp\" data-start=\"1728\" data-end=\"1775\"><span role=\"text\">\u2699\ufe0f <strong data-start=\"1733\" data-end=\"1775\">Caract\u00e9ristiques techniques d\u00e9taill\u00e9es<\/strong><\/span><\/h1>\n<ul data-start=\"1777\" data-end=\"2226\">\n<li data-section-id=\"iin2im\" data-start=\"1777\" data-end=\"1800\"><strong data-start=\"1779\" data-end=\"1791\">Marque :<\/strong> Baseus<\/li>\n<li data-section-id=\"1w6xazj\" data-start=\"1801\" data-end=\"1828\"><strong data-start=\"1803\" data-end=\"1815\">Mod\u00e8le :<\/strong> Tulip Bleu<\/li>\n<li data-section-id=\"jn0uns\" data-start=\"1829\" data-end=\"1859\"><strong data-start=\"1831\" data-end=\"1846\">R\u00e9f\u00e9rence :<\/strong> ACYX000103<\/li>\n<li data-section-id=\"1434q6k\" data-start=\"1860\" data-end=\"1899\"><strong data-start=\"1862\" data-end=\"1872\">Type :<\/strong> D\u00e9odorant \/ d\u00e9sodorisant<\/li>\n<li data-section-id=\"10b5whz\" data-start=\"1900\" data-end=\"1934\"><strong data-start=\"1902\" data-end=\"1919\">Technologie :<\/strong> Probiotiques<\/li>\n<li data-section-id=\"1mxtfu6\" data-start=\"1935\" data-end=\"1972\"><strong data-start=\"1937\" data-end=\"1949\">Parfum :<\/strong> Frais (note florale)<\/li>\n<li data-section-id=\"asz2xn\" data-start=\"1973\" data-end=\"2014\"><strong data-start=\"1975\" data-end=\"1992\">Utilisation :<\/strong> Voiture \/ int\u00e9rieur<\/li>\n<li data-section-id=\"4zvp40\" data-start=\"2015\" data-end=\"2064\"><strong data-start=\"2017\" data-end=\"2028\">Dur\u00e9e :<\/strong> Longue dur\u00e9e (plusieurs semaines)<\/li>\n<li data-section-id=\"1228w5d\" data-start=\"2065\" data-end=\"2115\"><strong data-start=\"2067\" data-end=\"2085\">Installation :<\/strong> Sans fil \/ sans branchement<\/li>\n<li data-section-id=\"13hxyel\" data-start=\"2116\" data-end=\"2161\"><strong data-start=\"2118\" data-end=\"2133\">Mat\u00e9riaux :<\/strong> ABS + composants parfum\u00e9s<\/li>\n<li data-section-id=\"10jipn\" data-start=\"2162\" data-end=\"2184\"><strong data-start=\"2164\" data-end=\"2177\">Couleur :<\/strong> Bleu<\/li>\n<li data-section-id=\"zbk5vd\" data-start=\"2185\" data-end=\"2226\"><strong data-start=\"2187\" data-end=\"2201\">Fonction :<\/strong> \u00c9limination des odeurs<\/li>\n<\/ul>\n<p>&nbsp;<\/p>\n","protected":false},"excerpt":{"rendered":"<p>\u00c9liminez durablement les mauvaises odeurs avec le d\u00e9odorant voiture Baseus Tulip Bleu aux probiotiques. Parfum frais, diffusion longue dur\u00e9e et design \u00e9l\u00e9gant pour un int\u00e9rieur toujours agr\u00e9able.<br data-start=\"482\" data-end=\"485\" \/>\ud83d\ude97 Disponible \u00e0 Abidjan avec livraison rapide.<\/p>\n","protected":false},"featured_media":9757,"comment_status":"open","ping_status":"closed","template":"","meta":[],"product_cat":[80],"product_tag":[],"class_list":{"0":"post-9511","1":"product","2":"type-product","3":"status-publish","4":"has-post-thumbnail","6":"product_cat-accessoires-divers","8":"first","9":"instock","10":"shipping-taxable","11":"purchasable","12":"product-type-simple"},"jetpack_sharing_enabled":true,"_links":{"self":[{"href":"https:\/\/baseus.ci\/index.php\/wp-json\/wp\/v2\/product\/9511","targetHints":{"allow":["GET"]}}],"collection":[{"href":"https:\/\/baseus.ci\/index.php\/wp-json\/wp\/v2\/product"}],"about":[{"href":"https:\/\/baseus.ci\/index.php\/wp-json\/wp\/v2\/types\/product"}],"replies":[{"embeddable":true,"href":"https:\/\/baseus.ci\/index.php\/wp-json\/wp\/v2\/comments?post=9511"}],"wp:featuredmedia":[{"embeddable":true,"href":"https:\/\/baseus.ci\/index.php\/wp-json\/wp\/v2\/media\/9757"}],"wp:attachment":[{"href":"https:\/\/baseus.ci\/index.php\/wp-json\/wp\/v2\/media?parent=9511"}],"wp:term":[{"taxonomy":"product_cat","embeddable":true,"href":"https:\/\/baseus.ci\/index.php\/wp-json\/wp\/v2\/product_cat?post=9511"},{"taxonomy":"product_tag","embeddable":true,"href":"https:\/\/baseus.ci\/index.php\/wp-json\/wp\/v2\/product_tag?post=9511"}],"curies":[{"name":"wp","href":"https:\/\/api.w.org\/{rel}","templated":true}]}}