{"id":9491,"date":"2025-09-14T01:15:52","date_gmt":"2025-09-13T23:15:52","guid":{"rendered":"http:\/\/localhost\/baseusci\/?post_type=product&#038;p=9491"},"modified":"2026-04-11T11:06:32","modified_gmt":"2026-04-11T09:06:32","slug":"parfum-voiture-baseus-aroma-airfreshener-cologne-desodorisant-auto-premium-a-abidjan-cote-divoire","status":"publish","type":"product","link":"https:\/\/baseus.ci\/index.php\/product\/parfum-voiture-baseus-aroma-airfreshener-cologne-desodorisant-auto-premium-a-abidjan-cote-divoire\/","title":{"rendered":"Parfum voiture Baseus Aroma AirFreshener Cologne \u2013 D\u00e9sodorisant auto premium \u00e0 Abidjan (C\u00f4te d\u2019Ivoire)"},"content":{"rendered":"<h2 data-section-id=\"7qecug\" data-start=\"608\" data-end=\"654\">\ud83c\udf3f Parfum Cologne \u00e9l\u00e9gant et rafra\u00eechissant<\/h2>\n<p data-start=\"655\" data-end=\"710\">Profitez d\u2019une fragrance inspir\u00e9e des parfums Cologne :<\/p>\n<ul data-start=\"711\" data-end=\"746\">\n<li data-section-id=\"1j41471\" data-start=\"711\" data-end=\"722\">Fra\u00eeche<\/li>\n<li data-section-id=\"izts8l\" data-start=\"723\" data-end=\"733\">L\u00e9g\u00e8re<\/li>\n<li data-section-id=\"1fp3nv4\" data-start=\"734\" data-end=\"746\">Raffin\u00e9e<\/li>\n<\/ul>\n<p data-start=\"748\" data-end=\"804\">\ud83d\udc49 Id\u00e9ale pour une ambiance agr\u00e9able dans votre voiture.<\/p>\n<hr data-start=\"806\" data-end=\"809\" \/>\n<h2 data-section-id=\"w1o9h8\" data-start=\"811\" data-end=\"852\">\ud83c\udf2c\ufe0f Diffusion homog\u00e8ne et longue dur\u00e9e<\/h2>\n<p data-start=\"853\" data-end=\"885\">Le syst\u00e8me de diffusion assure :<\/p>\n<ul data-start=\"886\" data-end=\"969\">\n<li data-section-id=\"1novqwy\" data-start=\"886\" data-end=\"924\">Une r\u00e9partition uniforme du parfum<\/li>\n<li data-section-id=\"k9ioz1\" data-start=\"925\" data-end=\"969\">Une tenue durable sur plusieurs semaines<\/li>\n<\/ul>\n<hr data-start=\"971\" data-end=\"974\" \/>\n<h2 data-section-id=\"hk0ivu\" data-start=\"976\" data-end=\"1015\">\ud83d\ude97 Parfait pour voiture et int\u00e9rieur<\/h2>\n<p data-start=\"1016\" data-end=\"1041\">Utilisation id\u00e9ale pour :<\/p>\n<ul data-start=\"1042\" data-end=\"1075\">\n<li data-section-id=\"1wjmzwu\" data-start=\"1042\" data-end=\"1053\">Voiture<\/li>\n<li data-section-id=\"igqs1o\" data-start=\"1054\" data-end=\"1064\">Bureau<\/li>\n<li data-section-id=\"s3sfpb\" data-start=\"1065\" data-end=\"1075\">Maison<\/li>\n<\/ul>\n<hr data-start=\"1077\" data-end=\"1080\" \/>\n<h2 data-section-id=\"17nhl13\" data-start=\"1082\" data-end=\"1113\">\ud83c\udfa8 Design premium et discret<\/h2>\n<p data-start=\"1114\" data-end=\"1198\">Un accessoire \u00e9l\u00e9gant qui s\u2019int\u00e8gre parfaitement dans l\u2019habitacle de votre v\u00e9hicule.<\/p>\n<hr data-start=\"1200\" data-end=\"1203\" \/>\n<h2 data-section-id=\"p7uypj\" data-start=\"1205\" data-end=\"1240\">\ud83d\udd27 Installation simple et rapide<\/h2>\n<ul data-start=\"1241\" data-end=\"1307\">\n<li data-section-id=\"8hzhmt\" data-start=\"1241\" data-end=\"1260\">Facile \u00e0 placer<\/li>\n<li data-section-id=\"1831ef8\" data-start=\"1261\" data-end=\"1281\">Sans branchement<\/li>\n<li data-section-id=\"jkj0k6\" data-start=\"1282\" data-end=\"1307\">Utilisation imm\u00e9diate<\/li>\n<\/ul>\n<hr data-start=\"1309\" data-end=\"1312\" \/>\n<h2 data-section-id=\"1qjfc5h\" data-start=\"1314\" data-end=\"1345\">\ud83d\udee1\ufe0f Formule s\u00fbre et agr\u00e9able<\/h2>\n<ul data-start=\"1346\" data-end=\"1421\">\n<li data-section-id=\"qa3552\" data-start=\"1346\" data-end=\"1376\">Sans substances agressives<\/li>\n<li data-section-id=\"3xf20q\" data-start=\"1377\" data-end=\"1421\">Respectueux de l\u2019environnement int\u00e9rieur<\/li>\n<\/ul>\n<hr data-start=\"1423\" data-end=\"1426\" \/>\n<h2 data-section-id=\"12wokia\" data-start=\"1428\" data-end=\"1467\">\ud83d\udee1\ufe0f Produit original certifi\u00e9 Baseus<\/h2>\n<p data-start=\"1468\" data-end=\"1548\">\u2714\ufe0f 100% authentique<br data-start=\"1487\" data-end=\"1490\" \/>\u2714\ufe0f Haute qualit\u00e9 garantie<br data-start=\"1515\" data-end=\"1518\" \/>\u2714\ufe0f Produit test\u00e9 et certifi\u00e9<\/p>\n<p data-start=\"1550\" data-end=\"1607\">\ud83c\udf10 Le site officiel de la marque est : <strong data-start=\"1589\" data-end=\"1607\"><a class=\"decorated-link cursor-pointer\" target=\"_new\" rel=\"noopener\" data-start=\"1591\" data-end=\"1605\">www.baseus.ci<\/a><\/strong><\/p>\n<hr data-start=\"1609\" data-end=\"1612\" \/>\n<h1 data-section-id=\"8fipsp\" data-start=\"1614\" data-end=\"1661\"><span role=\"text\">\u2699\ufe0f <strong data-start=\"1619\" data-end=\"1661\">Caract\u00e9ristiques techniques d\u00e9taill\u00e9es<\/strong><\/span><\/h1>\n<ul data-start=\"1663\" data-end=\"2083\">\n<li data-section-id=\"iin2im\" data-start=\"1663\" data-end=\"1686\"><strong data-start=\"1665\" data-end=\"1677\">Marque :<\/strong> Baseus<\/li>\n<li data-section-id=\"esaix6\" data-start=\"1687\" data-end=\"1730\"><strong data-start=\"1689\" data-end=\"1701\">Mod\u00e8le :<\/strong> Aroma AirFreshener Cologne<\/li>\n<li data-section-id=\"1lnnc0u\" data-start=\"1731\" data-end=\"1759\"><strong data-start=\"1733\" data-end=\"1748\">R\u00e9f\u00e9rence :<\/strong> SUXUN-CL<\/li>\n<li data-section-id=\"h9bbl\" data-start=\"1760\" data-end=\"1796\"><strong data-start=\"1762\" data-end=\"1772\">Type :<\/strong> D\u00e9sodorisant \/ parfum<\/li>\n<li data-section-id=\"1t37ap2\" data-start=\"1797\" data-end=\"1838\"><strong data-start=\"1799\" data-end=\"1811\">Parfum :<\/strong> Cologne (frais et l\u00e9ger)<\/li>\n<li data-section-id=\"4zvp40\" data-start=\"1839\" data-end=\"1888\"><strong data-start=\"1841\" data-end=\"1852\">Dur\u00e9e :<\/strong> Longue dur\u00e9e (plusieurs semaines)<\/li>\n<li data-section-id=\"asz2xn\" data-start=\"1889\" data-end=\"1930\"><strong data-start=\"1891\" data-end=\"1908\">Utilisation :<\/strong> Voiture \/ int\u00e9rieur<\/li>\n<li data-section-id=\"gxv30i\" data-start=\"1931\" data-end=\"1962\"><strong data-start=\"1933\" data-end=\"1951\">Installation :<\/strong> Sans fil<\/li>\n<li data-section-id=\"1ew283a\" data-start=\"1963\" data-end=\"2005\"><strong data-start=\"1965\" data-end=\"1980\">Mat\u00e9riaux :<\/strong> ABS + essence parfum\u00e9e<\/li>\n<li data-section-id=\"n9ag2h\" data-start=\"2006\" data-end=\"2036\"><strong data-start=\"2008\" data-end=\"2021\">Couleur :<\/strong> Selon mod\u00e8le<\/li>\n<li data-section-id=\"1jjzu55\" data-start=\"2037\" data-end=\"2083\"><strong data-start=\"2039\" data-end=\"2053\">Fonction :<\/strong> Parfum \/ \u00e9limination odeurs<\/li>\n<\/ul>\n<p>&nbsp;<\/p>\n","protected":false},"excerpt":{"rendered":"<p>Apportez une fra\u00eecheur \u00e9l\u00e9gante \u00e0 votre v\u00e9hicule avec le parfum Baseus Aroma AirFreshener Cologne. Diffusion longue dur\u00e9e, senteur raffin\u00e9e et design premium pour une exp\u00e9rience agr\u00e9able \u00e0 chaque trajet.<br data-start=\"492\" data-end=\"495\" \/>\ud83d\ude97 Disponible \u00e0 Abidjan avec livraison rapide.<\/p>\n","protected":false},"featured_media":9752,"comment_status":"open","ping_status":"closed","template":"","meta":[],"product_cat":[80],"product_tag":[],"class_list":{"0":"post-9491","1":"product","2":"type-product","3":"status-publish","4":"has-post-thumbnail","6":"product_cat-accessoires-divers","8":"first","9":"instock","10":"shipping-taxable","11":"purchasable","12":"product-type-simple"},"jetpack_sharing_enabled":true,"_links":{"self":[{"href":"https:\/\/baseus.ci\/index.php\/wp-json\/wp\/v2\/product\/9491","targetHints":{"allow":["GET"]}}],"collection":[{"href":"https:\/\/baseus.ci\/index.php\/wp-json\/wp\/v2\/product"}],"about":[{"href":"https:\/\/baseus.ci\/index.php\/wp-json\/wp\/v2\/types\/product"}],"replies":[{"embeddable":true,"href":"https:\/\/baseus.ci\/index.php\/wp-json\/wp\/v2\/comments?post=9491"}],"wp:featuredmedia":[{"embeddable":true,"href":"https:\/\/baseus.ci\/index.php\/wp-json\/wp\/v2\/media\/9752"}],"wp:attachment":[{"href":"https:\/\/baseus.ci\/index.php\/wp-json\/wp\/v2\/media?parent=9491"}],"wp:term":[{"taxonomy":"product_cat","embeddable":true,"href":"https:\/\/baseus.ci\/index.php\/wp-json\/wp\/v2\/product_cat?post=9491"},{"taxonomy":"product_tag","embeddable":true,"href":"https:\/\/baseus.ci\/index.php\/wp-json\/wp\/v2\/product_tag?post=9491"}],"curies":[{"name":"wp","href":"https:\/\/api.w.org\/{rel}","templated":true}]}}