{"id":9469,"date":"2025-09-14T01:15:20","date_gmt":"2025-09-13T23:15:20","guid":{"rendered":"http:\/\/localhost\/baseusci\/?post_type=product&#038;p=9469"},"modified":"2026-04-01T16:03:52","modified_gmt":"2026-04-01T14:03:52","slug":"desodorisant-humidificateur-baseus-elephant-2-en-1-avec-lampe-led-diffuseur-parfum-a-abidjan-cote-divoire","status":"publish","type":"product","link":"https:\/\/baseus.ci\/index.php\/product\/desodorisant-humidificateur-baseus-elephant-2-en-1-avec-lampe-led-diffuseur-parfum-a-abidjan-cote-divoire\/","title":{"rendered":"D\u00e9sodorisant humidificateur Baseus Elephant 2 en 1 avec lampe LED \u2013 Diffuseur parfum \u00e0 Abidjan (C\u00f4te d\u2019Ivoire)"},"content":{"rendered":"<h2 data-section-id=\"5hx6f4\" data-start=\"604\" data-end=\"648\">\ud83d\udca7 2 en 1 : humidificateur + d\u00e9sodorisant<\/h2>\n<p data-start=\"649\" data-end=\"688\">Profitez d\u2019un appareil polyvalent qui :<\/p>\n<ul data-start=\"689\" data-end=\"779\">\n<li data-section-id=\"aglhp5\" data-start=\"689\" data-end=\"708\">Humidifie l\u2019air<\/li>\n<li data-section-id=\"vmggbw\" data-start=\"709\" data-end=\"779\">Diffuse un parfum agr\u00e9able<br data-start=\"737\" data-end=\"740\" \/>\ud83d\udc49 Am\u00e9liore votre confort au quotidien.<\/li>\n<\/ul>\n<hr data-start=\"781\" data-end=\"784\" \/>\n<h2 data-section-id=\"2im0yx\" data-start=\"786\" data-end=\"818\">\ud83c\udf2c\ufe0f Air plus sain et agr\u00e9able<\/h2>\n<p data-start=\"819\" data-end=\"827\">R\u00e9duit :<\/p>\n<ul data-start=\"828\" data-end=\"897\">\n<li data-section-id=\"avx9iq\" data-start=\"828\" data-end=\"841\">L\u2019air sec<\/li>\n<li data-section-id=\"10ibu2y\" data-start=\"842\" data-end=\"866\">Les mauvaises odeurs<\/li>\n<li data-section-id=\"1ixyyao\" data-start=\"867\" data-end=\"897\">Les sensations d\u2019inconfort<\/li>\n<\/ul>\n<hr data-start=\"899\" data-end=\"902\" \/>\n<h2 data-section-id=\"icvemk\" data-start=\"904\" data-end=\"937\">\ud83d\udca1 Lampe LED ambiance int\u00e9gr\u00e9e<\/h2>\n<p data-start=\"938\" data-end=\"969\">Cr\u00e9e une atmosph\u00e8re relaxante :<\/p>\n<ul data-start=\"970\" data-end=\"1019\">\n<li data-section-id=\"fg9oj6\" data-start=\"970\" data-end=\"987\">Lumi\u00e8re douce<\/li>\n<li data-section-id=\"11rki2r\" data-start=\"988\" data-end=\"1019\">Id\u00e9ale pour nuit ou d\u00e9tente<\/li>\n<\/ul>\n<hr data-start=\"1021\" data-end=\"1024\" \/>\n<h2 data-section-id=\"1rnf2d8\" data-start=\"1026\" data-end=\"1069\">\ud83d\udc18 Design Elephant original et d\u00e9coratif<\/h2>\n<p data-start=\"1070\" data-end=\"1150\">Un design unique qui apporte une touche moderne et esth\u00e9tique \u00e0 votre int\u00e9rieur.<\/p>\n<hr data-start=\"1152\" data-end=\"1155\" \/>\n<h2 data-section-id=\"1j1m0ox\" data-start=\"1157\" data-end=\"1188\">\ud83d\udd07 Fonctionnement silencieux<\/h2>\n<p data-start=\"1189\" data-end=\"1203\">Parfait pour :<\/p>\n<ul data-start=\"1204\" data-end=\"1235\">\n<li data-section-id=\"1pyek62\" data-start=\"1204\" data-end=\"1215\">Chambre<\/li>\n<li data-section-id=\"igqs1o\" data-start=\"1216\" data-end=\"1226\">Bureau<\/li>\n<li data-section-id=\"1tbifla\" data-start=\"1227\" data-end=\"1235\">Nuit<\/li>\n<\/ul>\n<hr data-start=\"1237\" data-end=\"1240\" \/>\n<h2 data-section-id=\"2wme4k\" data-start=\"1242\" data-end=\"1273\">\ud83d\udd0c Alimentation USB pratique<\/h2>\n<ul data-start=\"1274\" data-end=\"1329\">\n<li data-section-id=\"1vqywuv\" data-start=\"1274\" data-end=\"1299\">Compatible power bank<\/li>\n<li data-section-id=\"1j4aocb\" data-start=\"1300\" data-end=\"1306\">PC<\/li>\n<li data-section-id=\"15g1lx8\" data-start=\"1307\" data-end=\"1329\">Adaptateur secteur<\/li>\n<\/ul>\n<hr data-start=\"1331\" data-end=\"1334\" \/>\n<h2 data-section-id=\"33duvl\" data-start=\"1336\" data-end=\"1365\">\ud83c\udfe0 Utilisation polyvalente<\/h2>\n<ul data-start=\"1366\" data-end=\"1411\">\n<li data-section-id=\"s3sfpb\" data-start=\"1366\" data-end=\"1376\">Maison<\/li>\n<li data-section-id=\"igqs1o\" data-start=\"1377\" data-end=\"1387\">Bureau<\/li>\n<li data-section-id=\"1wjmzwu\" data-start=\"1388\" data-end=\"1399\">Voiture<\/li>\n<li data-section-id=\"1pyek62\" data-start=\"1400\" data-end=\"1411\">Chambre<\/li>\n<\/ul>\n<hr data-start=\"1413\" data-end=\"1416\" \/>\n<h2 data-section-id=\"12wokia\" data-start=\"1418\" data-end=\"1457\">\ud83d\udee1\ufe0f Produit original certifi\u00e9 Baseus<\/h2>\n<p data-start=\"1458\" data-end=\"1534\">\u2714\ufe0f 100% authentique<br data-start=\"1477\" data-end=\"1480\" \/>\u2714\ufe0f Haute qualit\u00e9 garantie<br data-start=\"1505\" data-end=\"1508\" \/>\u2714\ufe0f Utilisation s\u00e9curis\u00e9e<\/p>\n<p data-start=\"1536\" data-end=\"1593\">\ud83c\udf10 Le site officiel de la marque est : <strong data-start=\"1575\" data-end=\"1593\"><a class=\"decorated-link cursor-pointer\" target=\"_new\" rel=\"noopener\" data-start=\"1577\" data-end=\"1591\">www.baseus.ci<\/a><\/strong><\/p>\n<hr data-start=\"1595\" data-end=\"1598\" \/>\n<h1 data-section-id=\"8fipsp\" data-start=\"1600\" data-end=\"1647\"><span role=\"text\">\u2699\ufe0f <strong data-start=\"1605\" data-end=\"1647\">Caract\u00e9ristiques techniques d\u00e9taill\u00e9es<\/strong><\/span><\/h1>\n<ul data-start=\"1649\" data-end=\"2071\">\n<li data-section-id=\"iin2im\" data-start=\"1649\" data-end=\"1672\"><strong data-start=\"1651\" data-end=\"1663\">Marque :<\/strong> Baseus<\/li>\n<li data-section-id=\"1d3czo2\" data-start=\"1673\" data-end=\"1705\"><strong data-start=\"1675\" data-end=\"1687\">Mod\u00e8le :<\/strong> Elephant 2 en 1<\/li>\n<li data-section-id=\"xrsa4a\" data-start=\"1706\" data-end=\"1733\"><strong data-start=\"1708\" data-end=\"1723\">R\u00e9f\u00e9rence :<\/strong> DHXX-02<\/li>\n<li data-section-id=\"a2z78\" data-start=\"1734\" data-end=\"1790\"><strong data-start=\"1736\" data-end=\"1746\">Type :<\/strong> Humidificateur + d\u00e9sodorisant + lampe LED<\/li>\n<li data-section-id=\"z50aal\" data-start=\"1791\" data-end=\"1817\"><strong data-start=\"1793\" data-end=\"1811\">Alimentation :<\/strong> USB<\/li>\n<li data-section-id=\"8e0jv7\" data-start=\"1818\" data-end=\"1875\"><strong data-start=\"1820\" data-end=\"1834\">Fonction :<\/strong> Diffusion + humidification + \u00e9clairage<\/li>\n<li data-section-id=\"k16flt\" data-start=\"1876\" data-end=\"1918\"><strong data-start=\"1878\" data-end=\"1892\">Capacit\u00e9 :<\/strong> R\u00e9servoir d\u2019eau int\u00e9gr\u00e9<\/li>\n<li data-section-id=\"1io1qnp\" data-start=\"1919\" data-end=\"1945\"><strong data-start=\"1921\" data-end=\"1932\">Bruit :<\/strong> Silencieux<\/li>\n<li data-section-id=\"13jh2r9\" data-start=\"1946\" data-end=\"1996\"><strong data-start=\"1948\" data-end=\"1963\">Mat\u00e9riaux :<\/strong> ABS + composants \u00e9lectroniques<\/li>\n<li data-section-id=\"xekvpj\" data-start=\"1997\" data-end=\"2020\"><strong data-start=\"1999\" data-end=\"2012\">Couleur :<\/strong> Blanc<\/li>\n<li data-section-id=\"1q1z6io\" data-start=\"2021\" data-end=\"2071\"><strong data-start=\"2023\" data-end=\"2040\">Utilisation :<\/strong> Int\u00e9rieur \/ voiture \/ bureau<\/li>\n<\/ul>\n<p>&nbsp;<\/p>\n","protected":false},"excerpt":{"rendered":"<p>Apportez fra\u00eecheur et humidit\u00e9 \u00e0 votre espace avec le diffuseur Baseus Elephant 2 en 1. Humidificateur, d\u00e9sodorisant et lampe LED dans un design \u00e9l\u00e9gant, id\u00e9al pour maison, bureau ou voiture.<br data-start=\"488\" data-end=\"491\" \/>\ud83d\udccd Disponible \u00e0 Abidjan avec livraison rapide.<\/p>\n","protected":false},"featured_media":9744,"comment_status":"open","ping_status":"closed","template":"","meta":[],"product_cat":[83],"product_tag":[],"class_list":{"0":"post-9469","1":"product","2":"type-product","3":"status-publish","4":"has-post-thumbnail","6":"product_cat-in-home","8":"first","9":"instock","10":"sale","11":"shipping-taxable","12":"purchasable","13":"product-type-simple"},"jetpack_sharing_enabled":true,"_links":{"self":[{"href":"https:\/\/baseus.ci\/index.php\/wp-json\/wp\/v2\/product\/9469","targetHints":{"allow":["GET"]}}],"collection":[{"href":"https:\/\/baseus.ci\/index.php\/wp-json\/wp\/v2\/product"}],"about":[{"href":"https:\/\/baseus.ci\/index.php\/wp-json\/wp\/v2\/types\/product"}],"replies":[{"embeddable":true,"href":"https:\/\/baseus.ci\/index.php\/wp-json\/wp\/v2\/comments?post=9469"}],"wp:featuredmedia":[{"embeddable":true,"href":"https:\/\/baseus.ci\/index.php\/wp-json\/wp\/v2\/media\/9744"}],"wp:attachment":[{"href":"https:\/\/baseus.ci\/index.php\/wp-json\/wp\/v2\/media?parent=9469"}],"wp:term":[{"taxonomy":"product_cat","embeddable":true,"href":"https:\/\/baseus.ci\/index.php\/wp-json\/wp\/v2\/product_cat?post=9469"},{"taxonomy":"product_tag","embeddable":true,"href":"https:\/\/baseus.ci\/index.php\/wp-json\/wp\/v2\/product_tag?post=9469"}],"curies":[{"name":"wp","href":"https:\/\/api.w.org\/{rel}","templated":true}]}}