{"id":9416,"date":"2025-09-14T01:14:07","date_gmt":"2025-09-13T23:14:07","guid":{"rendered":"http:\/\/localhost\/baseusci\/?post_type=product&#038;p=9416"},"modified":"2026-03-26T21:17:59","modified_gmt":"2026-03-26T20:17:59","slug":"tapis-de-bureau-intelligent-3-en-1-baseus-magpro-series-2-noir-abidjan-cote-divoire","status":"publish","type":"product","link":"https:\/\/baseus.ci\/index.php\/product\/tapis-de-bureau-intelligent-3-en-1-baseus-magpro-series-2-noir-abidjan-cote-divoire\/","title":{"rendered":"Tapis de Bureau Baseus 3-en-1 Original \u2013 Support PC + Repose-Poignets + Tapis Souris Premium | Disponible \u00e0 Abidjan Livraison Rapide"},"content":{"rendered":"<h2 data-section-id=\"ws9bzm\" data-start=\"861\" data-end=\"915\">\ud83d\udcbc Transformez votre bureau en espace professionnel<\/h2>\n<div class=\"no-scrollbar flex min-h-36 flex-nowrap gap-0.5 overflow-auto sm:gap-1 sm:overflow-hidden xl:min-h-44 mt-1 mb-5 [&amp;:not(:first-child)]:mt-4\">\n<div class=\"border-token-border-default relative w-32 shrink-0 overflow-hidden rounded-xl border-[0.5px] md:shrink max-h-64 sm:w-[calc((100%-0.5rem)\/3)] rounded-s-xl\">\n<div class=\"group\/search-image @container\/search-image relative rounded-[inherit] h-full w-full\">\n<div><img decoding=\"async\" class=\"bg-token-main-surface-tertiary m-0 h-full w-full object-cover\" src=\"https:\/\/static5.hurtel.com\/hpeciai\/af0d336b3f7731b59974840bcdd9843b\/eng_pm_Baseus-MagPro-Series-II-BS-PS037-Desk-Mat-with-Wrist-Rest-Black-164481_6.jpg\" alt=\"https:\/\/static5.hurtel.com\/hpeciai\/af0d336b3f7731b59974840bcdd9843b\/eng_pm_Baseus-MagPro-Series-II-BS-PS037-Desk-Mat-with-Wrist-Rest-Black-164481_6.jpg\" \/><\/div>\n<\/div>\n<\/div>\n<div class=\"border-token-border-default relative w-32 shrink-0 overflow-hidden rounded-xl border-[0.5px] md:shrink max-h-64 sm:w-[calc((100%-0.5rem)\/3)]\">\n<div class=\"group\/search-image @container\/search-image relative rounded-[inherit] h-full w-full\"><\/div>\n<\/div>\n<div class=\"border-token-border-default relative w-32 shrink-0 overflow-hidden rounded-xl border-[0.5px] md:shrink max-h-64 sm:w-[calc((100%-0.5rem)\/3)] rounded-e-xl\">\n<div class=\"group\/search-image @container\/search-image relative rounded-[inherit] h-full w-full\">\n<div><\/div>\n<div class=\"pointer-events-none absolute inset-x-2 bottom-2 z-0 flex max-w-[calc(100%-1rem)] flex-wrap items-end justify-end gap-1.5\">\n<div class=\"shrink-0\">\n<div class=\"flex items-center gap-1 rounded-full px-2 py-1.5 text-white backdrop-blur-md backdrop-brightness-75\"><span class=\"text-xs font-semibold\">4<\/span><\/div>\n<\/div>\n<\/div>\n<\/div>\n<\/div>\n<\/div>\n<p data-start=\"959\" data-end=\"1100\">Le tapis de bureau <strong data-start=\"978\" data-end=\"1038\"><span class=\"hover:entity-accent entity-underline inline cursor-pointer align-baseline\"><span class=\"whitespace-normal\">Baseus<\/span><\/span> 3-en-1 intelligent<\/strong> est con\u00e7u pour am\u00e9liorer votre confort et votre productivit\u00e9.<\/p>\n<p data-start=\"1102\" data-end=\"1175\">\ud83d\udc49 Une solution compl\u00e8te pour un bureau organis\u00e9, \u00e9l\u00e9gant et ergonomique.<\/p>\n<hr data-start=\"1177\" data-end=\"1180\" \/>\n<h2 data-section-id=\"1qxdi40\" data-start=\"1182\" data-end=\"1223\">\ud83d\udcbb Support ordinateur portable int\u00e9gr\u00e9<\/h2>\n<p data-start=\"1225\" data-end=\"1308\">\u2714\ufe0f Position sur\u00e9lev\u00e9e ergonomique<br data-start=\"1258\" data-end=\"1261\" \/>\u2714\ufe0f Am\u00e9liore la posture<br data-start=\"1283\" data-end=\"1286\" \/>\u2714\ufe0f R\u00e9duit la fatigue<\/p>\n<p data-start=\"1310\" data-end=\"1352\">\ud83d\udc49 Id\u00e9al pour longues sessions de travail.<\/p>\n<hr data-start=\"1354\" data-end=\"1357\" \/>\n<h2 data-section-id=\"1onhy1z\" data-start=\"1359\" data-end=\"1391\">\u270b Repose-poignets confortable<\/h2>\n<p data-start=\"1393\" data-end=\"1472\">\u2714\ufe0f Soutien ergonomique<br data-start=\"1415\" data-end=\"1418\" \/>\u2714\ufe0f R\u00e9duction de la fatigue<br data-start=\"1444\" data-end=\"1447\" \/>\u2714\ufe0f Confort longue dur\u00e9e<\/p>\n<p data-start=\"1474\" data-end=\"1501\">\ud83d\udc49 Travaillez sans douleur.<\/p>\n<hr data-start=\"1503\" data-end=\"1506\" \/>\n<h2 data-section-id=\"1wumemu\" data-start=\"1508\" data-end=\"1550\">\ud83d\uddb1\ufe0f Grand tapis de souris multifonction<\/h2>\n<p data-start=\"1552\" data-end=\"1613\">\u2714\ufe0f Surface large<br data-start=\"1568\" data-end=\"1571\" \/>\u2714\ufe0f Glisse fluide<br data-start=\"1587\" data-end=\"1590\" \/>\u2714\ufe0f Pr\u00e9cision optimale<\/p>\n<p data-start=\"1615\" data-end=\"1653\">\ud83d\udc49 Parfait pour bureautique et gaming.<\/p>\n<hr data-start=\"1655\" data-end=\"1658\" \/>\n<h2 data-section-id=\"cqd9s3\" data-start=\"1660\" data-end=\"1689\">\ud83d\udcf1 Support multi-appareils<\/h2>\n<p data-start=\"1691\" data-end=\"1776\">\u2714\ufe0f Emplacement pour smartphone<br data-start=\"1721\" data-end=\"1724\" \/>\u2714\ufe0f Support tablette<br data-start=\"1743\" data-end=\"1746\" \/>\u2714\ufe0f Organisation intelligente<\/p>\n<p data-start=\"1778\" data-end=\"1824\">\ud83d\udc49 Gardez tous vos appareils \u00e0 port\u00e9e de main.<\/p>\n<hr data-start=\"1826\" data-end=\"1829\" \/>\n<h2 data-section-id=\"1w1kjvk\" data-start=\"1831\" data-end=\"1860\">\u2728 Mat\u00e9riau cuir PU premium<\/h2>\n<p data-start=\"1862\" data-end=\"1932\">\u2714\ufe0f R\u00e9sistant \u00e0 l\u2019usure<br data-start=\"1884\" data-end=\"1887\" \/>\u2714\ufe0f Facile \u00e0 nettoyer<br data-start=\"1907\" data-end=\"1910\" \/>\u2714\ufe0f Finition \u00e9l\u00e9gante<\/p>\n<p data-start=\"1934\" data-end=\"1980\">\ud83d\udc49 Un bureau toujours propre et professionnel.<\/p>\n<hr data-start=\"1982\" data-end=\"1985\" \/>\n<h2 data-section-id=\"1j6j3oi\" data-start=\"1987\" data-end=\"2018\">\ud83d\udce6 Design intelligent 3-en-1<\/h2>\n<p data-start=\"2020\" data-end=\"2084\">\u2714\ufe0f Gain de place<br data-start=\"2036\" data-end=\"2039\" \/>\u2714\ufe0f Organisation optimale<br data-start=\"2063\" data-end=\"2066\" \/>\u2714\ufe0f Multifonction<\/p>\n<p data-start=\"2086\" data-end=\"2127\">\ud83d\udc49 Un seul produit pour plusieurs usages.<\/p>\n<hr data-start=\"2129\" data-end=\"2132\" \/>\n<h2 data-section-id=\"1v1r1bo\" data-start=\"2134\" data-end=\"2167\">\u2699\ufe0f CARACT\u00c9RISTIQUES TECHNIQUES<\/h2>\n<p data-start=\"2169\" data-end=\"2436\">\ud83d\udce6 Type : Tapis de bureau multifonction<br data-start=\"2208\" data-end=\"2211\" \/>\ud83e\udde9 Fonction : 3-en-1 (tapis + support + repose-poignets)<br data-start=\"2267\" data-end=\"2270\" \/>\ud83d\udcbb Support : ordinateur portable<br data-start=\"2302\" data-end=\"2305\" \/>\ud83d\udcf1 Compatibilit\u00e9 : smartphone + tablette<br data-start=\"2345\" data-end=\"2348\" \/>\ud83d\uddb1\ufe0f Surface : tapis souris large<br data-start=\"2380\" data-end=\"2383\" \/>\ud83e\uddf5 Mat\u00e9riau : cuir PU<br data-start=\"2404\" data-end=\"2407\" \/>\ud83c\udfa8 Couleur : (selon mod\u00e8le)<\/p>\n<hr data-start=\"2438\" data-end=\"2441\" \/>\n<h2 data-section-id=\"1x61zdz\" data-start=\"2443\" data-end=\"2460\">\ud83d\udcbc UTILISATION<\/h2>\n<p data-start=\"2462\" data-end=\"2528\">\u2714\ufe0f Bureau professionnel<br data-start=\"2485\" data-end=\"2488\" \/>\u2714\ufe0f T\u00e9l\u00e9travail<br data-start=\"2502\" data-end=\"2505\" \/>\u2714\ufe0f \u00c9tudes<br data-start=\"2514\" data-end=\"2517\" \/>\u2714\ufe0f Gaming<\/p>\n<hr data-start=\"2530\" data-end=\"2533\" \/>\n<h2 data-section-id=\"1m8g89z\" data-start=\"2535\" data-end=\"2569\">\ud83d\udee1\ufe0f PRODUIT ORIGINAL &amp; CERTIFI\u00c9<\/h2>\n<p data-start=\"2571\" data-end=\"2686\">Produit authentique <span class=\"hover:entity-accent entity-underline inline cursor-pointer align-baseline\"><span class=\"whitespace-normal\">Baseus<\/span><\/span><br data-start=\"2628\" data-end=\"2631\" \/>Distribu\u00e9 officiellement en C\u00f4te d\u2019Ivoire par POWERED<\/p>\n<p data-start=\"2688\" data-end=\"2727\">\u2714\ufe0f 100% original<br data-start=\"2704\" data-end=\"2707\" \/>\u2714\ufe0f Qualit\u00e9 premium<\/p>\n<p data-start=\"2729\" data-end=\"2766\">\ud83d\udc49 Site officiel : <strong data-start=\"2748\" data-end=\"2766\"><a class=\"decorated-link cursor-pointer\" target=\"_new\" rel=\"noopener\" data-start=\"2750\" data-end=\"2764\">www.baseus.ci<\/a><\/strong><\/p>\n<hr data-start=\"2768\" data-end=\"2771\" \/>\n<h2 data-section-id=\"grsowy\" data-start=\"2773\" data-end=\"2801\">\ud83d\udee1\ufe0f GARANTIE CONSTRUCTEUR<\/h2>\n<p data-start=\"2803\" data-end=\"2886\">\u2714\ufe0f Jusqu\u2019\u00e0 <strong data-start=\"2814\" data-end=\"2837\">12 mois de garantie<\/strong><br data-start=\"2837\" data-end=\"2840\" \/>\u2714\ufe0f Assistance disponible<br data-start=\"2864\" data-end=\"2867\" \/>\u2714\ufe0f Achat s\u00e9curis\u00e9<\/p>\n<hr data-start=\"2888\" data-end=\"2891\" \/>\n<h2 data-section-id=\"1my3g68\" data-start=\"2893\" data-end=\"2912\">\ud83d\udccd DISPONIBILIT\u00c9<\/h2>\n<p data-start=\"2914\" data-end=\"3010\">\ud83d\udccd Abidjan : Cocody, Plateau, Marcory, Yopougon<br data-start=\"2961\" data-end=\"2964\" \/>\ud83d\ude9a Livraison rapide partout en C\u00f4te d\u2019Ivoire<\/p>\n<hr data-start=\"3012\" data-end=\"3015\" \/>\n<h2 data-section-id=\"ehqg4x\" data-start=\"3017\" data-end=\"3052\">\ud83c\udfaf POURQUOI CHOISIR CE PRODUIT ?<\/h2>\n<p data-start=\"3054\" data-end=\"3155\">\u2714\ufe0f Am\u00e9liore le confort de travail<br data-start=\"3087\" data-end=\"3090\" \/>\u2714\ufe0f Organisation optimale<br data-start=\"3114\" data-end=\"3117\" \/>\u2714\ufe0f Design premium<br data-start=\"3134\" data-end=\"3137\" \/>\u2714\ufe0f Multifonction<\/p>\n<hr data-start=\"3157\" data-end=\"3160\" \/>\n<h2 data-section-id=\"h1idu2\" data-start=\"3162\" data-end=\"3188\">\ud83d\udd25 COMMANDEZ MAINTENANT<\/h2>\n<p data-start=\"3190\" data-end=\"3236\">Stock disponible \u26a0\ufe0f<br data-start=\"3209\" data-end=\"3212\" \/>\ud83d\udc49 Livraison rapide \ud83d\ude80<\/p>\n","protected":false},"excerpt":{"rendered":"<p data-start=\"412\" data-end=\"533\">Optimisez votre espace de travail avec le tapis de bureau <strong data-start=\"470\" data-end=\"518\">3-en-1 <span class=\"hover:entity-accent entity-underline inline cursor-pointer align-baseline\"><span class=\"whitespace-normal\">Baseus<\/span><\/span><\/strong> multifonction.<\/p>\n<p data-start=\"535\" data-end=\"672\">\ud83d\udcbb Support ordinateur portable int\u00e9gr\u00e9<br data-start=\"573\" data-end=\"576\" \/>\u270b Repose-poignets ergonomique<br data-start=\"605\" data-end=\"608\" \/>\ud83d\uddb1\ufe0f Grand tapis souris confortable<br data-start=\"642\" data-end=\"645\" \/>\u2728 Surface cuir PU premium<\/p>\n<p data-start=\"674\" data-end=\"796\">\ud83d\udee1\ufe0f Produit 100% original certifi\u00e9 \u2013 Garantie jusqu\u2019\u00e0 12 mois<br data-start=\"735\" data-end=\"738\" \/>\ud83d\udccd Disponible \u00e0 Abidjan \u2013 Livraison rapide C\u00f4te d\u2019Ivoire<\/p>\n","protected":false},"featured_media":11324,"comment_status":"open","ping_status":"closed","template":"","meta":[],"product_cat":[84,79],"product_tag":[],"class_list":{"0":"post-9416","1":"product","2":"type-product","3":"status-publish","4":"has-post-thumbnail","6":"product_cat-home4","7":"product_cat-informatique","9":"first","10":"instock","11":"shipping-taxable","12":"purchasable","13":"product-type-simple"},"jetpack_sharing_enabled":true,"_links":{"self":[{"href":"https:\/\/baseus.ci\/index.php\/wp-json\/wp\/v2\/product\/9416","targetHints":{"allow":["GET"]}}],"collection":[{"href":"https:\/\/baseus.ci\/index.php\/wp-json\/wp\/v2\/product"}],"about":[{"href":"https:\/\/baseus.ci\/index.php\/wp-json\/wp\/v2\/types\/product"}],"replies":[{"embeddable":true,"href":"https:\/\/baseus.ci\/index.php\/wp-json\/wp\/v2\/comments?post=9416"}],"wp:featuredmedia":[{"embeddable":true,"href":"https:\/\/baseus.ci\/index.php\/wp-json\/wp\/v2\/media\/11324"}],"wp:attachment":[{"href":"https:\/\/baseus.ci\/index.php\/wp-json\/wp\/v2\/media?parent=9416"}],"wp:term":[{"taxonomy":"product_cat","embeddable":true,"href":"https:\/\/baseus.ci\/index.php\/wp-json\/wp\/v2\/product_cat?post=9416"},{"taxonomy":"product_tag","embeddable":true,"href":"https:\/\/baseus.ci\/index.php\/wp-json\/wp\/v2\/product_tag?post=9416"}],"curies":[{"name":"wp","href":"https:\/\/api.w.org\/{rel}","templated":true}]}}