{"id":9415,"date":"2025-09-14T01:14:07","date_gmt":"2025-09-13T23:14:07","guid":{"rendered":"http:\/\/localhost\/baseusci\/?post_type=product&#038;p=9415"},"modified":"2026-04-27T17:23:58","modified_gmt":"2026-04-27T15:23:58","slug":"presentateur-sans-fil-baseus-orange-dot-avec-pointeur-laser-telecommande-powerpoint-a-abidjan-cote-divoire","status":"publish","type":"product","link":"https:\/\/baseus.ci\/index.php\/product\/presentateur-sans-fil-baseus-orange-dot-avec-pointeur-laser-telecommande-powerpoint-a-abidjan-cote-divoire\/","title":{"rendered":"Pr\u00e9sentateur sans fil Baseus Orange Dot avec pointeur laser \u2013 T\u00e9l\u00e9commande PowerPoint \u00e0 Abidjan (C\u00f4te d\u2019Ivoire)"},"content":{"rendered":"<h2 data-section-id=\"1tnt4t7\" data-start=\"617\" data-end=\"660\">\ud83c\udfa4 Pr\u00e9sentez avec confiance et pr\u00e9cision<\/h2>\n<p data-start=\"661\" data-end=\"798\">Le pr\u00e9sentateur Baseus Orange Dot est con\u00e7u pour vous offrir un contr\u00f4le total lors de vos pr\u00e9sentations professionnelles ou acad\u00e9miques.<\/p>\n<hr data-start=\"800\" data-end=\"803\" \/>\n<h2 data-section-id=\"1o2xt68\" data-start=\"805\" data-end=\"842\">\ud83d\udd34 Pointeur laser haute visibilit\u00e9<\/h2>\n<ul data-start=\"843\" data-end=\"938\">\n<li data-section-id=\"1hksx6h\" data-start=\"843\" data-end=\"865\">Laser rouge pr\u00e9cis<\/li>\n<li data-section-id=\"13jfglj\" data-start=\"866\" data-end=\"902\">Parfait pour attirer l\u2019attention<\/li>\n<li data-section-id=\"1ojxjvt\" data-start=\"903\" data-end=\"938\">Visible sur \u00e9cran et projection<\/li>\n<\/ul>\n<hr data-start=\"940\" data-end=\"943\" \/>\n<h2 data-section-id=\"b9ryqh\" data-start=\"945\" data-end=\"993\">\ud83d\udce1 Double connectivit\u00e9 Bluetooth + USB\/Type-C<\/h2>\n<p data-start=\"994\" data-end=\"1014\">Connexion flexible :<\/p>\n<ul data-start=\"1015\" data-end=\"1078\">\n<li data-section-id=\"mq8r6a\" data-start=\"1015\" data-end=\"1037\">Bluetooth sans fil<\/li>\n<li data-section-id=\"1vhtjff\" data-start=\"1038\" data-end=\"1057\">R\u00e9cepteur USB-A<\/li>\n<li data-section-id=\"c6ym7p\" data-start=\"1058\" data-end=\"1078\">Adaptateur USB-C<\/li>\n<\/ul>\n<p data-start=\"1080\" data-end=\"1118\">\ud83d\udc49 Compatible avec tous vos appareils.<\/p>\n<hr data-start=\"1120\" data-end=\"1123\" \/>\n<h2 data-section-id=\"1sjuv6c\" data-start=\"1125\" data-end=\"1158\">\ud83c\udfae Contr\u00f4le complet des slides<\/h2>\n<ul data-start=\"1159\" data-end=\"1261\">\n<li data-section-id=\"1g84quo\" data-start=\"1159\" data-end=\"1181\">\u25b6\ufe0f Lecture \/ Pause<\/li>\n<li data-section-id=\"1jpo1a5\" data-start=\"1182\" data-end=\"1208\">\u23ed\ufe0f Suivant \/ Pr\u00e9c\u00e9dent<\/li>\n<li data-section-id=\"1es0gq6\" data-start=\"1209\" data-end=\"1231\">\ud83d\udd07 Mode silencieux<\/li>\n<li data-section-id=\"eqedgw\" data-start=\"1232\" data-end=\"1261\">\ud83c\udfaf Activation du pointeur<\/li>\n<\/ul>\n<hr data-start=\"1263\" data-end=\"1266\" \/>\n<h2 data-section-id=\"17usvjv\" data-start=\"1268\" data-end=\"1296\">\ud83d\udccf Port\u00e9e longue distance<\/h2>\n<p data-start=\"1297\" data-end=\"1338\">Contr\u00f4lez votre pr\u00e9sentation \u00e0 distance :<\/p>\n<ul data-start=\"1339\" data-end=\"1405\">\n<li data-section-id=\"4cdrwu\" data-start=\"1339\" data-end=\"1373\">Jusqu\u2019\u00e0 environ 10 \u00e0 15 m\u00e8tres<\/li>\n<li data-section-id=\"93n8et\" data-start=\"1374\" data-end=\"1405\">Libert\u00e9 de mouvement totale<\/li>\n<\/ul>\n<hr data-start=\"1407\" data-end=\"1410\" \/>\n<h2 data-section-id=\"1nbfaz1\" data-start=\"1412\" data-end=\"1446\">\ud83d\udcbb Compatible multi-plateformes<\/h2>\n<p data-start=\"1447\" data-end=\"1464\">Fonctionne avec :<\/p>\n<ul data-start=\"1465\" data-end=\"1531\">\n<li data-section-id=\"1ch3z3r\" data-start=\"1465\" data-end=\"1476\">Windows<\/li>\n<li data-section-id=\"wycliz\" data-start=\"1477\" data-end=\"1486\">MacOS<\/li>\n<li data-section-id=\"tgb29n\" data-start=\"1487\" data-end=\"1501\">PowerPoint<\/li>\n<li data-section-id=\"4dw3m7\" data-start=\"1502\" data-end=\"1513\">Keynote<\/li>\n<li data-section-id=\"kw43np\" data-start=\"1514\" data-end=\"1531\">Google Slides<\/li>\n<\/ul>\n<hr data-start=\"1533\" data-end=\"1536\" \/>\n<h2 data-section-id=\"1gjibbi\" data-start=\"1538\" data-end=\"1575\">\ud83c\udf92 Design compact et professionnel<\/h2>\n<ul data-start=\"1576\" data-end=\"1626\">\n<li data-section-id=\"1e5xfel\" data-start=\"1576\" data-end=\"1585\">L\u00e9ger<\/li>\n<li data-section-id=\"1anptdf\" data-start=\"1586\" data-end=\"1601\">Ergonomique<\/li>\n<li data-section-id=\"57odug\" data-start=\"1602\" data-end=\"1626\">Facile \u00e0 transporter<\/li>\n<\/ul>\n<hr data-start=\"1628\" data-end=\"1631\" \/>\n<h2 data-section-id=\"a3k81q\" data-start=\"1633\" data-end=\"1660\">\ud83d\udd0b Batterie longue dur\u00e9e<\/h2>\n<ul data-start=\"1661\" data-end=\"1734\">\n<li data-section-id=\"1q9gyb2\" data-start=\"1661\" data-end=\"1684\">Faible consommation<\/li>\n<li data-section-id=\"1ytijdt\" data-start=\"1685\" data-end=\"1734\">Utilisation prolong\u00e9e sans recharge fr\u00e9quente<\/li>\n<\/ul>\n<hr data-start=\"1736\" data-end=\"1739\" \/>\n<h2 data-section-id=\"1i6p5na\" data-start=\"1741\" data-end=\"1772\">\ud83c\udfa8 Design moderne Orange Dot<\/h2>\n<p data-start=\"1773\" data-end=\"1808\">Style premium et finition \u00e9l\u00e9gante.<\/p>\n<hr data-start=\"1810\" data-end=\"1813\" \/>\n<h2 data-section-id=\"12wokia\" data-start=\"1815\" data-end=\"1854\">\ud83d\udee1\ufe0f Produit original certifi\u00e9 Baseus<\/h2>\n<p data-start=\"1855\" data-end=\"1920\">\u2714\ufe0f 100% authentique<br data-start=\"1874\" data-end=\"1877\" \/>\u2714\ufe0f Produit garanti<br data-start=\"1895\" data-end=\"1898\" \/>\u2714\ufe0f Qualit\u00e9 certifi\u00e9e<\/p>\n<p data-start=\"1922\" data-end=\"1979\">\ud83c\udf10 Le site officiel de la marque est : <strong data-start=\"1961\" data-end=\"1979\"><a class=\"decorated-link cursor-pointer\" target=\"_new\" rel=\"noopener\" data-start=\"1963\" data-end=\"1977\">www.baseus.ci<\/a><\/strong><\/p>\n<hr data-start=\"1981\" data-end=\"1984\" \/>\n<h1 data-section-id=\"8fipsp\" data-start=\"1986\" data-end=\"2033\"><span role=\"text\">\u2699\ufe0f <strong data-start=\"1991\" data-end=\"2033\">Caract\u00e9ristiques techniques d\u00e9taill\u00e9es<\/strong><\/span><\/h1>\n<ul data-start=\"2035\" data-end=\"2551\">\n<li data-section-id=\"iin2im\" data-start=\"2035\" data-end=\"2058\"><strong data-start=\"2037\" data-end=\"2049\">Marque :<\/strong> Baseus<\/li>\n<li data-section-id=\"6pto56\" data-start=\"2059\" data-end=\"2086\"><strong data-start=\"2061\" data-end=\"2073\">Mod\u00e8le :<\/strong> Orange Dot<\/li>\n<li data-section-id=\"slw0n2\" data-start=\"2087\" data-end=\"2116\"><strong data-start=\"2089\" data-end=\"2104\">R\u00e9f\u00e9rence :<\/strong> ACFYB-B0G<\/li>\n<li data-section-id=\"1ric93q\" data-start=\"2117\" data-end=\"2153\"><strong data-start=\"2119\" data-end=\"2129\">Type :<\/strong> Pr\u00e9sentateur sans fil<\/li>\n<li data-section-id=\"1v4q2bc\" data-start=\"2154\" data-end=\"2213\"><strong data-start=\"2156\" data-end=\"2171\">Connexion :<\/strong>\n<ul data-start=\"2176\" data-end=\"2213\">\n<li data-section-id=\"9220u6\" data-start=\"2176\" data-end=\"2189\">Bluetooth<\/li>\n<li data-section-id=\"lnqjeo\" data-start=\"2192\" data-end=\"2201\">USB-A<\/li>\n<li data-section-id=\"lnql36\" data-start=\"2204\" data-end=\"2213\">USB-C<\/li>\n<\/ul>\n<\/li>\n<li data-section-id=\"6fkozq\" data-start=\"2214\" data-end=\"2275\"><strong data-start=\"2216\" data-end=\"2230\">Fonction :<\/strong> T\u00e9l\u00e9commande pr\u00e9sentation + pointeur laser<\/li>\n<li data-section-id=\"l9hl5o\" data-start=\"2276\" data-end=\"2302\"><strong data-start=\"2278\" data-end=\"2290\">Port\u00e9e :<\/strong> 10 \u2013 15 m<\/li>\n<li data-section-id=\"m4orrl\" data-start=\"2303\" data-end=\"2324\"><strong data-start=\"2305\" data-end=\"2316\">Laser :<\/strong> Rouge<\/li>\n<li data-section-id=\"1u88j9a\" data-start=\"2325\" data-end=\"2417\"><strong data-start=\"2327\" data-end=\"2346\">Compatibilit\u00e9 :<\/strong>\n<ul data-start=\"2351\" data-end=\"2417\">\n<li data-section-id=\"1ch3z3r\" data-start=\"2351\" data-end=\"2362\">Windows<\/li>\n<li data-section-id=\"wycliz\" data-start=\"2365\" data-end=\"2374\">MacOS<\/li>\n<li data-section-id=\"4hv0a9\" data-start=\"2377\" data-end=\"2417\">PowerPoint \/ Keynote \/ Google Slides<\/li>\n<\/ul>\n<\/li>\n<li data-section-id=\"xy8cci\" data-start=\"2418\" data-end=\"2458\"><strong data-start=\"2420\" data-end=\"2438\">Alimentation :<\/strong> Batterie int\u00e9gr\u00e9e<\/li>\n<li data-section-id=\"13jh2r9\" data-start=\"2459\" data-end=\"2509\"><strong data-start=\"2461\" data-end=\"2476\">Mat\u00e9riaux :<\/strong> ABS + composants \u00e9lectroniques<\/li>\n<li data-section-id=\"nvv8kz\" data-start=\"2510\" data-end=\"2551\"><strong data-start=\"2512\" data-end=\"2525\">Couleur :<\/strong> Noir avec bouton orange<\/li>\n<\/ul>\n<p>&nbsp;<\/p>\n","protected":false},"excerpt":{"rendered":"<p>Ma\u00eetrisez vos pr\u00e9sentations avec le pr\u00e9sentateur sans fil Baseus Orange Dot. Pointeur laser, connexion Bluetooth + USB\/Type-C et contr\u00f4le intuitif pour PowerPoint, id\u00e9al pour professionnels et \u00e9tudiants.<br data-start=\"501\" data-end=\"504\" \/>\ud83d\udccd Disponible \u00e0 Abidjan avec livraison rapide.<\/p>\n","protected":false},"featured_media":9679,"comment_status":"open","ping_status":"closed","template":"","meta":[],"product_cat":[79],"product_tag":[],"class_list":{"0":"post-9415","1":"product","2":"type-product","3":"status-publish","4":"has-post-thumbnail","6":"product_cat-informatique","8":"first","9":"instock","10":"shipping-taxable","11":"purchasable","12":"product-type-simple"},"jetpack_sharing_enabled":true,"_links":{"self":[{"href":"https:\/\/baseus.ci\/index.php\/wp-json\/wp\/v2\/product\/9415","targetHints":{"allow":["GET"]}}],"collection":[{"href":"https:\/\/baseus.ci\/index.php\/wp-json\/wp\/v2\/product"}],"about":[{"href":"https:\/\/baseus.ci\/index.php\/wp-json\/wp\/v2\/types\/product"}],"replies":[{"embeddable":true,"href":"https:\/\/baseus.ci\/index.php\/wp-json\/wp\/v2\/comments?post=9415"}],"wp:featuredmedia":[{"embeddable":true,"href":"https:\/\/baseus.ci\/index.php\/wp-json\/wp\/v2\/media\/9679"}],"wp:attachment":[{"href":"https:\/\/baseus.ci\/index.php\/wp-json\/wp\/v2\/media?parent=9415"}],"wp:term":[{"taxonomy":"product_cat","embeddable":true,"href":"https:\/\/baseus.ci\/index.php\/wp-json\/wp\/v2\/product_cat?post=9415"},{"taxonomy":"product_tag","embeddable":true,"href":"https:\/\/baseus.ci\/index.php\/wp-json\/wp\/v2\/product_tag?post=9415"}],"curies":[{"name":"wp","href":"https:\/\/api.w.org\/{rel}","templated":true}]}}