{"id":9414,"date":"2025-09-14T01:14:07","date_gmt":"2025-09-13T23:14:07","guid":{"rendered":"http:\/\/localhost\/baseusci\/?post_type=product&#038;p=9414"},"modified":"2026-04-01T16:07:50","modified_gmt":"2026-04-01T14:07:50","slug":"adaptateur-bluetooth-usb-baseus-v5-0-mini-noir-dongle-sans-fil-pc-haute-vitesse-a-abidjan-cote-divoire","status":"publish","type":"product","link":"https:\/\/baseus.ci\/index.php\/product\/adaptateur-bluetooth-usb-baseus-v5-0-mini-noir-dongle-sans-fil-pc-haute-vitesse-a-abidjan-cote-divoire\/","title":{"rendered":"Adaptateur Bluetooth USB Baseus V5.0 mini noir \u2013 Dongle sans fil PC haute vitesse \u00e0 Abidjan (C\u00f4te d\u2019Ivoire)"},"content":{"rendered":"<h2 data-section-id=\"icz0oq\" data-start=\"608\" data-end=\"650\">\ud83d\udcf6 Bluetooth 5.0 ultra rapide et stable<\/h2>\n<p data-start=\"651\" data-end=\"702\">Profitez de la derni\u00e8re technologie Bluetooth 5.0 :<\/p>\n<ul data-start=\"703\" data-end=\"793\">\n<li data-section-id=\"15mhuv4\" data-start=\"703\" data-end=\"728\">Connexion plus rapide<\/li>\n<li data-section-id=\"c39spr\" data-start=\"729\" data-end=\"759\">Signal stable sans coupure<\/li>\n<li data-section-id=\"viasw8\" data-start=\"760\" data-end=\"793\">Faible consommation d\u2019\u00e9nergie<\/li>\n<\/ul>\n<hr data-start=\"795\" data-end=\"798\" \/>\n<h2 data-section-id=\"ctum0r\" data-start=\"800\" data-end=\"843\">\ud83d\udcbb Transformez votre PC en hub Bluetooth<\/h2>\n<p data-start=\"844\" data-end=\"866\">Connectez facilement :<\/p>\n<ul data-start=\"867\" data-end=\"967\">\n<li data-section-id=\"1c1p4vs\" data-start=\"867\" data-end=\"903\">\ud83c\udfa7 \u00c9couteurs et casques sans fil<\/li>\n<li data-section-id=\"mbm0n0\" data-start=\"904\" data-end=\"928\">\ud83d\uddb1\ufe0f Souris Bluetooth<\/li>\n<li data-section-id=\"khesm2\" data-start=\"929\" data-end=\"944\">\u2328\ufe0f Claviers<\/li>\n<li data-section-id=\"135iwy8\" data-start=\"945\" data-end=\"967\">\ud83c\udfae Manettes de jeu<\/li>\n<\/ul>\n<p data-start=\"969\" data-end=\"1009\">\ud83d\udc49 Id\u00e9al pour travail et divertissement.<\/p>\n<hr data-start=\"1011\" data-end=\"1014\" \/>\n<h2 data-section-id=\"p2en7z\" data-start=\"1016\" data-end=\"1056\">\u26a1 Transmission fluide et sans latence<\/h2>\n<ul data-start=\"1057\" data-end=\"1151\">\n<li data-section-id=\"1k8wlmd\" data-start=\"1057\" data-end=\"1083\">Streaming audio fluide<\/li>\n<li data-section-id=\"nxyhk8\" data-start=\"1084\" data-end=\"1115\">R\u00e9duction des interf\u00e9rences<\/li>\n<li data-section-id=\"1nlansk\" data-start=\"1116\" data-end=\"1151\">Exp\u00e9rience utilisateur optimale<\/li>\n<\/ul>\n<hr data-start=\"1153\" data-end=\"1156\" \/>\n<h2 data-section-id=\"1axxjm2\" data-start=\"1158\" data-end=\"1195\">\ud83d\udd0c Installation Plug &amp; Play simple<\/h2>\n<ul data-start=\"1196\" data-end=\"1273\">\n<li data-section-id=\"11eyubg\" data-start=\"1196\" data-end=\"1234\">Branchez et utilisez imm\u00e9diatement<\/li>\n<li data-section-id=\"b1xwq9\" data-start=\"1235\" data-end=\"1273\">Aucun logiciel complexe n\u00e9cessaire<\/li>\n<\/ul>\n<hr data-start=\"1275\" data-end=\"1278\" \/>\n<h2 data-section-id=\"tkjt1l\" data-start=\"1280\" data-end=\"1310\">\ud83d\udce1 Port\u00e9e jusqu\u2019\u00e0 10 m\u00e8tres<\/h2>\n<p data-start=\"1311\" data-end=\"1359\">Profitez d\u2019une connexion stable m\u00eame \u00e0 distance.<\/p>\n<hr data-start=\"1361\" data-end=\"1364\" \/>\n<h2 data-section-id=\"131n7y2\" data-start=\"1366\" data-end=\"1397\">\ud83c\udf92 Design mini ultra discret<\/h2>\n<ul data-start=\"1398\" data-end=\"1486\">\n<li data-section-id=\"f28fjg\" data-start=\"1398\" data-end=\"1416\">Format compact<\/li>\n<li data-section-id=\"1mqvxwh\" data-start=\"1417\" data-end=\"1455\">Ne d\u00e9passe presque pas du port USB<\/li>\n<li data-section-id=\"f5ab52\" data-start=\"1456\" data-end=\"1486\">Id\u00e9al pour usage permanent<\/li>\n<\/ul>\n<hr data-start=\"1488\" data-end=\"1491\" \/>\n<h2 data-section-id=\"1mokldz\" data-start=\"1493\" data-end=\"1521\">\ud83d\udcaa Qualit\u00e9 premium Baseus<\/h2>\n<ul data-start=\"1522\" data-end=\"1591\">\n<li data-section-id=\"4d38ok\" data-start=\"1522\" data-end=\"1544\">Mat\u00e9riaux durables<\/li>\n<li data-section-id=\"yccq5k\" data-start=\"1545\" data-end=\"1567\">Conception robuste<\/li>\n<li data-section-id=\"12p24ee\" data-start=\"1568\" data-end=\"1591\">Longue dur\u00e9e de vie<\/li>\n<\/ul>\n<hr data-start=\"1593\" data-end=\"1596\" \/>\n<h2 data-section-id=\"12f0xl5\" data-start=\"1598\" data-end=\"1623\">\ud83c\udfa8 Design noir \u00e9l\u00e9gant<\/h2>\n<p data-start=\"1624\" data-end=\"1677\">Look sobre et professionnel adapt\u00e9 \u00e0 tous les setups.<\/p>\n<hr data-start=\"1679\" data-end=\"1682\" \/>\n<h2 data-section-id=\"12wokia\" data-start=\"1684\" data-end=\"1723\">\ud83d\udee1\ufe0f Produit original certifi\u00e9 Baseus<\/h2>\n<p data-start=\"1724\" data-end=\"1789\">\u2714\ufe0f 100% authentique<br data-start=\"1743\" data-end=\"1746\" \/>\u2714\ufe0f Produit garanti<br data-start=\"1764\" data-end=\"1767\" \/>\u2714\ufe0f Qualit\u00e9 certifi\u00e9e<\/p>\n<p data-start=\"1791\" data-end=\"1848\">\ud83c\udf10 Le site officiel de la marque est : <strong data-start=\"1830\" data-end=\"1848\"><a class=\"decorated-link cursor-pointer\" target=\"_new\" rel=\"noopener\" data-start=\"1832\" data-end=\"1846\">www.baseus.com<\/a><\/strong><\/p>\n<hr data-start=\"1850\" data-end=\"1853\" \/>\n<h1 data-section-id=\"8fipsp\" data-start=\"1855\" data-end=\"1902\"><span role=\"text\">\u2699\ufe0f <strong data-start=\"1860\" data-end=\"1902\">Caract\u00e9ristiques techniques d\u00e9taill\u00e9es<\/strong><\/span><\/h1>\n<ul data-start=\"1904\" data-end=\"2354\">\n<li data-section-id=\"iin2im\" data-start=\"1904\" data-end=\"1927\"><strong data-start=\"1906\" data-end=\"1918\">Marque :<\/strong> Baseus<\/li>\n<li data-section-id=\"t4rcb\" data-start=\"1928\" data-end=\"1958\"><strong data-start=\"1930\" data-end=\"1945\">R\u00e9f\u00e9rence :<\/strong> ZJBA000001<\/li>\n<li data-section-id=\"flaxjj\" data-start=\"1959\" data-end=\"1998\"><strong data-start=\"1961\" data-end=\"1971\">Type :<\/strong> Adaptateur Bluetooth USB<\/li>\n<li data-section-id=\"12gldh1\" data-start=\"1999\" data-end=\"2030\"><strong data-start=\"2001\" data-end=\"2024\">Version Bluetooth :<\/strong> 5.0<\/li>\n<li data-section-id=\"1desum7\" data-start=\"2031\" data-end=\"2056\"><strong data-start=\"2033\" data-end=\"2048\">Interface :<\/strong> USB-A<\/li>\n<li data-section-id=\"ubqs1u\" data-start=\"2057\" data-end=\"2091\"><strong data-start=\"2059\" data-end=\"2071\">Port\u00e9e :<\/strong> Jusqu\u2019\u00e0 10 m\u00e8tres<\/li>\n<li data-section-id=\"mlkli3\" data-start=\"2092\" data-end=\"2119\"><strong data-start=\"2094\" data-end=\"2109\">Fr\u00e9quence :<\/strong> 2.4 GHz<\/li>\n<li data-section-id=\"1rqpkkf\" data-start=\"2120\" data-end=\"2157\"><strong data-start=\"2122\" data-end=\"2136\">Fonction :<\/strong> Connexion sans fil<\/li>\n<li data-section-id=\"1f4201m\" data-start=\"2158\" data-end=\"2226\"><strong data-start=\"2160\" data-end=\"2179\">Compatibilit\u00e9 :<\/strong>\n<ul data-start=\"2184\" data-end=\"2226\">\n<li data-section-id=\"1bda7us\" data-start=\"2184\" data-end=\"2198\">PC Windows<\/li>\n<li data-section-id=\"a2buoi\" data-start=\"2201\" data-end=\"2226\">Ordinateurs portables<\/li>\n<\/ul>\n<\/li>\n<li data-section-id=\"1qvyx5w\" data-start=\"2227\" data-end=\"2280\"><strong data-start=\"2229\" data-end=\"2246\">Utilisation :<\/strong> Audio \/ p\u00e9riph\u00e9riques Bluetooth<\/li>\n<li data-section-id=\"13jh2r9\" data-start=\"2281\" data-end=\"2331\"><strong data-start=\"2283\" data-end=\"2298\">Mat\u00e9riaux :<\/strong> ABS + composants \u00e9lectroniques<\/li>\n<li data-section-id=\"3cnlmn\" data-start=\"2332\" data-end=\"2354\"><strong data-start=\"2334\" data-end=\"2347\">Couleur :<\/strong> Noir<\/li>\n<\/ul>\n<p>&nbsp;<\/p>\n","protected":false},"excerpt":{"rendered":"<p>Ajoutez instantan\u00e9ment le Bluetooth \u00e0 votre ordinateur avec l\u2019adaptateur USB Baseus Bluetooth 5.0. Connexion rapide, stable et faible latence pour vos \u00e9couteurs, souris et claviers sans fil.<br data-start=\"492\" data-end=\"495\" \/>\ud83d\udccd Disponible \u00e0 Abidjan avec livraison rapide.<\/p>\n","protected":false},"featured_media":9668,"comment_status":"open","ping_status":"closed","template":"","meta":[],"product_cat":[80],"product_tag":[],"class_list":{"0":"post-9414","1":"product","2":"type-product","3":"status-publish","4":"has-post-thumbnail","6":"product_cat-accessoires-divers","8":"first","9":"instock","10":"shipping-taxable","11":"purchasable","12":"product-type-simple"},"jetpack_sharing_enabled":true,"_links":{"self":[{"href":"https:\/\/baseus.ci\/index.php\/wp-json\/wp\/v2\/product\/9414","targetHints":{"allow":["GET"]}}],"collection":[{"href":"https:\/\/baseus.ci\/index.php\/wp-json\/wp\/v2\/product"}],"about":[{"href":"https:\/\/baseus.ci\/index.php\/wp-json\/wp\/v2\/types\/product"}],"replies":[{"embeddable":true,"href":"https:\/\/baseus.ci\/index.php\/wp-json\/wp\/v2\/comments?post=9414"}],"wp:featuredmedia":[{"embeddable":true,"href":"https:\/\/baseus.ci\/index.php\/wp-json\/wp\/v2\/media\/9668"}],"wp:attachment":[{"href":"https:\/\/baseus.ci\/index.php\/wp-json\/wp\/v2\/media?parent=9414"}],"wp:term":[{"taxonomy":"product_cat","embeddable":true,"href":"https:\/\/baseus.ci\/index.php\/wp-json\/wp\/v2\/product_cat?post=9414"},{"taxonomy":"product_tag","embeddable":true,"href":"https:\/\/baseus.ci\/index.php\/wp-json\/wp\/v2\/product_tag?post=9414"}],"curies":[{"name":"wp","href":"https:\/\/api.w.org\/{rel}","templated":true}]}}