{"id":9412,"date":"2025-09-14T01:14:07","date_gmt":"2025-09-13T23:14:07","guid":{"rendered":"http:\/\/localhost\/baseusci\/?post_type=product&#038;p=9412"},"modified":"2026-04-01T16:08:57","modified_gmt":"2026-04-01T14:08:57","slug":"adaptateur-hdmi-baseus-airjoy-4k-bidirectionnel-2-en-1-coupleur-cable-1m-a-abidjan-cote-divoire","status":"publish","type":"product","link":"https:\/\/baseus.ci\/index.php\/product\/adaptateur-hdmi-baseus-airjoy-4k-bidirectionnel-2-en-1-coupleur-cable-1m-a-abidjan-cote-divoire\/","title":{"rendered":"Adaptateur HDMI Baseus AirJoy 4K bidirectionnel 2 en 1 \u2013 Coupleur c\u00e2ble 1m \u00e0 Abidjan (C\u00f4te d\u2019Ivoire)"},"content":{"rendered":"<h2 data-section-id=\"uh33s4\" data-start=\"600\" data-end=\"644\">\ud83d\udda5\ufe0f R\u00e9solution Ultra HD 4K exceptionnelle<\/h2>\n<p data-start=\"645\" data-end=\"688\">Profitez d\u2019une qualit\u00e9 d\u2019image incroyable :<\/p>\n<ul data-start=\"689\" data-end=\"770\">\n<li data-section-id=\"1yd0r51\" data-start=\"689\" data-end=\"704\">4K Ultra HD<\/li>\n<li data-section-id=\"27ldj2\" data-start=\"705\" data-end=\"736\">Images nettes et d\u00e9taill\u00e9es<\/li>\n<li data-section-id=\"jmxek4\" data-start=\"737\" data-end=\"770\">Exp\u00e9rience visuelle immersive<\/li>\n<\/ul>\n<hr data-start=\"772\" data-end=\"775\" \/>\n<h2 data-section-id=\"11tcefa\" data-start=\"777\" data-end=\"821\">\ud83d\udd04 Fonction bidirectionnelle intelligente<\/h2>\n<p data-start=\"822\" data-end=\"844\">Utilisation flexible :<\/p>\n<ul data-start=\"845\" data-end=\"897\">\n<li data-section-id=\"royo7p\" data-start=\"845\" data-end=\"860\">HDMI \u279d HDMI<\/li>\n<li data-section-id=\"11xijyi\" data-start=\"861\" data-end=\"897\">Extension ou connexion de c\u00e2bles<\/li>\n<\/ul>\n<p data-start=\"899\" data-end=\"947\">\ud83d\udc49 Permet de relier deux c\u00e2bles HDMI facilement.<\/p>\n<hr data-start=\"949\" data-end=\"952\" \/>\n<h2 data-section-id=\"a69idw\" data-start=\"954\" data-end=\"986\">\ud83d\udd0c Adaptateur 2 en 1 pratique<\/h2>\n<ul data-start=\"987\" data-end=\"1060\">\n<li data-section-id=\"1xes44h\" data-start=\"987\" data-end=\"1012\">Coupleur HDMI int\u00e9gr\u00e9<\/li>\n<li data-section-id=\"e26u3e\" data-start=\"1013\" data-end=\"1035\">Extension de c\u00e2ble<\/li>\n<li data-section-id=\"aalb80\" data-start=\"1036\" data-end=\"1060\">Connexion simplifi\u00e9e<\/li>\n<\/ul>\n<hr data-start=\"1062\" data-end=\"1065\" \/>\n<h2 data-section-id=\"bnlt2v\" data-start=\"1067\" data-end=\"1105\">\u26a1 Transmission stable et sans perte<\/h2>\n<ul data-start=\"1106\" data-end=\"1164\">\n<li data-section-id=\"1wf1rc1\" data-start=\"1106\" data-end=\"1123\">Signal fluide<\/li>\n<li data-section-id=\"ttbgfp\" data-start=\"1124\" data-end=\"1142\">Aucune latence<\/li>\n<li data-section-id=\"4nnmsu\" data-start=\"1143\" data-end=\"1164\">Qualit\u00e9 constante<\/li>\n<\/ul>\n<hr data-start=\"1166\" data-end=\"1169\" \/>\n<h2 data-section-id=\"blgn68\" data-start=\"1171\" data-end=\"1206\">\ud83c\udfae Id\u00e9al pour tous vos appareils<\/h2>\n<p data-start=\"1207\" data-end=\"1224\">Compatible avec :<\/p>\n<ul data-start=\"1225\" data-end=\"1301\">\n<li data-section-id=\"1j4d7ze\" data-start=\"1225\" data-end=\"1231\">TV<\/li>\n<li data-section-id=\"i2xy14\" data-start=\"1232\" data-end=\"1245\">Moniteurs<\/li>\n<li data-section-id=\"3t7xt8\" data-start=\"1246\" data-end=\"1261\">Projecteurs<\/li>\n<li data-section-id=\"zsjbma\" data-start=\"1262\" data-end=\"1294\">Consoles (PlayStation, Xbox)<\/li>\n<li data-section-id=\"1j4aocb\" data-start=\"1295\" data-end=\"1301\">PC<\/li>\n<\/ul>\n<hr data-start=\"1303\" data-end=\"1306\" \/>\n<h2 data-section-id=\"8s8q76\" data-start=\"1308\" data-end=\"1339\">\ud83d\udccf Longueur 1 m\u00e8tre pratique<\/h2>\n<p data-start=\"1340\" data-end=\"1389\">Offre plus de flexibilit\u00e9 pour vos installations.<\/p>\n<hr data-start=\"1391\" data-end=\"1394\" \/>\n<h2 data-section-id=\"gq0ene\" data-start=\"1396\" data-end=\"1431\">\ud83d\udcaa Conception robuste et durable<\/h2>\n<ul data-start=\"1432\" data-end=\"1506\">\n<li data-section-id=\"1y751b0\" data-start=\"1432\" data-end=\"1457\">Connecteurs renforc\u00e9s<\/li>\n<li data-section-id=\"96vti8\" data-start=\"1458\" data-end=\"1482\">Mat\u00e9riaux r\u00e9sistants<\/li>\n<li data-section-id=\"12p24ee\" data-start=\"1483\" data-end=\"1506\">Longue dur\u00e9e de vie<\/li>\n<\/ul>\n<hr data-start=\"1508\" data-end=\"1511\" \/>\n<h2 data-section-id=\"8ovtyb\" data-start=\"1513\" data-end=\"1538\">\ud83c\udfa8 Design noir moderne<\/h2>\n<p data-start=\"1539\" data-end=\"1586\">Style \u00e9l\u00e9gant adapt\u00e9 \u00e0 tous les environnements.<\/p>\n<hr data-start=\"1588\" data-end=\"1591\" \/>\n<h2 data-section-id=\"12wokia\" data-start=\"1593\" data-end=\"1632\">\ud83d\udee1\ufe0f Produit original certifi\u00e9 Baseus<\/h2>\n<p data-start=\"1633\" data-end=\"1698\">\u2714\ufe0f 100% authentique<br data-start=\"1652\" data-end=\"1655\" \/>\u2714\ufe0f Produit garanti<br data-start=\"1673\" data-end=\"1676\" \/>\u2714\ufe0f Qualit\u00e9 certifi\u00e9e<\/p>\n<p data-start=\"1700\" data-end=\"1757\">\ud83c\udf10 Le site officiel de la marque est : <strong data-start=\"1739\" data-end=\"1757\"><a class=\"decorated-link cursor-pointer\" target=\"_new\" rel=\"noopener\" data-start=\"1741\" data-end=\"1755\">www.baseus.ci<\/a><\/strong><\/p>\n<hr data-start=\"1759\" data-end=\"1762\" \/>\n<h1 data-section-id=\"8fipsp\" data-start=\"1764\" data-end=\"1811\"><span role=\"text\">\u2699\ufe0f <strong data-start=\"1769\" data-end=\"1811\">Caract\u00e9ristiques techniques d\u00e9taill\u00e9es<\/strong><\/span><\/h1>\n<ul data-start=\"1813\" data-end=\"2323\">\n<li data-section-id=\"iin2im\" data-start=\"1813\" data-end=\"1836\"><strong data-start=\"1815\" data-end=\"1827\">Marque :<\/strong> Baseus<\/li>\n<li data-section-id=\"gt36ds\" data-start=\"1837\" data-end=\"1859\"><strong data-start=\"1839\" data-end=\"1850\">S\u00e9rie :<\/strong> AirJoy<\/li>\n<li data-section-id=\"15dbipu\" data-start=\"1860\" data-end=\"1895\"><strong data-start=\"1862\" data-end=\"1877\">R\u00e9f\u00e9rence :<\/strong> B01331105111-01<\/li>\n<li data-section-id=\"cngov1\" data-start=\"1896\" data-end=\"1937\"><strong data-start=\"1898\" data-end=\"1908\">Type :<\/strong> Adaptateur \/ coupleur HDMI<\/li>\n<li data-section-id=\"14tw0b1\" data-start=\"1938\" data-end=\"1983\"><strong data-start=\"1940\" data-end=\"1954\">Fonction :<\/strong> Extension \/ connexion HDMI<\/li>\n<li data-section-id=\"dpmszb\" data-start=\"1984\" data-end=\"2016\"><strong data-start=\"1986\" data-end=\"2011\">R\u00e9solution maximale :<\/strong> 4K<\/li>\n<li data-section-id=\"f9fw0n\" data-start=\"2017\" data-end=\"2053\"><strong data-start=\"2019\" data-end=\"2034\">Direction :<\/strong> Bidirectionnelle<\/li>\n<li data-section-id=\"1l21uxf\" data-start=\"2054\" data-end=\"2076\"><strong data-start=\"2056\" data-end=\"2070\">Longueur :<\/strong> 1 m<\/li>\n<li data-section-id=\"x62kgf\" data-start=\"2077\" data-end=\"2113\"><strong data-start=\"2079\" data-end=\"2096\">Connecteurs :<\/strong> HDMI vers HDMI<\/li>\n<li data-section-id=\"192buzt\" data-start=\"2114\" data-end=\"2164\"><strong data-start=\"2116\" data-end=\"2134\">Transmission :<\/strong> Haute d\u00e9finition sans perte<\/li>\n<li data-section-id=\"cxa6m7\" data-start=\"2165\" data-end=\"2214\"><strong data-start=\"2167\" data-end=\"2182\">Mat\u00e9riaux :<\/strong> PVC + connecteurs m\u00e9talliques<\/li>\n<li data-section-id=\"lhdxrx\" data-start=\"2215\" data-end=\"2289\"><strong data-start=\"2217\" data-end=\"2236\">Compatibilit\u00e9 :<\/strong>\n<ul data-start=\"2241\" data-end=\"2289\">\n<li data-section-id=\"1j4d7ze\" data-start=\"2241\" data-end=\"2247\">TV<\/li>\n<li data-section-id=\"1j4aocb\" data-start=\"2250\" data-end=\"2256\">PC<\/li>\n<li data-section-id=\"681z58\" data-start=\"2259\" data-end=\"2271\">Consoles<\/li>\n<li data-section-id=\"3t7xt8\" data-start=\"2274\" data-end=\"2289\">Projecteurs<\/li>\n<\/ul>\n<\/li>\n<li data-section-id=\"pfc0j9\" data-start=\"2290\" data-end=\"2323\"><strong data-start=\"2292\" data-end=\"2309\">Utilisation :<\/strong> Audio\/vid\u00e9o<\/li>\n<\/ul>\n<p>&nbsp;<\/p>\n","protected":false},"excerpt":{"rendered":"<p>Connectez et \u00e9tendez facilement vos \u00e9crans avec l\u2019adaptateur HDMI Baseus AirJoy 4K bidirectionnel 2 en 1. Transmission fluide, qualit\u00e9 Ultra HD et compatibilit\u00e9 universelle pour TV, PC et consoles.<br data-start=\"484\" data-end=\"487\" \/>\ud83d\udccd Disponible \u00e0 Abidjan avec livraison rapide.<\/p>\n","protected":false},"featured_media":9664,"comment_status":"open","ping_status":"closed","template":"","meta":[],"product_cat":[79],"product_tag":[],"class_list":{"0":"post-9412","1":"product","2":"type-product","3":"status-publish","4":"has-post-thumbnail","6":"product_cat-informatique","8":"first","9":"instock","10":"shipping-taxable","11":"purchasable","12":"product-type-simple"},"jetpack_sharing_enabled":true,"_links":{"self":[{"href":"https:\/\/baseus.ci\/index.php\/wp-json\/wp\/v2\/product\/9412","targetHints":{"allow":["GET"]}}],"collection":[{"href":"https:\/\/baseus.ci\/index.php\/wp-json\/wp\/v2\/product"}],"about":[{"href":"https:\/\/baseus.ci\/index.php\/wp-json\/wp\/v2\/types\/product"}],"replies":[{"embeddable":true,"href":"https:\/\/baseus.ci\/index.php\/wp-json\/wp\/v2\/comments?post=9412"}],"wp:featuredmedia":[{"embeddable":true,"href":"https:\/\/baseus.ci\/index.php\/wp-json\/wp\/v2\/media\/9664"}],"wp:attachment":[{"href":"https:\/\/baseus.ci\/index.php\/wp-json\/wp\/v2\/media?parent=9412"}],"wp:term":[{"taxonomy":"product_cat","embeddable":true,"href":"https:\/\/baseus.ci\/index.php\/wp-json\/wp\/v2\/product_cat?post=9412"},{"taxonomy":"product_tag","embeddable":true,"href":"https:\/\/baseus.ci\/index.php\/wp-json\/wp\/v2\/product_tag?post=9412"}],"curies":[{"name":"wp","href":"https:\/\/api.w.org\/{rel}","templated":true}]}}