{"id":9411,"date":"2025-09-14T01:14:07","date_gmt":"2025-09-13T23:14:07","guid":{"rendered":"http:\/\/localhost\/baseusci\/?post_type=product&#038;p=9411"},"modified":"2026-03-20T20:20:31","modified_gmt":"2026-03-20T19:20:31","slug":"cable-reseau-rj45-gigabit-high-speed-8m-baseus-noir-pcwl-e01","status":"publish","type":"product","link":"https:\/\/baseus.ci\/index.php\/product\/cable-reseau-rj45-gigabit-high-speed-8m-baseus-noir-pcwl-e01\/","title":{"rendered":"c\u00e2ble r\u00e9seau RJ45 Gigabit High Speed 8m, Baseus noir (PCWL-E01)"},"content":{"rendered":"<table width=\"270\">\n<tbody>\n<tr>\n<td width=\"270\">Six types de RJ45 haute vitesse<br \/>\nP\u0142aski przew\u00f3d Ethernet RJ45 Cat 6 UTP. Il est possible d&rsquo;utiliser l&rsquo;interface utilisateur (ordinateur PC, ordinateur portable, RTV) avec Internet\/local ordinateur LAN.Przewody Cat 6 doit s&rsquo;amuser avec un style de programmation sp\u00e9cifique, votre syst\u00e8me est pr\u00eat \u00e0 l&#8217;emploi. Cat\u00e9gorie 6 fonctions de commutation avec fr\u00e9quence 250 MHz. Le c\u00e2ble est id\u00e9al pour le transfert de donn\u00e9es.La transmission Ethernet est possible jusqu&rsquo;\u00e0 1000 Mbit\/s.Le c\u00e2ble est tr\u00e8s r\u00e9sistant au mat\u00e9riel utilis\u00e9. Specjalnie zako\u0144czenia wtyczek zabezpieczaj\u0105 je przed uszkodzeniem od wielokrotnego wyginania. Mocna wtyczka wygl\u0105da elegancko i nowocze\u015bnie. L&rsquo;id\u00e9al pour les professionnels est d&rsquo;\u00eatre \u00e0 l&rsquo;\u00e9coute de leur pratique.<br \/>\nParam\u00e8tres:<br \/>\nNom : six types de c\u00e2ble r\u00e9seau RJ45 Gigabit haute vitesse.<br \/>\nMat\u00e9riel: PVC<br \/>\nCouleur noire<br \/>\nLongueur : 8m<br \/>\nNoyau : cuivre sans oxyg\u00e8ne 32AWG<br \/>\nBande passante du canal : 250 MHz<br \/>\nType : RJ45-RJ45<br \/>\nCode produit : PCWL-E01<br \/>\nAvantages cl\u00e9s :<br \/>\nLe c\u00e2ble CAT6 RJ45 peut fonctionner \u00e0 1 000 Mbps, offrant une connexion ultra rapide et stable.<br \/>\nParfait pour une utilisation partout o\u00f9 les probl\u00e8mes de mise en m\u00e9moire tampon et de d\u00e9calage sont courants.<br \/>\nLes connecteurs audacieux, m\u00e9talliques et inoxydables jouent un r\u00f4le cl\u00e9 dans l\u2019Internet haut d\u00e9bit.<br \/>\nLe noyau a une structure squelette qui emp\u00eache la diaphonie du signal pendant la transmission.<br \/>\nLe fil de cuivre \u00e9tam\u00e9 32AWG avec une imp\u00e9dance plus faible assure une transmission plus rapide et plus stable<br \/>\nIl y a un d\u00f4me de pression \u00e0 chaque extr\u00e9mit\u00e9 du connecteur pour faciliter la connexion et la d\u00e9connexion.<br \/>\nLarge compatibilit\u00e9 \u2013 des PC aux Smart TV.<\/td>\n<\/tr>\n<\/tbody>\n<\/table>\n","protected":false},"excerpt":{"rendered":"<p>Six types de RJ45 haute vitesse P\u0142aski przew\u00f3d Ethernet RJ45 Cat 6 UTP. Il est possible d&rsquo;utiliser l&rsquo;interface utilisateur (ordinateur PC, ordinateur portable, RTV) avec Internet\/local ordinateur LAN.Przewody Cat 6 doit s&rsquo;amuser avec un style de programmation sp\u00e9cifique, votre syst\u00e8me est pr\u00eat \u00e0 l&#8217;emploi. Cat\u00e9gorie 6 fonctions de commutation avec fr\u00e9quence 250 MHz. Le c\u00e2ble [&hellip;]<\/p>\n","protected":false},"featured_media":9658,"comment_status":"open","ping_status":"closed","template":"","meta":[],"product_cat":[15],"product_tag":[],"class_list":{"0":"post-9411","1":"product","2":"type-product","3":"status-publish","4":"has-post-thumbnail","6":"product_cat-uncategorized","8":"first","9":"outofstock","10":"shipping-taxable","11":"purchasable","12":"product-type-simple"},"jetpack_sharing_enabled":true,"_links":{"self":[{"href":"https:\/\/baseus.ci\/index.php\/wp-json\/wp\/v2\/product\/9411","targetHints":{"allow":["GET"]}}],"collection":[{"href":"https:\/\/baseus.ci\/index.php\/wp-json\/wp\/v2\/product"}],"about":[{"href":"https:\/\/baseus.ci\/index.php\/wp-json\/wp\/v2\/types\/product"}],"replies":[{"embeddable":true,"href":"https:\/\/baseus.ci\/index.php\/wp-json\/wp\/v2\/comments?post=9411"}],"wp:featuredmedia":[{"embeddable":true,"href":"https:\/\/baseus.ci\/index.php\/wp-json\/wp\/v2\/media\/9658"}],"wp:attachment":[{"href":"https:\/\/baseus.ci\/index.php\/wp-json\/wp\/v2\/media?parent=9411"}],"wp:term":[{"taxonomy":"product_cat","embeddable":true,"href":"https:\/\/baseus.ci\/index.php\/wp-json\/wp\/v2\/product_cat?post=9411"},{"taxonomy":"product_tag","embeddable":true,"href":"https:\/\/baseus.ci\/index.php\/wp-json\/wp\/v2\/product_tag?post=9411"}],"curies":[{"name":"wp","href":"https:\/\/api.w.org\/{rel}","templated":true}]}}