{"id":9410,"date":"2025-09-14T01:14:07","date_gmt":"2025-09-13T23:14:07","guid":{"rendered":"http:\/\/localhost\/baseusci\/?post_type=product&#038;p=9410"},"modified":"2026-03-20T20:19:37","modified_gmt":"2026-03-20T19:19:37","slug":"coupleur-connecteur-de-cable-ethernet-rj-45-2-pcs-baseus-b00131100111-00","status":"publish","type":"product","link":"https:\/\/baseus.ci\/index.php\/product\/coupleur-connecteur-de-cable-ethernet-rj-45-2-pcs-baseus-b00131100111-00\/","title":{"rendered":"Coupleur connecteur de cable ethernet RJ-45 2 pcs Baseus (B00131100111-00)"},"content":{"rendered":"<table width=\"270\">\n<tbody>\n<tr>\n<td width=\"270\">Profitez d&rsquo;un r\u00e9seau rapide et stable partout dans votre maison\u00a0! Le connecteur Baseus AirJoy vous permettra de rallonger votre c\u00e2ble r\u00e9seau, trop court. Il offre un d\u00e9bit allant jusqu&rsquo;\u00e0 1 000 Mo\/s. Gr\u00e2ce \u00e0 sa conception bien pens\u00e9e, vous n&rsquo;avez pas \u00e0 vous soucier des interf\u00e9rences, des retards ou autres probl\u00e8mes de connexion. Il se distingue par sa large compatibilit\u00e9, vous permettant ainsi de l&rsquo;utiliser avec une large gamme d&rsquo;appareils, notamment votre t\u00e9l\u00e9viseur, votre routeur, votre HUB ou votre ordinateur.<\/td>\n<\/tr>\n<\/tbody>\n<\/table>\n","protected":false},"excerpt":{"rendered":"<p>Profitez d&rsquo;un r\u00e9seau rapide et stable partout dans votre maison\u00a0! Le connecteur Baseus AirJoy vous permettra de rallonger votre c\u00e2ble r\u00e9seau, trop court. Il offre un d\u00e9bit allant jusqu&rsquo;\u00e0 1 000 Mo\/s. Gr\u00e2ce \u00e0 sa conception bien pens\u00e9e, vous n&rsquo;avez pas \u00e0 vous soucier des interf\u00e9rences, des retards ou autres probl\u00e8mes de connexion. Il se [&hellip;]<\/p>\n","protected":false},"featured_media":9646,"comment_status":"open","ping_status":"closed","template":"","meta":[],"product_cat":[15],"product_tag":[],"class_list":{"0":"post-9410","1":"product","2":"type-product","3":"status-publish","4":"has-post-thumbnail","6":"product_cat-uncategorized","8":"first","9":"outofstock","10":"shipping-taxable","11":"purchasable","12":"product-type-simple"},"jetpack_sharing_enabled":true,"_links":{"self":[{"href":"https:\/\/baseus.ci\/index.php\/wp-json\/wp\/v2\/product\/9410","targetHints":{"allow":["GET"]}}],"collection":[{"href":"https:\/\/baseus.ci\/index.php\/wp-json\/wp\/v2\/product"}],"about":[{"href":"https:\/\/baseus.ci\/index.php\/wp-json\/wp\/v2\/types\/product"}],"replies":[{"embeddable":true,"href":"https:\/\/baseus.ci\/index.php\/wp-json\/wp\/v2\/comments?post=9410"}],"wp:featuredmedia":[{"embeddable":true,"href":"https:\/\/baseus.ci\/index.php\/wp-json\/wp\/v2\/media\/9646"}],"wp:attachment":[{"href":"https:\/\/baseus.ci\/index.php\/wp-json\/wp\/v2\/media?parent=9410"}],"wp:term":[{"taxonomy":"product_cat","embeddable":true,"href":"https:\/\/baseus.ci\/index.php\/wp-json\/wp\/v2\/product_cat?post=9410"},{"taxonomy":"product_tag","embeddable":true,"href":"https:\/\/baseus.ci\/index.php\/wp-json\/wp\/v2\/product_tag?post=9410"}],"curies":[{"name":"wp","href":"https:\/\/api.w.org\/{rel}","templated":true}]}}