{"id":9408,"date":"2025-09-14T01:14:07","date_gmt":"2025-09-13T23:14:07","guid":{"rendered":"http:\/\/localhost\/baseusci\/?post_type=product&#038;p=9408"},"modified":"2026-04-26T02:32:24","modified_gmt":"2026-04-26T00:32:24","slug":"lecteur-de-carte-baseus-usb-a-usb-c-vers-sd-tf-adaptateur-memoire-rapide-a-abidjan-cote-divoire","status":"publish","type":"product","link":"https:\/\/baseus.ci\/index.php\/product\/lecteur-de-carte-baseus-usb-a-usb-c-vers-sd-tf-adaptateur-memoire-rapide-a-abidjan-cote-divoire\/","title":{"rendered":"Lecteur de carte Baseus USB-A &#038; USB-C vers SD\/TF \u2013 Adaptateur m\u00e9moire rapide \u00e0 Abidjan (C\u00f4te d\u2019Ivoire)"},"content":{"rendered":"<h3 data-section-id=\"c9wzy0\" data-start=\"945\" data-end=\"968\">\u2699\ufe0f Caract\u00e9ristiques<\/h3>\n<ul data-start=\"970\" data-end=\"1281\">\n<li data-section-id=\"1h3zxv2\" data-start=\"970\" data-end=\"1005\">Type : Lecteur de carte m\u00e9moire<\/li>\n<li data-section-id=\"sihdvo\" data-start=\"1006\" data-end=\"1029\">Mod\u00e8le : WKQX060013<\/li>\n<li data-section-id=\"86wt8w\" data-start=\"1030\" data-end=\"1080\">Marque :\u00a0<span class=\"hover:entity-accent entity-underline inline cursor-pointer align-baseline\"><span class=\"whitespace-normal\">Baseus<\/span><\/span><\/li>\n<li data-section-id=\"1kwlv5k\" data-start=\"1081\" data-end=\"1126\">Compatibilit\u00e9 cartes : SD \/ Micro SD (TF)<\/li>\n<li data-section-id=\"eageer\" data-start=\"1127\" data-end=\"1146\">Interface : USB<\/li>\n<li data-section-id=\"4j8aml\" data-start=\"1147\" data-end=\"1193\">Fonction : Lecture et transfert de donn\u00e9es<\/li>\n<li data-section-id=\"hd9uh5\" data-start=\"1194\" data-end=\"1229\">Mat\u00e9riau : R\u00e9sistant et durable<\/li>\n<li data-section-id=\"1sgzudh\" data-start=\"1230\" data-end=\"1262\">Design : Compact et portable<\/li>\n<li data-section-id=\"kw2r0q\" data-start=\"1263\" data-end=\"1281\">Couleur : Gris<\/li>\n<\/ul>\n<hr data-start=\"1283\" data-end=\"1286\" \/>\n<h3 data-section-id=\"p60hx9\" data-start=\"1288\" data-end=\"1307\">\ud83d\udca5 Points forts<\/h3>\n<p data-start=\"1309\" data-end=\"1652\">\u2714\ufe0f\u00a0<strong data-start=\"1312\" data-end=\"1336\">Double compatibilit\u00e9<\/strong>\u00a0: SD et Micro SD (TF)<br data-start=\"1358\" data-end=\"1361\" \/>\u2714\ufe0f\u00a0<strong data-start=\"1364\" data-end=\"1384\">Transfert rapide<\/strong>\u00a0: Copie de fichiers fluide et efficace<br data-start=\"1423\" data-end=\"1426\" \/>\u2714\ufe0f\u00a0<strong data-start=\"1429\" data-end=\"1444\">Plug &amp; Play<\/strong>\u00a0: Aucun pilote n\u00e9cessaire<br data-start=\"1470\" data-end=\"1473\" \/>\u2714\ufe0f\u00a0<strong data-start=\"1476\" data-end=\"1493\">Ultra compact<\/strong>\u00a0: Facile \u00e0 transporter partout<br data-start=\"1524\" data-end=\"1527\" \/>\u2714\ufe0f\u00a0<strong data-start=\"1530\" data-end=\"1544\">Polyvalent<\/strong>\u00a0: Id\u00e9al pour photos, vid\u00e9os et documents<br data-start=\"1585\" data-end=\"1588\" \/>\u2714\ufe0f\u00a0<strong data-start=\"1591\" data-end=\"1613\">Utilisation simple<\/strong>\u00a0: Branchez et utilisez imm\u00e9diatement<\/p>\n<hr data-start=\"1654\" data-end=\"1657\" \/>\n<h3 data-section-id=\"11vkqse\" data-start=\"1659\" data-end=\"1678\">\ud83c\udfaf Id\u00e9al pour :<\/h3>\n<ul data-start=\"1680\" data-end=\"1820\">\n<li data-section-id=\"1n5mrvx\" data-start=\"1680\" data-end=\"1709\">Photographes et vid\u00e9astes<\/li>\n<li data-section-id=\"17b3vwm\" data-start=\"1710\" data-end=\"1741\">\u00c9tudiants et professionnels<\/li>\n<li data-section-id=\"1xk7d5g\" data-start=\"1742\" data-end=\"1774\">Transfert de fichiers rapide<\/li>\n<li data-section-id=\"1azlpdx\" data-start=\"1775\" data-end=\"1820\">Utilisation quotidienne ou en d\u00e9placement<\/li>\n<\/ul>\n","protected":false},"excerpt":{"rendered":"<p data-start=\"400\" data-end=\"693\">Le\u00a0<strong data-start=\"403\" data-end=\"484\">lecteur de carte SD \/ TF USB\u00a0<span class=\"hover:entity-accent entity-underline inline cursor-pointer align-baseline\"><span class=\"whitespace-normal\">Baseus<\/span><\/span>\u00a0WKQX060013<\/strong>\u00a0permet de\u00a0<strong data-start=\"495\" data-end=\"541\">lire et transf\u00e9rer facilement vos fichiers<\/strong>\u00a0entre vos cartes m\u00e9moire et vos appareils. Compatible avec les cartes SD et Micro SD (TF), il assure une\u00a0<strong data-start=\"647\" data-end=\"692\">transmission rapide et stable des donn\u00e9es<\/strong>.<\/p>\n<p data-start=\"695\" data-end=\"938\">Gr\u00e2ce \u00e0 son port USB, il se connecte facilement \u00e0 un ordinateur portable, PC ou autre appareil compatible. Compact et l\u00e9ger, il est parfait pour les professionnels, photographes, \u00e9tudiants ou toute personne manipulant des fichiers multim\u00e9dias.<\/p>\n","protected":false},"featured_media":11573,"comment_status":"open","ping_status":"closed","template":"","meta":[],"product_cat":[80,79],"product_tag":[],"class_list":{"0":"post-9408","1":"product","2":"type-product","3":"status-publish","4":"has-post-thumbnail","6":"product_cat-accessoires-divers","7":"product_cat-informatique","9":"first","10":"instock","11":"shipping-taxable","12":"purchasable","13":"product-type-simple"},"jetpack_sharing_enabled":true,"_links":{"self":[{"href":"https:\/\/baseus.ci\/index.php\/wp-json\/wp\/v2\/product\/9408","targetHints":{"allow":["GET"]}}],"collection":[{"href":"https:\/\/baseus.ci\/index.php\/wp-json\/wp\/v2\/product"}],"about":[{"href":"https:\/\/baseus.ci\/index.php\/wp-json\/wp\/v2\/types\/product"}],"replies":[{"embeddable":true,"href":"https:\/\/baseus.ci\/index.php\/wp-json\/wp\/v2\/comments?post=9408"}],"wp:featuredmedia":[{"embeddable":true,"href":"https:\/\/baseus.ci\/index.php\/wp-json\/wp\/v2\/media\/11573"}],"wp:attachment":[{"href":"https:\/\/baseus.ci\/index.php\/wp-json\/wp\/v2\/media?parent=9408"}],"wp:term":[{"taxonomy":"product_cat","embeddable":true,"href":"https:\/\/baseus.ci\/index.php\/wp-json\/wp\/v2\/product_cat?post=9408"},{"taxonomy":"product_tag","embeddable":true,"href":"https:\/\/baseus.ci\/index.php\/wp-json\/wp\/v2\/product_tag?post=9408"}],"curies":[{"name":"wp","href":"https:\/\/api.w.org\/{rel}","templated":true}]}}