{"id":9407,"date":"2025-09-14T01:14:07","date_gmt":"2025-09-13T23:14:07","guid":{"rendered":"http:\/\/localhost\/baseusci\/?post_type=product&#038;p=9407"},"modified":"2026-03-20T20:18:20","modified_gmt":"2026-03-20T19:18:20","slug":"hub-convertisseur-4-ports-baseus-usb-a-vers-usb3-03rj451-gris-b0005280a813-01","status":"publish","type":"product","link":"https:\/\/baseus.ci\/index.php\/product\/hub-convertisseur-4-ports-baseus-usb-a-vers-usb3-03rj451-gris-b0005280a813-01\/","title":{"rendered":"HUB Convertisseur 4 ports Baseus USB A vers USB3.0*3+RJ45*1 Gris (B0005280A813-01)"},"content":{"rendered":"<table width=\"270\">\n<tbody>\n<tr>\n<td width=\"270\">Hub 4-en-1 Baseus UltraJoy USB-A vers 4xUSB 3.0 (gris).<br \/>\nFacilitez votre travail quotidien devant l&rsquo;ordinateur. Le hub 4-en-1 Baseus UltraJoy dispose de 4 ports USB 3.0 qui vous permettent de transf\u00e9rer des donn\u00e9es \u00e0 des vitesses allant jusqu&rsquo;\u00e0 5 Gbit\/s. Il fonctionne avec une grande vari\u00e9t\u00e9 d&rsquo;appareils et son design compact signifie que vous pouvez toujours l&rsquo;avoir \u00e0 port\u00e9e de main.<br \/>\nTransf\u00e9rez des fichiers en un clin d&rsquo;\u0153il<br \/>\nCopiez-vous souvent des fichiers entre appareils ? Le Baseus Hub r\u00e9pondra certainement \u00e0 vos attentes ! L&rsquo;adaptateur permet un transfert de donn\u00e9es stable et ultra-rapide \u00e0 des vitesses allant jusqu&rsquo;\u00e0 5 Gbit\/s. Gr\u00e2ce \u00e0 cela, transf\u00e9rer des photos ou des vid\u00e9os ne vous prendra que quelques secondes !<br \/>\nUne gamme de possibilit\u00e9s<br \/>\nHub vous permettra d&rsquo;augmenter les capacit\u00e9s de votre ordinateur portable ! Le produit vous permet de connecter jusqu&rsquo;\u00e0 4 appareils suppl\u00e9mentaires, tels qu&rsquo;une souris d&rsquo;ordinateur, un clavier, une tablette, un smartphone ou un lecteur portable. Cela le rend id\u00e9al \u00e0 la fois pour travailler, pour jouer \u00e0 des jeux ou pour naviguer sur Internet.<br \/>\nEmportez-le partout avec vous<br \/>\nCe petit hub pratique de Baseus est un compagnon de voyage indispensable ! Gr\u00e2ce \u00e0 son design compact, vous pouvez le ranger avec succ\u00e8s dans votre sac \u00e0 dos ou votre sac \u00e0 main. Que vous soyez au travail, en vacances ou en voyage d&rsquo;affaires, ce hub saura r\u00e9pondre \u00e0 vos besoins !Fabricant. Baseus<br \/>\nMod\u00e8le B0005280A813-02<br \/>\nNom HUB 4 ports s\u00e9rie OS-Baseus UltraJoy<br \/>\nCouleur Gris<br \/>\nPorts 4x USB3.0<br \/>\nVitesse de transmission Jusqu&rsquo;\u00e0 5 Gbit\/s<br \/>\nCompatibilit\u00e9 Windows, syst\u00e8me d&rsquo;exploitation Apple, Linux, Vista, etc.<\/td>\n<\/tr>\n<\/tbody>\n<\/table>\n","protected":false},"excerpt":{"rendered":"<p>Hub 4-en-1 Baseus UltraJoy USB-A vers 4xUSB 3.0 (gris). Facilitez votre travail quotidien devant l&rsquo;ordinateur. Le hub 4-en-1 Baseus UltraJoy dispose de 4 ports USB 3.0 qui vous permettent de transf\u00e9rer des donn\u00e9es \u00e0 des vitesses allant jusqu&rsquo;\u00e0 5 Gbit\/s. Il fonctionne avec une grande vari\u00e9t\u00e9 d&rsquo;appareils et son design compact signifie que vous pouvez [&hellip;]<\/p>\n","protected":false},"featured_media":9631,"comment_status":"open","ping_status":"closed","template":"","meta":[],"product_cat":[15],"product_tag":[],"class_list":{"0":"post-9407","1":"product","2":"type-product","3":"status-publish","4":"has-post-thumbnail","6":"product_cat-uncategorized","8":"first","9":"outofstock","10":"shipping-taxable","11":"purchasable","12":"product-type-simple"},"jetpack_sharing_enabled":true,"_links":{"self":[{"href":"https:\/\/baseus.ci\/index.php\/wp-json\/wp\/v2\/product\/9407","targetHints":{"allow":["GET"]}}],"collection":[{"href":"https:\/\/baseus.ci\/index.php\/wp-json\/wp\/v2\/product"}],"about":[{"href":"https:\/\/baseus.ci\/index.php\/wp-json\/wp\/v2\/types\/product"}],"replies":[{"embeddable":true,"href":"https:\/\/baseus.ci\/index.php\/wp-json\/wp\/v2\/comments?post=9407"}],"wp:featuredmedia":[{"embeddable":true,"href":"https:\/\/baseus.ci\/index.php\/wp-json\/wp\/v2\/media\/9631"}],"wp:attachment":[{"href":"https:\/\/baseus.ci\/index.php\/wp-json\/wp\/v2\/media?parent=9407"}],"wp:term":[{"taxonomy":"product_cat","embeddable":true,"href":"https:\/\/baseus.ci\/index.php\/wp-json\/wp\/v2\/product_cat?post=9407"},{"taxonomy":"product_tag","embeddable":true,"href":"https:\/\/baseus.ci\/index.php\/wp-json\/wp\/v2\/product_tag?post=9407"}],"curies":[{"name":"wp","href":"https:\/\/api.w.org\/{rel}","templated":true}]}}