{"id":9402,"date":"2025-09-14T01:14:07","date_gmt":"2025-09-13T23:14:07","guid":{"rendered":"http:\/\/localhost\/baseusci\/?post_type=product&#038;p=9402"},"modified":"2026-03-20T20:18:05","modified_gmt":"2026-03-20T19:18:05","slug":"support-ordinateur-portable-rotatif-et-pliable-ultrastable-baseus-gris-b10059900811-00","status":"publish","type":"product","link":"https:\/\/baseus.ci\/index.php\/product\/support-ordinateur-portable-rotatif-et-pliable-ultrastable-baseus-gris-b10059900811-00\/","title":{"rendered":"Support ordinateur portable rotatif et pliable UltraStable Baseus gris (B10059900811-00)"},"content":{"rendered":"<table width=\"270\">\n<tbody>\n<tr>\n<td width=\"270\">Support pour ordinateur portable Baseus UltraStable Pro<br \/>\nPrenez soin de votre colonne vert\u00e9brale ! Un ordinateur portable bien positionn\u00e9 \u00e9liminera les maux de t\u00eate, les maux de dos et les g\u00eanes cervicales, alors misez sur des solutions \u00e9prouv\u00e9es ! Le support pour ordinateur portable de Baseus est un produit de haute qualit\u00e9 avec lequel vous am\u00e9liorerez votre confort de travail. Angle et hauteur r\u00e9glables, construction robuste et finition en silicone vous permettront de placer votre appareil plus haut en toute s\u00e9curit\u00e9, sans craindre qu&rsquo;il ne tombe ! C&rsquo;est un petit changement avec un grand effet !<br \/>\nConception stable<br \/>\nLe support est \u00e9quip\u00e9 d&rsquo;une base solide de 388 cm2 pour offrir un support stable \u00e0 votre ordinateur portable. Une telle solution fonctionne parfaitement avec les ordinateurs petits et grands et peut supporter une charge allant jusqu&rsquo;\u00e0 8 kilogrammes. Quelle que soit la taille de l\u2019\u00e9quipement sur lequel vous travaillez, vous pouvez \u00eatre s\u00fbr qu\u2019il est s\u00e9curitaire ! De plus, le support est \u00e9quip\u00e9 de patins antid\u00e9rapants en silicone, afin que votre ordinateur portable reste en place dans toutes les conditions !<br \/>\nAdaptez-vous \u00e0 vos besoins<br \/>\nGr\u00e2ce \u00e0 la base rotative, vous pouvez changer l&rsquo;angle de votre ordinateur portable \u00e0 360\u00b0, en le positionnant comme vous le souhaitez ! Les bras r\u00e9glables vous permettent d&rsquo;ajuster la hauteur dans une plage de 313 millim\u00e8tres, vous permettant ainsi de trouver la position pour que votre cou soit enfin confortable ! Le support se plie facilement et le r\u00e9glage est id\u00e9al pour de nombreux sc\u00e9narios, vous permettant de jouer, lire, naviguer sur le Web ou dessiner confortablement sur une tablette.<br \/>\nDissipation thermique efficace<br \/>\nLes avantages du stand ne s&rsquo;arr\u00eatent pas l\u00e0 ! Des trous sp\u00e9cialement con\u00e7us garantissent que l&rsquo;exc\u00e8s de chaleur se dissipe afin que votre ordinateur portable ne surchauffe pas. Vous pouvez ainsi travailler de longues heures sans craindre de perdre en efficacit\u00e9.Producteur Baseus<br \/>\nCode du producteur B10059900811-01<br \/>\nMat\u00e9riel Arr\u00eatez l\u2019aluminium<\/td>\n<\/tr>\n<\/tbody>\n<\/table>\n","protected":false},"excerpt":{"rendered":"<p>Support rotatif et pliable en alliage d\u2019aluminium, compatible avec tous les ordinateurs jusqu\u2019\u00e0 16\u201d. Id\u00e9al pour le bureau, le t\u00e9l\u00e9travail ou les cr\u00e9ateurs de contenu.<\/p>\n","protected":false},"featured_media":9581,"comment_status":"open","ping_status":"closed","template":"","meta":[],"product_cat":[15],"product_tag":[],"class_list":{"0":"post-9402","1":"product","2":"type-product","3":"status-publish","4":"has-post-thumbnail","6":"product_cat-uncategorized","8":"first","9":"outofstock","10":"shipping-taxable","11":"purchasable","12":"product-type-simple"},"jetpack_sharing_enabled":true,"_links":{"self":[{"href":"https:\/\/baseus.ci\/index.php\/wp-json\/wp\/v2\/product\/9402","targetHints":{"allow":["GET"]}}],"collection":[{"href":"https:\/\/baseus.ci\/index.php\/wp-json\/wp\/v2\/product"}],"about":[{"href":"https:\/\/baseus.ci\/index.php\/wp-json\/wp\/v2\/types\/product"}],"replies":[{"embeddable":true,"href":"https:\/\/baseus.ci\/index.php\/wp-json\/wp\/v2\/comments?post=9402"}],"wp:featuredmedia":[{"embeddable":true,"href":"https:\/\/baseus.ci\/index.php\/wp-json\/wp\/v2\/media\/9581"}],"wp:attachment":[{"href":"https:\/\/baseus.ci\/index.php\/wp-json\/wp\/v2\/media?parent=9402"}],"wp:term":[{"taxonomy":"product_cat","embeddable":true,"href":"https:\/\/baseus.ci\/index.php\/wp-json\/wp\/v2\/product_cat?post=9402"},{"taxonomy":"product_tag","embeddable":true,"href":"https:\/\/baseus.ci\/index.php\/wp-json\/wp\/v2\/product_tag?post=9402"}],"curies":[{"name":"wp","href":"https:\/\/api.w.org\/{rel}","templated":true}]}}