{"id":9397,"date":"2025-09-14T01:14:06","date_gmt":"2025-09-13T23:14:06","guid":{"rendered":"http:\/\/localhost\/baseusci\/?post_type=product&#038;p=9397"},"modified":"2026-03-20T20:17:16","modified_gmt":"2026-03-20T19:17:16","slug":"baseus-cable-audio-fiche-aux-jack-35-mm-stereo-150cm-cam30-cs1","status":"publish","type":"product","link":"https:\/\/baseus.ci\/index.php\/product\/baseus-cable-audio-fiche-aux-jack-35-mm-stereo-150cm-cam30-cs1\/","title":{"rendered":"Baseus C\u00e2ble audio fiche AUX jack 3,5 mm st\u00e9r\u00e9o 150cm (CAM30-CS1)"},"content":{"rendered":"<table width=\"270\">\n<tbody>\n<tr>\n<td width=\"270\">mat\u00e9riau durable et flexible<br \/>\nlongue dur\u00e9e de vie et r\u00e9sistance \u00e0 l&rsquo;usure<br \/>\nconnecteurs plaqu\u00e9s or 2x<br \/>\nc\u00e2ble miniJack 3,5 mm Premium &#8211; c\u00e2ble \u00e9l\u00e9gant \u00e0 embouts en aluminium renforc\u00e9<br \/>\ncompatible avec tous les appareils dot\u00e9s d&rsquo;un port AUX standard de 3,5 mm<br \/>\nmat\u00e9riau durable et flexible<br \/>\nlongue dur\u00e9e de vie et r\u00e9sistance \u00e0 l&rsquo;usure<br \/>\nconnecteurs plaqu\u00e9s or 2x miniJack 3,5mm<br \/>\nC\u00e2ble haut de gamme &#8211; pointes \u00e9l\u00e9gantes en aluminium renforc\u00e9<br \/>\nc\u00e2ble compatible avec tous les appareils dot\u00e9s d&rsquo;un port AUX standard de 3,5 mm<br \/>\nLe c\u00e2ble audio Baseus Yiven est utilis\u00e9 pour connecter des appareils dot\u00e9s d&rsquo;un port mini-jack 3,5 mm \u00e0 des haut-parleurs, \u00e9couteurs et autres appareils audio dot\u00e9s d&rsquo;un port mini-jack 3,5 mm. Le c\u00e2ble est fabriqu\u00e9 en aluminium, TPE et mat\u00e9riau tress\u00e9, ce qui garantit une longue dur\u00e9e de vie et une r\u00e9sistance \u00e0 l&rsquo;usure. Les bornes plaqu\u00e9es or permettent une transmission audio stable sans aucune interf\u00e9rence.<br \/>\nCompatibilit\u00e9 totale<br \/>\nLe c\u00e2ble audio Baseus jack &#8211; jack 3,5 mm est enti\u00e8rement compatible avec tous les appareils dot\u00e9s d&rsquo;une entr\u00e9e AUX standard ou d&rsquo;une petite prise casque 3,5 mm. C\u00e2ble utilis\u00e9 pour connecter des smartphones, tablettes, lecteurs MP3 et autres appareils audio portables avec entr\u00e9e AUX 3,5 mm dans les autoradios, haut-parleurs portables, \u00e9couteurs, cin\u00e9ma maison, etc.Haute qualit\u00e9<br \/>\nLe c\u00e2ble haut de gamme a \u00e9t\u00e9 fini avec des pointes \u00e9l\u00e9gantes et renforc\u00e9es en aluminium. La connexion des extr\u00e9mit\u00e9s au c\u00e2ble a \u00e9t\u00e9 renforc\u00e9e pour \u00e9viter les fissures lors de l&rsquo;utilisation. Les connecteurs plaqu\u00e9s or garantissent la fiabilit\u00e9 et la stabilit\u00e9 du signal.<br \/>\nsp\u00e9cification<br \/>\nFabricant Baseus<br \/>\nC\u00e2ble audio mod\u00e8le Yiven M30<br \/>\nCode de produit CAM30-CS1<br \/>\nMat\u00e9riau Aluminium + TPE + Nylon + Bouchons plaqu\u00e9s or<br \/>\nConnecteurs mini-jack 3,5 mm<br \/>\nCouleur Noir et Argent<br \/>\nLongueur 1,5 m<br \/>\nGarantie : 12 mois<br \/>\nC\u00e2ble dans l&#8217;emballage d&rsquo;origine du fabricant<\/td>\n<\/tr>\n<\/tbody>\n<\/table>\n","protected":false},"excerpt":{"rendered":"<p>mat\u00e9riau durable et flexible longue dur\u00e9e de vie et r\u00e9sistance \u00e0 l&rsquo;usure connecteurs plaqu\u00e9s or 2x c\u00e2ble miniJack 3,5 mm Premium &#8211; c\u00e2ble \u00e9l\u00e9gant \u00e0 embouts en aluminium renforc\u00e9 compatible avec tous les appareils dot\u00e9s d&rsquo;un port AUX standard de 3,5 mm mat\u00e9riau durable et flexible longue dur\u00e9e de vie et r\u00e9sistance \u00e0 l&rsquo;usure connecteurs [&hellip;]<\/p>\n","protected":false},"featured_media":9518,"comment_status":"open","ping_status":"closed","template":"","meta":[],"product_cat":[15],"product_tag":[],"class_list":{"0":"post-9397","1":"product","2":"type-product","3":"status-publish","4":"has-post-thumbnail","6":"product_cat-uncategorized","8":"first","9":"outofstock","10":"shipping-taxable","11":"purchasable","12":"product-type-simple"},"jetpack_sharing_enabled":true,"_links":{"self":[{"href":"https:\/\/baseus.ci\/index.php\/wp-json\/wp\/v2\/product\/9397","targetHints":{"allow":["GET"]}}],"collection":[{"href":"https:\/\/baseus.ci\/index.php\/wp-json\/wp\/v2\/product"}],"about":[{"href":"https:\/\/baseus.ci\/index.php\/wp-json\/wp\/v2\/types\/product"}],"replies":[{"embeddable":true,"href":"https:\/\/baseus.ci\/index.php\/wp-json\/wp\/v2\/comments?post=9397"}],"wp:featuredmedia":[{"embeddable":true,"href":"https:\/\/baseus.ci\/index.php\/wp-json\/wp\/v2\/media\/9518"}],"wp:attachment":[{"href":"https:\/\/baseus.ci\/index.php\/wp-json\/wp\/v2\/media?parent=9397"}],"wp:term":[{"taxonomy":"product_cat","embeddable":true,"href":"https:\/\/baseus.ci\/index.php\/wp-json\/wp\/v2\/product_cat?post=9397"},{"taxonomy":"product_tag","embeddable":true,"href":"https:\/\/baseus.ci\/index.php\/wp-json\/wp\/v2\/product_tag?post=9397"}],"curies":[{"name":"wp","href":"https:\/\/api.w.org\/{rel}","templated":true}]}}