{"id":9396,"date":"2025-09-14T01:14:06","date_gmt":"2025-09-13T23:14:06","guid":{"rendered":"http:\/\/localhost\/baseusci\/?post_type=product&#038;p=9396"},"modified":"2026-03-22T01:21:13","modified_gmt":"2026-03-22T00:21:13","slug":"adaptateur-lightning-vers-aux-2xlightning-call52-01","status":"publish","type":"product","link":"https:\/\/baseus.ci\/index.php\/product\/adaptateur-lightning-vers-aux-2xlightning-call52-01\/","title":{"rendered":"Adaptateur Lightning vers AUX\/2xLightning  (CALL52-01)"},"content":{"rendered":"<table width=\"270\">\n<tbody>\n<tr>\n<td width=\"270\">C\u00e2ble Lightning vers prise jack 3,5 mm et convertisseur audio Lightning Baseus CALL52-01-gris<\/p>\n<p>Les t\u00e9l\u00e9phones Apple de nouvelle g\u00e9n\u00e9ration ne disposent que d&rsquo;un port Lightning pour le chargement et ne disposent pas de port jack 3,5 mm pour la connexion mains libres, ce qui a pos\u00e9 des probl\u00e8mes \u00e0 certains utilisateurs. Ce produit Bezos (Baseus) a r\u00e9solu ce probl\u00e8me en connectant au t\u00e9l\u00e9phone mobile un port jack 3,5 mm pour la connexion mains libres et deux ports Lightning, l&rsquo;un pour charger le t\u00e9l\u00e9phone et l&rsquo;autre pour connecter le mains libres. \u00c9coutez de la musique en m\u00eame temps et chargez votre t\u00e9l\u00e9phone.<\/p>\n<p>A noter que ce produit convient aux t\u00e9l\u00e9phones disposant uniquement d&rsquo;un port Lightning (ne convient pas aux t\u00e9l\u00e9phones dot\u00e9s de ports jack 3,5 mm).<\/td>\n<\/tr>\n<\/tbody>\n<\/table>\n","protected":false},"excerpt":{"rendered":"<p>C\u00e2ble Lightning vers prise jack 3,5 mm et convertisseur audio Lightning Baseus CALL52-01-gris Les t\u00e9l\u00e9phones Apple de nouvelle g\u00e9n\u00e9ration ne disposent que d&rsquo;un port Lightning pour le chargement et ne disposent pas de port jack 3,5 mm pour la connexion mains libres, ce qui a pos\u00e9 des probl\u00e8mes \u00e0 certains utilisateurs. Ce produit Bezos (Baseus) [&hellip;]<\/p>\n","protected":false},"featured_media":9514,"comment_status":"open","ping_status":"closed","template":"","meta":[],"product_cat":[80],"product_tag":[],"class_list":{"0":"post-9396","1":"product","2":"type-product","3":"status-publish","4":"has-post-thumbnail","6":"product_cat-accessoires-divers","8":"first","9":"instock","10":"shipping-taxable","11":"purchasable","12":"product-type-simple"},"jetpack_sharing_enabled":true,"_links":{"self":[{"href":"https:\/\/baseus.ci\/index.php\/wp-json\/wp\/v2\/product\/9396","targetHints":{"allow":["GET"]}}],"collection":[{"href":"https:\/\/baseus.ci\/index.php\/wp-json\/wp\/v2\/product"}],"about":[{"href":"https:\/\/baseus.ci\/index.php\/wp-json\/wp\/v2\/types\/product"}],"replies":[{"embeddable":true,"href":"https:\/\/baseus.ci\/index.php\/wp-json\/wp\/v2\/comments?post=9396"}],"wp:featuredmedia":[{"embeddable":true,"href":"https:\/\/baseus.ci\/index.php\/wp-json\/wp\/v2\/media\/9514"}],"wp:attachment":[{"href":"https:\/\/baseus.ci\/index.php\/wp-json\/wp\/v2\/media?parent=9396"}],"wp:term":[{"taxonomy":"product_cat","embeddable":true,"href":"https:\/\/baseus.ci\/index.php\/wp-json\/wp\/v2\/product_cat?post=9396"},{"taxonomy":"product_tag","embeddable":true,"href":"https:\/\/baseus.ci\/index.php\/wp-json\/wp\/v2\/product_tag?post=9396"}],"curies":[{"name":"wp","href":"https:\/\/api.w.org\/{rel}","templated":true}]}}