{"id":9394,"date":"2025-09-14T01:14:06","date_gmt":"2025-09-13T23:14:06","guid":{"rendered":"http:\/\/localhost\/baseusci\/?post_type=product&#038;p=9394"},"modified":"2026-03-20T20:21:06","modified_gmt":"2026-03-20T19:21:06","slug":"adaptateur-baseus-de-usb-type-c-vers-usb-noir-caaotg-01","status":"publish","type":"product","link":"https:\/\/baseus.ci\/index.php\/product\/adaptateur-baseus-de-usb-type-c-vers-usb-noir-caaotg-01\/","title":{"rendered":"Adaptateur Baseus de USB Type-C vers USB noir (CAAOTG-01)"},"content":{"rendered":"<table width=\"270\">\n<tbody>\n<tr>\n<td width=\"270\">en aluminium<br \/>\nde tr\u00e8s petites dimensions<br \/>\nadaptateur pour connecter un c\u00e2ble USB-C \/ Type-C \u00e0 des appareils dot\u00e9s d&rsquo;un port USB l&rsquo;<br \/>\nadaptateur permet la transmission de donn\u00e9es et la charge jusqu&rsquo;\u00e0 3A<br \/>\nen aluminium<br \/>\ntr\u00e8s petites dimensions<br \/>\nadaptateur pour connecter un c\u00e2ble USB-C \/ Type-C \u00e0 des appareils dot\u00e9s d&rsquo;un port USB<br \/>\nl&rsquo;adaptateur permet la transmission de donn\u00e9es et la charge jusqu&rsquo;\u00e0 3A<br \/>\nConvertisseur de taille compacte, fabriqu\u00e9 en aluminium de haute qualit\u00e9, facile et rapide \u00e0 utiliser. L&rsquo;adaptateur permet le transfert de fichiers, la synchronisation des appareils et une charge rapide (max. 3 A).<\/td>\n<\/tr>\n<\/tbody>\n<\/table>\n","protected":false},"excerpt":{"rendered":"<p>en aluminium de tr\u00e8s petites dimensions adaptateur pour connecter un c\u00e2ble USB-C \/ Type-C \u00e0 des appareils dot\u00e9s d&rsquo;un port USB l&rsquo; adaptateur permet la transmission de donn\u00e9es et la charge jusqu&rsquo;\u00e0 3A en aluminium tr\u00e8s petites dimensions adaptateur pour connecter un c\u00e2ble USB-C \/ Type-C \u00e0 des appareils dot\u00e9s d&rsquo;un port USB l&rsquo;adaptateur permet [&hellip;]<\/p>\n","protected":false},"featured_media":9496,"comment_status":"open","ping_status":"closed","template":"","meta":[],"product_cat":[15],"product_tag":[],"class_list":{"0":"post-9394","1":"product","2":"type-product","3":"status-publish","4":"has-post-thumbnail","6":"product_cat-uncategorized","8":"first","9":"outofstock","10":"shipping-taxable","11":"purchasable","12":"product-type-simple"},"jetpack_sharing_enabled":true,"_links":{"self":[{"href":"https:\/\/baseus.ci\/index.php\/wp-json\/wp\/v2\/product\/9394","targetHints":{"allow":["GET"]}}],"collection":[{"href":"https:\/\/baseus.ci\/index.php\/wp-json\/wp\/v2\/product"}],"about":[{"href":"https:\/\/baseus.ci\/index.php\/wp-json\/wp\/v2\/types\/product"}],"replies":[{"embeddable":true,"href":"https:\/\/baseus.ci\/index.php\/wp-json\/wp\/v2\/comments?post=9394"}],"wp:featuredmedia":[{"embeddable":true,"href":"https:\/\/baseus.ci\/index.php\/wp-json\/wp\/v2\/media\/9496"}],"wp:attachment":[{"href":"https:\/\/baseus.ci\/index.php\/wp-json\/wp\/v2\/media?parent=9394"}],"wp:term":[{"taxonomy":"product_cat","embeddable":true,"href":"https:\/\/baseus.ci\/index.php\/wp-json\/wp\/v2\/product_cat?post=9394"},{"taxonomy":"product_tag","embeddable":true,"href":"https:\/\/baseus.ci\/index.php\/wp-json\/wp\/v2\/product_tag?post=9394"}],"curies":[{"name":"wp","href":"https:\/\/api.w.org\/{rel}","templated":true}]}}