{"id":9393,"date":"2025-09-14T01:14:06","date_gmt":"2025-09-13T23:14:06","guid":{"rendered":"http:\/\/localhost\/baseusci\/?post_type=product&#038;p=9393"},"modified":"2026-03-22T01:20:20","modified_gmt":"2026-03-22T00:20:20","slug":"adaptateur-de-micro-usb-vers-usb-c-type-c-baseus-camotg-01","status":"publish","type":"product","link":"https:\/\/baseus.ci\/index.php\/product\/adaptateur-de-micro-usb-vers-usb-c-type-c-baseus-camotg-01\/","title":{"rendered":"Adaptateur de micro USB vers USB-C \/ Type-C Baseus CAMOTG-01"},"content":{"rendered":"<table width=\"270\">\n<tbody>\n<tr>\n<td width=\"270\">en aluminium<br \/>\nadaptateur de tr\u00e8s petites dimensions<br \/>\npour connecter des accessoires micro USB \u00e0 des appareils avec prise USB-C \/ Type-C<br \/>\nl&rsquo;adaptateur permet la transmission de donn\u00e9es et la charge jusqu&rsquo;\u00e0 2,4A<br \/>\nen aluminium<br \/>\ntr\u00e8s petites dimensions<br \/>\nadaptateur pour connecter des accessoires micro USB \u00e0 des appareils dot\u00e9s d&rsquo;une prise USB-C \/ Type-C<br \/>\nl&rsquo;adaptateur permet la transmission de donn\u00e9es et la charge jusqu&rsquo;\u00e0 2,4 A<\/td>\n<\/tr>\n<\/tbody>\n<\/table>\n","protected":false},"excerpt":{"rendered":"<p>en aluminium adaptateur de tr\u00e8s petites dimensions pour connecter des accessoires micro USB \u00e0 des appareils avec prise USB-C \/ Type-C l&rsquo;adaptateur permet la transmission de donn\u00e9es et la charge jusqu&rsquo;\u00e0 2,4A en aluminium tr\u00e8s petites dimensions adaptateur pour connecter des accessoires micro USB \u00e0 des appareils dot\u00e9s d&rsquo;une prise USB-C \/ Type-C l&rsquo;adaptateur permet [&hellip;]<\/p>\n","protected":false},"featured_media":9492,"comment_status":"open","ping_status":"closed","template":"","meta":[],"product_cat":[80],"product_tag":[],"class_list":{"0":"post-9393","1":"product","2":"type-product","3":"status-publish","4":"has-post-thumbnail","6":"product_cat-accessoires-divers","8":"first","9":"instock","10":"shipping-taxable","11":"purchasable","12":"product-type-simple"},"jetpack_sharing_enabled":true,"_links":{"self":[{"href":"https:\/\/baseus.ci\/index.php\/wp-json\/wp\/v2\/product\/9393","targetHints":{"allow":["GET"]}}],"collection":[{"href":"https:\/\/baseus.ci\/index.php\/wp-json\/wp\/v2\/product"}],"about":[{"href":"https:\/\/baseus.ci\/index.php\/wp-json\/wp\/v2\/types\/product"}],"replies":[{"embeddable":true,"href":"https:\/\/baseus.ci\/index.php\/wp-json\/wp\/v2\/comments?post=9393"}],"wp:featuredmedia":[{"embeddable":true,"href":"https:\/\/baseus.ci\/index.php\/wp-json\/wp\/v2\/media\/9492"}],"wp:attachment":[{"href":"https:\/\/baseus.ci\/index.php\/wp-json\/wp\/v2\/media?parent=9393"}],"wp:term":[{"taxonomy":"product_cat","embeddable":true,"href":"https:\/\/baseus.ci\/index.php\/wp-json\/wp\/v2\/product_cat?post=9393"},{"taxonomy":"product_tag","embeddable":true,"href":"https:\/\/baseus.ci\/index.php\/wp-json\/wp\/v2\/product_tag?post=9393"}],"curies":[{"name":"wp","href":"https:\/\/api.w.org\/{rel}","templated":true}]}}