{"id":9392,"date":"2025-09-14T01:14:06","date_gmt":"2025-09-13T23:14:06","guid":{"rendered":"http:\/\/localhost\/baseusci\/?post_type=product&#038;p=9392"},"modified":"2026-02-15T00:15:03","modified_gmt":"2026-02-14T23:15:03","slug":"baseus-adaptateur-l54-usb-c-vers-jack-audio-35-mm-noir-catl54-01","status":"publish","type":"product","link":"https:\/\/baseus.ci\/index.php\/product\/baseus-adaptateur-l54-usb-c-vers-jack-audio-35-mm-noir-catl54-01\/","title":{"rendered":"Baseus Adaptateur L54 USB-C vers jack audio 3,5 mm noir (CATL54-01)"},"content":{"rendered":"<table width=\"270\">\n<tbody>\n<tr>\n<td width=\"270\">Baseus L54 &#8211; adaptateur avec un c\u00e2ble du connecteur USB-C \u00e0 la prise casque 3,5 mm . Il permet de connecter des \u00e9couteurs \u00e0 un smartphone, et ainsi d&rsquo;\u00e9couter nos musiques pr\u00e9f\u00e9r\u00e9es. Une solution pratique pour les appareils ne disposant que d&rsquo;un port USB-C.<\/p>\n<p>Marque : Baseus<br \/>\nNom : L54<br \/>\nMat\u00e9riau : TPE<br \/>\nLongueur du c\u00e2ble : 9 cm<br \/>\nCouleur noire<br \/>\nSignal num\u00e9rique : DAC 24 bits 48KHz<br \/>\nCompatibilit\u00e9 : Tout t\u00e9l\u00e9phone avec un connecteur USB Type C qui n&rsquo;a pas de connecteur casque mini jack 3,5 mm<br \/>\nKGO : 0,02 PLN net<\/p>\n<p>Pour les smartphones dot\u00e9s d&rsquo;un port USB-C et d&rsquo;une prise casque, la prise jack 3,5 mm de l&rsquo;adaptateur ne fonctionnera pas.<\/p>\n<p>Jack 3,5 mm pour tout le monde !<br \/>\nLe Baseus L54 est un accessoire parfait pour tous ceux qui n&rsquo;appr\u00e9cient pas vraiment d&rsquo;investir dans de nouveaux \u00e9couteurs avec un connecteur USB-C. Ce petit adaptateur suffit pour pouvoir connecter des \u00e9quipements classiques \u00e0 des mod\u00e8les de t\u00e9l\u00e9phones plus r\u00e9cents, dont les constructeurs ont renonc\u00e9 \u00e0 la prise jack 3,5 mm.<\/p>\n<p>L\u00e9ger, petit et extr\u00eamement durable<br \/>\nL&rsquo;adaptateur ne p\u00e8se que quelques grammes et a une petite taille , son transport est donc pratiquement sans tracas. De plus, il a \u00e9t\u00e9 fabriqu\u00e9 avec des mat\u00e9riaux de haute qualit\u00e9.<\/p>\n<p>C\u00e2ble solide<br \/>\nLe c\u00e2ble TPE durable et flexible augmente la port\u00e9e et la marge de man\u0153uvre avec l&rsquo;adaptateur lui-m\u00eame. Pendant ce temps, seule une minuscule prise est connect\u00e9e au smartphone.<\/p>\n<p>Son au plus haut niveau<br \/>\nAussi bien en \u00e9coutant de la musique qu&rsquo;en passant des appels avec le casque. Le son est clair et sans distorsion. Profitez du son de vos chansons pr\u00e9f\u00e9r\u00e9es et de conversations illimit\u00e9es avec vos proches !<\/p>\n<p>Sans retirer le bo\u00eetier<br \/>\nGr\u00e2ce au design de l&rsquo;accessoire, vous pouvez le connecter au t\u00e9l\u00e9phone sans retirer la coque. Rapide et s\u00fbr.<\/td>\n<\/tr>\n<\/tbody>\n<\/table>\n","protected":false},"excerpt":{"rendered":"<p>Baseus L54 &#8211; adaptateur avec un c\u00e2ble du connecteur USB-C \u00e0 la prise casque 3,5 mm . Il permet de connecter des \u00e9couteurs \u00e0 un smartphone, et ainsi d&rsquo;\u00e9couter nos musiques pr\u00e9f\u00e9r\u00e9es. Une solution pratique pour les appareils ne disposant que d&rsquo;un port USB-C. Marque : Baseus Nom : L54 Mat\u00e9riau : TPE Longueur du [&hellip;]<\/p>\n","protected":false},"featured_media":9470,"comment_status":"open","ping_status":"closed","template":"","meta":[],"product_cat":[70],"product_tag":[],"class_list":{"0":"post-9392","1":"product","2":"type-product","3":"status-publish","4":"has-post-thumbnail","6":"product_cat-all","8":"first","9":"instock","10":"sale","11":"shipping-taxable","12":"purchasable","13":"product-type-simple"},"jetpack_sharing_enabled":true,"_links":{"self":[{"href":"https:\/\/baseus.ci\/index.php\/wp-json\/wp\/v2\/product\/9392","targetHints":{"allow":["GET"]}}],"collection":[{"href":"https:\/\/baseus.ci\/index.php\/wp-json\/wp\/v2\/product"}],"about":[{"href":"https:\/\/baseus.ci\/index.php\/wp-json\/wp\/v2\/types\/product"}],"replies":[{"embeddable":true,"href":"https:\/\/baseus.ci\/index.php\/wp-json\/wp\/v2\/comments?post=9392"}],"wp:featuredmedia":[{"embeddable":true,"href":"https:\/\/baseus.ci\/index.php\/wp-json\/wp\/v2\/media\/9470"}],"wp:attachment":[{"href":"https:\/\/baseus.ci\/index.php\/wp-json\/wp\/v2\/media?parent=9392"}],"wp:term":[{"taxonomy":"product_cat","embeddable":true,"href":"https:\/\/baseus.ci\/index.php\/wp-json\/wp\/v2\/product_cat?post=9392"},{"taxonomy":"product_tag","embeddable":true,"href":"https:\/\/baseus.ci\/index.php\/wp-json\/wp\/v2\/product_tag?post=9392"}],"curies":[{"name":"wp","href":"https:\/\/api.w.org\/{rel}","templated":true}]}}