{"id":9391,"date":"2025-09-14T01:14:06","date_gmt":"2025-09-13T23:14:06","guid":{"rendered":"http:\/\/localhost\/baseusci\/?post_type=product&#038;p=9391"},"modified":"2025-09-14T01:15:19","modified_gmt":"2025-09-13T23:15:19","slug":"cable-audio-baseus-yiven-type-c-male-vers-35-male-noir-cam01-01","status":"publish","type":"product","link":"https:\/\/baseus.ci\/index.php\/product\/cable-audio-baseus-yiven-type-c-male-vers-35-male-noir-cam01-01\/","title":{"rendered":"C\u00e2ble audio Baseus Yiven Type-C m\u00e2le vers 3,5 m\u00e2le Noir (CAM01-01)"},"content":{"rendered":"<table width=\"270\">\n<tbody>\n<tr>\n<td width=\"270\">\u00c0 propos de cet article<br \/>\nConnecteur renforc\u00e9 en TPE, r\u00e9sistant aux torsions et aux branchements r\u00e9p\u00e9t\u00e9s<br \/>\nPeut r\u00e9sister \u00e0 une utilisation \u00e0 long terme, le fil est durable<br \/>\nProducteur Baseus<br \/>\nMod\u00e8le Yiven Type-C c\u00e2ble audio m\u00e2le vers 3,5 m\u00e2le<br \/>\nCode de produit CAM01-01<br \/>\nMat\u00e9riau Aluminium + TPE<br \/>\nConnecteur USB-C, mini-jack 3,5 mm<br \/>\nLa couleur noire<br \/>\nLongueur 1,2 m<br \/>\nCouleurs vives, s&rsquo;adapte parfaitement \u00e0 votre t\u00e9l\u00e9phone portable<br \/>\nAucun dommage caus\u00e9 par des milliers de bouchons<br \/>\nR\u00e9sistance au pliage et \u00e0 la traction : robuste et durable<\/td>\n<\/tr>\n<\/tbody>\n<\/table>\n","protected":false},"excerpt":{"rendered":"<p>\u00c0 propos de cet article Connecteur renforc\u00e9 en TPE, r\u00e9sistant aux torsions et aux branchements r\u00e9p\u00e9t\u00e9s Peut r\u00e9sister \u00e0 une utilisation \u00e0 long terme, le fil est durable Producteur Baseus Mod\u00e8le Yiven Type-C c\u00e2ble audio m\u00e2le vers 3,5 m\u00e2le Code de produit CAM01-01 Mat\u00e9riau Aluminium + TPE Connecteur USB-C, mini-jack 3,5 mm La couleur noire [&hellip;]<\/p>\n","protected":false},"featured_media":9447,"comment_status":"open","ping_status":"closed","template":"","meta":[],"product_cat":[70,74],"product_tag":[],"class_list":{"0":"post-9391","1":"product","2":"type-product","3":"status-publish","4":"has-post-thumbnail","6":"product_cat-all","7":"product_cat-cables","9":"first","10":"instock","11":"shipping-taxable","12":"purchasable","13":"product-type-simple"},"jetpack_sharing_enabled":true,"_links":{"self":[{"href":"https:\/\/baseus.ci\/index.php\/wp-json\/wp\/v2\/product\/9391","targetHints":{"allow":["GET"]}}],"collection":[{"href":"https:\/\/baseus.ci\/index.php\/wp-json\/wp\/v2\/product"}],"about":[{"href":"https:\/\/baseus.ci\/index.php\/wp-json\/wp\/v2\/types\/product"}],"replies":[{"embeddable":true,"href":"https:\/\/baseus.ci\/index.php\/wp-json\/wp\/v2\/comments?post=9391"}],"wp:featuredmedia":[{"embeddable":true,"href":"https:\/\/baseus.ci\/index.php\/wp-json\/wp\/v2\/media\/9447"}],"wp:attachment":[{"href":"https:\/\/baseus.ci\/index.php\/wp-json\/wp\/v2\/media?parent=9391"}],"wp:term":[{"taxonomy":"product_cat","embeddable":true,"href":"https:\/\/baseus.ci\/index.php\/wp-json\/wp\/v2\/product_cat?post=9391"},{"taxonomy":"product_tag","embeddable":true,"href":"https:\/\/baseus.ci\/index.php\/wp-json\/wp\/v2\/product_tag?post=9391"}],"curies":[{"name":"wp","href":"https:\/\/api.w.org\/{rel}","templated":true}]}}