{"id":9390,"date":"2025-09-14T01:14:06","date_gmt":"2025-09-13T23:14:06","guid":{"rendered":"http:\/\/localhost\/baseusci\/?post_type=product&#038;p=9390"},"modified":"2026-04-13T02:39:02","modified_gmt":"2026-04-13T00:39:02","slug":"transmetteur-fm-bluetooth-solaire-cdmp000001","status":"publish","type":"product","link":"https:\/\/baseus.ci\/index.php\/product\/transmetteur-fm-bluetooth-solaire-cdmp000001\/","title":{"rendered":"Transmetteur FM Bluetooth Baseus solaire \u2013 Kit voiture mains libres audio \u00e0 Abidjan (C\u00f4te d\u2019Ivoire)"},"content":{"rendered":"<h2 data-section-id=\"9akzbd\" data-start=\"593\" data-end=\"639\">\ud83d\udcfb Transformez votre autoradio en Bluetooth<\/h2>\n<p data-start=\"640\" data-end=\"726\">Diffusez votre musique depuis votre smartphone vers votre autoradio via fr\u00e9quence FM :<\/p>\n<ul data-start=\"727\" data-end=\"804\">\n<li data-section-id=\"bi65ou\" data-start=\"727\" data-end=\"750\">\ud83c\udfb5 Musique sans fil<\/li>\n<li data-section-id=\"1bmwx8r\" data-start=\"751\" data-end=\"777\">\ud83d\udcde Appels mains libres<\/li>\n<li data-section-id=\"1nvs9vo\" data-start=\"778\" data-end=\"804\">\ud83d\udd0a Son clair et stable<\/li>\n<\/ul>\n<hr data-start=\"806\" data-end=\"809\" \/>\n<h2 data-section-id=\"7gvatn\" data-start=\"811\" data-end=\"842\">\u2600\ufe0f Recharge solaire int\u00e9gr\u00e9e<\/h2>\n<p data-start=\"843\" data-end=\"860\">Fonction unique :<\/p>\n<ul data-start=\"861\" data-end=\"940\">\n<li data-section-id=\"1wzrcnq\" data-start=\"861\" data-end=\"893\">Recharge via lumi\u00e8re solaire<\/li>\n<li data-section-id=\"jk0wbv\" data-start=\"894\" data-end=\"916\">\u00c9conomie d\u2019\u00e9nergie<\/li>\n<li data-section-id=\"1ot6pcc\" data-start=\"917\" data-end=\"940\">Autonomie prolong\u00e9e<\/li>\n<\/ul>\n<hr data-start=\"942\" data-end=\"945\" \/>\n<h2 data-section-id=\"1nfjha0\" data-start=\"947\" data-end=\"979\">\ud83d\udce1 Bluetooth stable et rapide<\/h2>\n<ul data-start=\"980\" data-end=\"1042\">\n<li data-section-id=\"pufzta\" data-start=\"980\" data-end=\"1005\">Connexion automatique<\/li>\n<li data-section-id=\"1wf1rc1\" data-start=\"1006\" data-end=\"1023\">Signal fluide<\/li>\n<li data-section-id=\"1x7ryqh\" data-start=\"1024\" data-end=\"1042\">Faible latence<\/li>\n<\/ul>\n<hr data-start=\"1044\" data-end=\"1047\" \/>\n<h2 data-section-id=\"1wid7fi\" data-start=\"1049\" data-end=\"1083\">\ud83d\udcde Fonction appels mains libres<\/h2>\n<ul data-start=\"1084\" data-end=\"1162\">\n<li data-section-id=\"lmg2b8\" data-start=\"1084\" data-end=\"1101\">Micro int\u00e9gr\u00e9<\/li>\n<li data-section-id=\"7d1aqi\" data-start=\"1102\" data-end=\"1132\">Appels clairs et s\u00e9curis\u00e9s<\/li>\n<li data-section-id=\"uh2s96\" data-start=\"1133\" data-end=\"1162\">Conduite sans distraction<\/li>\n<\/ul>\n<hr data-start=\"1164\" data-end=\"1167\" \/>\n<h2 data-section-id=\"22phmh\" data-start=\"1169\" data-end=\"1196\">\ud83c\udfb6 Lecture multi-sources<\/h2>\n<p data-start=\"1197\" data-end=\"1214\">Compatible avec :<\/p>\n<ul data-start=\"1215\" data-end=\"1258\">\n<li data-section-id=\"9220u6\" data-start=\"1215\" data-end=\"1228\">Bluetooth<\/li>\n<li data-section-id=\"1g52t4a\" data-start=\"1229\" data-end=\"1240\">Cl\u00e9 USB<\/li>\n<li data-section-id=\"7cguxd\" data-start=\"1241\" data-end=\"1258\">Carte m\u00e9moire<\/li>\n<\/ul>\n<hr data-start=\"1260\" data-end=\"1263\" \/>\n<h2 data-section-id=\"lf91y4\" data-start=\"1265\" data-end=\"1300\">\ud83d\udd0c Installation simple et rapide<\/h2>\n<ul data-start=\"1301\" data-end=\"1390\">\n<li data-section-id=\"1t0ndbn\" data-start=\"1301\" data-end=\"1325\">Branchez et utilisez<\/li>\n<li data-section-id=\"1mylls1\" data-start=\"1326\" data-end=\"1360\">R\u00e9glage facile de fr\u00e9quence FM<\/li>\n<li data-section-id=\"1fz1nwh\" data-start=\"1361\" data-end=\"1390\">Compatible tous v\u00e9hicules<\/li>\n<\/ul>\n<hr data-start=\"1392\" data-end=\"1395\" \/>\n<h2 data-section-id=\"1mokldz\" data-start=\"1397\" data-end=\"1425\">\ud83d\udcaa Qualit\u00e9 premium Baseus<\/h2>\n<ul data-start=\"1426\" data-end=\"1494\">\n<li data-section-id=\"1x38rdh\" data-start=\"1426\" data-end=\"1448\">Mat\u00e9riaux robustes<\/li>\n<li data-section-id=\"12p24ee\" data-start=\"1449\" data-end=\"1472\">Longue dur\u00e9e de vie<\/li>\n<li data-section-id=\"1c3wi79\" data-start=\"1473\" data-end=\"1494\">Conception fiable<\/li>\n<\/ul>\n<hr data-start=\"1496\" data-end=\"1499\" \/>\n<h2 data-section-id=\"1scp0l3\" data-start=\"1501\" data-end=\"1533\">\ud83c\udfa8 Design moderne et pratique<\/h2>\n<p data-start=\"1534\" data-end=\"1586\">Style \u00e9l\u00e9gant adapt\u00e9 \u00e0 l\u2019int\u00e9rieur de votre voiture.<\/p>\n<hr data-start=\"1588\" data-end=\"1591\" \/>\n<h2 data-section-id=\"12wokia\" data-start=\"1593\" data-end=\"1632\">\ud83d\udee1\ufe0f Produit original certifi\u00e9 Baseus<\/h2>\n<p data-start=\"1633\" data-end=\"1698\">\u2714\ufe0f 100% authentique<br data-start=\"1652\" data-end=\"1655\" \/>\u2714\ufe0f Produit garanti<br data-start=\"1673\" data-end=\"1676\" \/>\u2714\ufe0f Qualit\u00e9 certifi\u00e9e<\/p>\n<p data-start=\"1700\" data-end=\"1757\">\ud83c\udf10 Le site officiel de la marque est : <strong data-start=\"1739\" data-end=\"1757\"><a class=\"decorated-link cursor-pointer\" target=\"_new\" rel=\"noopener\" data-start=\"1741\" data-end=\"1755\">www.baseus.ci<\/a><\/strong><\/p>\n<hr data-start=\"1759\" data-end=\"1762\" \/>\n<h1 data-section-id=\"8fipsp\" data-start=\"1764\" data-end=\"1811\"><span role=\"text\">\u2699\ufe0f <strong data-start=\"1769\" data-end=\"1811\">Caract\u00e9ristiques techniques d\u00e9taill\u00e9es<\/strong><\/span><\/h1>\n<ul data-start=\"1813\" data-end=\"2297\">\n<li data-section-id=\"iin2im\" data-start=\"1813\" data-end=\"1836\"><strong data-start=\"1815\" data-end=\"1827\">Marque :<\/strong> Baseus<\/li>\n<li data-section-id=\"1xyafoi\" data-start=\"1837\" data-end=\"1867\"><strong data-start=\"1839\" data-end=\"1854\">R\u00e9f\u00e9rence :<\/strong> CDMP000001<\/li>\n<li data-section-id=\"dc8htz\" data-start=\"1868\" data-end=\"1908\"><strong data-start=\"1870\" data-end=\"1880\">Type :<\/strong> Transmetteur FM Bluetooth<\/li>\n<li data-section-id=\"216rvh\" data-start=\"1909\" data-end=\"1938\"><strong data-start=\"1911\" data-end=\"1926\">Connexion :<\/strong> Bluetooth<\/li>\n<li data-section-id=\"bobulj\" data-start=\"1939\" data-end=\"2009\"><strong data-start=\"1941\" data-end=\"1956\">Fonctions :<\/strong>\n<ul data-start=\"1961\" data-end=\"2009\">\n<li data-section-id=\"141t85y\" data-start=\"1961\" data-end=\"1983\">Diffusion audio FM<\/li>\n<li data-section-id=\"s7399k\" data-start=\"1986\" data-end=\"2009\">Appels mains libres<\/li>\n<\/ul>\n<\/li>\n<li data-section-id=\"1f20hx2\" data-start=\"2010\" data-end=\"2059\"><strong data-start=\"2012\" data-end=\"2026\">Recharge :<\/strong> Solaire + alimentation voiture<\/li>\n<li data-section-id=\"e2oq96\" data-start=\"2060\" data-end=\"2095\"><strong data-start=\"2062\" data-end=\"2073\">Ports :<\/strong> USB \/ carte m\u00e9moire<\/li>\n<li data-section-id=\"1xmwo74\" data-start=\"2096\" data-end=\"2130\"><strong data-start=\"2098\" data-end=\"2114\">Microphone :<\/strong> Oui (int\u00e9gr\u00e9)<\/li>\n<li data-section-id=\"8oj6dw\" data-start=\"2131\" data-end=\"2193\"><strong data-start=\"2133\" data-end=\"2152\">Compatibilit\u00e9 :<\/strong>\n<ul data-start=\"2157\" data-end=\"2193\">\n<li data-section-id=\"1rxl1vp\" data-start=\"2157\" data-end=\"2180\">Smartphones Android<\/li>\n<li data-section-id=\"1fauvp9\" data-start=\"2183\" data-end=\"2193\">iPhone<\/li>\n<\/ul>\n<\/li>\n<li data-section-id=\"1tj2yt3\" data-start=\"2194\" data-end=\"2223\"><strong data-start=\"2196\" data-end=\"2213\">Utilisation :<\/strong> Voiture<\/li>\n<li data-section-id=\"13jh2r9\" data-start=\"2224\" data-end=\"2274\"><strong data-start=\"2226\" data-end=\"2241\">Mat\u00e9riaux :<\/strong> ABS + composants \u00e9lectroniques<\/li>\n<li data-section-id=\"3cnlmn\" data-start=\"2275\" data-end=\"2297\"><strong data-start=\"2277\" data-end=\"2290\">Couleur :<\/strong> Noir<\/li>\n<\/ul>\n<p>&nbsp;<\/p>\n","protected":false},"excerpt":{"rendered":"<p>\u00c9coutez votre musique et passez vos appels en toute s\u00e9curit\u00e9 avec le transmetteur FM Bluetooth Baseus solaire. Connexion sans fil, recharge solaire et qualit\u00e9 audio claire pour votre voiture.<br data-start=\"477\" data-end=\"480\" \/>\ud83d\ude97 Disponible \u00e0 Abidjan avec livraison rapide.<\/p>\n","protected":false},"featured_media":9441,"comment_status":"open","ping_status":"closed","template":"","meta":[],"product_cat":[73],"product_tag":[],"class_list":{"0":"post-9390","1":"product","2":"type-product","3":"status-publish","4":"has-post-thumbnail","6":"product_cat-in-auto","8":"first","9":"outofstock","10":"shipping-taxable","11":"purchasable","12":"product-type-simple"},"jetpack_sharing_enabled":true,"_links":{"self":[{"href":"https:\/\/baseus.ci\/index.php\/wp-json\/wp\/v2\/product\/9390","targetHints":{"allow":["GET"]}}],"collection":[{"href":"https:\/\/baseus.ci\/index.php\/wp-json\/wp\/v2\/product"}],"about":[{"href":"https:\/\/baseus.ci\/index.php\/wp-json\/wp\/v2\/types\/product"}],"replies":[{"embeddable":true,"href":"https:\/\/baseus.ci\/index.php\/wp-json\/wp\/v2\/comments?post=9390"}],"wp:featuredmedia":[{"embeddable":true,"href":"https:\/\/baseus.ci\/index.php\/wp-json\/wp\/v2\/media\/9441"}],"wp:attachment":[{"href":"https:\/\/baseus.ci\/index.php\/wp-json\/wp\/v2\/media?parent=9390"}],"wp:term":[{"taxonomy":"product_cat","embeddable":true,"href":"https:\/\/baseus.ci\/index.php\/wp-json\/wp\/v2\/product_cat?post=9390"},{"taxonomy":"product_tag","embeddable":true,"href":"https:\/\/baseus.ci\/index.php\/wp-json\/wp\/v2\/product_tag?post=9390"}],"curies":[{"name":"wp","href":"https:\/\/api.w.org\/{rel}","templated":true}]}}