{"id":11665,"date":"2026-04-27T17:20:33","date_gmt":"2026-04-27T15:20:33","guid":{"rendered":"https:\/\/baseus.ci\/?post_type=product&#038;p=11665"},"modified":"2026-04-27T17:20:33","modified_gmt":"2026-04-27T15:20:33","slug":"protection-decran-integrale-baseus-03-mm-fg-tg-2-pieces-cadre-dinstallation-pour-iphone-13-mini-noir-sgqp010001","status":"publish","type":"product","link":"https:\/\/baseus.ci\/index.php\/product\/protection-decran-integrale-baseus-03-mm-fg-tg-2-pieces-cadre-dinstallation-pour-iphone-13-mini-noir-sgqp010001\/","title":{"rendered":"Protection d&rsquo;\u00e9cran int\u00e9grale Baseus 0,3 mm (FG TG) (2 pi\u00e8ces + cadre d&rsquo;installation) pour iPhone 13 Mini Noir (SGQP010001)"},"content":{"rendered":"<h3 data-section-id=\"1gmz609\" data-start=\"458\" data-end=\"480\">\u00a0Description SEO<\/h3>\n<p data-start=\"482\" data-end=\"726\">La\u00a0<strong data-start=\"485\" data-end=\"570\">protection d\u2019\u00e9cran int\u00e9grale\u00a0<span class=\"hover:entity-accent entity-underline inline cursor-pointer align-baseline\"><span class=\"whitespace-normal\">Baseus<\/span><\/span>\u00a00,3 mm (FG TG)<\/strong>\u00a0pour iPhone 13 Mini est con\u00e7ue pour offrir une\u00a0<strong data-start=\"618\" data-end=\"650\">couverture totale de l\u2019\u00e9cran<\/strong>, prot\u00e9geant efficacement contre les rayures, chocs et impacts du quotidien.<\/p>\n<p data-start=\"728\" data-end=\"994\">Ce kit comprend\u00a0<strong data-start=\"744\" data-end=\"764\">2 verres tremp\u00e9s<\/strong>\u00a0ainsi qu\u2019un\u00a0<strong data-start=\"777\" data-end=\"810\">cadre d\u2019installation pratique<\/strong>, permettant une pose rapide, pr\u00e9cise et sans bulles. Gr\u00e2ce \u00e0 son \u00e9paisseur ultra fine de\u00a0<strong data-start=\"900\" data-end=\"910\">0,3 mm<\/strong>, il conserve une\u00a0<strong data-start=\"928\" data-end=\"959\">r\u00e9activit\u00e9 tactile parfaite<\/strong>\u00a0et une\u00a0<strong data-start=\"967\" data-end=\"993\">qualit\u00e9 d\u2019affichage HD<\/strong>.<\/p>\n<p data-start=\"996\" data-end=\"1100\">Sa finition noire s\u2019int\u00e8gre parfaitement au design de l\u2019iPhone pour une protection discr\u00e8te et \u00e9l\u00e9gante.<\/p>\n<hr data-start=\"1102\" data-end=\"1105\" \/>\n<h3 data-section-id=\"c9wzy0\" data-start=\"1107\" data-end=\"1130\">\u2699\ufe0f Caract\u00e9ristiques<\/h3>\n<ul data-start=\"1132\" data-end=\"1516\">\n<li data-section-id=\"1sa1xou\" data-start=\"1132\" data-end=\"1187\">Type : Protection d\u2019\u00e9cran int\u00e9grale en verre tremp\u00e9<\/li>\n<li data-section-id=\"86wt8w\" data-start=\"1188\" data-end=\"1238\">Marque :\u00a0<span class=\"hover:entity-accent entity-underline inline cursor-pointer align-baseline\"><span class=\"whitespace-normal\">Baseus<\/span><\/span><\/li>\n<li data-section-id=\"194oe8w\" data-start=\"1239\" data-end=\"1262\">Mod\u00e8le : SGQP010001<\/li>\n<li data-section-id=\"1fptxfy\" data-start=\"1263\" data-end=\"1285\">\u00c9paisseur : 0,3 mm<\/li>\n<li data-section-id=\"k7tz6g\" data-start=\"1286\" data-end=\"1320\">Compatibilit\u00e9 : iPhone 13 Mini<\/li>\n<li data-section-id=\"4uzy1e\" data-start=\"1321\" data-end=\"1374\">Contenu : 2 verres tremp\u00e9s + cadre d\u2019installation<\/li>\n<li data-section-id=\"w5pskj\" data-start=\"1375\" data-end=\"1418\">R\u00e9sistance : Anti-rayures et anti-chocs<\/li>\n<li data-section-id=\"80vig4\" data-start=\"1419\" data-end=\"1453\">Transparence : HD ultra claire<\/li>\n<li data-section-id=\"1317lg0\" data-start=\"1454\" data-end=\"1497\">Sensibilit\u00e9 : Tactile fluide et pr\u00e9cise<\/li>\n<li data-section-id=\"p340xr\" data-start=\"1498\" data-end=\"1516\">Couleur : Noir<\/li>\n<\/ul>\n<hr data-start=\"1518\" data-end=\"1521\" \/>\n<h3 data-section-id=\"p60hx9\" data-start=\"1523\" data-end=\"1542\">\ud83d\udca5 Points forts<\/h3>\n<p data-start=\"1544\" data-end=\"1889\">\u2714\ufe0f\u00a0<strong data-start=\"1547\" data-end=\"1571\">Protection int\u00e9grale<\/strong>\u00a0: Couvre toute la surface de l\u2019\u00e9cran<br data-start=\"1608\" data-end=\"1611\" \/>\u2714\ufe0f\u00a0<strong data-start=\"1614\" data-end=\"1629\">Kit complet<\/strong>\u00a0: 2 verres + cadre pour une pose parfaite<br data-start=\"1671\" data-end=\"1674\" \/>\u2714\ufe0f\u00a0<strong data-start=\"1677\" data-end=\"1697\">Ultra fin 0,3 mm<\/strong>\u00a0: Invisible et confortable<br data-start=\"1724\" data-end=\"1727\" \/>\u2714\ufe0f\u00a0<strong data-start=\"1730\" data-end=\"1744\">Qualit\u00e9 HD<\/strong>\u00a0: \u00c9cran net et lumineux<br data-start=\"1768\" data-end=\"1771\" \/>\u2714\ufe0f\u00a0<strong data-start=\"1774\" data-end=\"1797\">Installation facile<\/strong>\u00a0: Sans bulles gr\u00e2ce au cadre<br data-start=\"1826\" data-end=\"1829\" \/>\u2714\ufe0f\u00a0<strong data-start=\"1832\" data-end=\"1853\">R\u00e9sistance \u00e9lev\u00e9e<\/strong>\u00a0: Protection durable au quotidien<\/p>\n<hr data-start=\"1891\" data-end=\"1894\" \/>\n<h3 data-section-id=\"11vkqse\" data-start=\"1896\" data-end=\"1915\">\ud83c\udfaf Id\u00e9al pour :<\/h3>\n<ul data-start=\"1917\" data-end=\"2054\">\n<li data-section-id=\"qsgmor\" data-start=\"1917\" data-end=\"1950\">Utilisateurs d\u2019iPhone 13 Mini<\/li>\n<li data-section-id=\"1wvpmr4\" data-start=\"1951\" data-end=\"1985\">Protection maximale de l\u2019\u00e9cran<\/li>\n<li data-section-id=\"mkpi0s\" data-start=\"1986\" data-end=\"2016\">Pose facile et sans erreur<\/li>\n<li data-section-id=\"1c4oug1\" data-start=\"2017\" data-end=\"2054\">Utilisation quotidienne intensive<\/li>\n<\/ul>\n","protected":false},"excerpt":{"rendered":"<h3 data-section-id=\"rg7wiy\" data-start=\"66\" data-end=\"232\">Protection d\u2019\u00e9cran int\u00e9grale\u00a0<strong data-start=\"102\" data-end=\"232\"><span class=\"hover:entity-accent entity-underline inline cursor-pointer align-baseline\"><span class=\"whitespace-normal\">Baseus<\/span><\/span>\u00a00,3 mm (FG TG) \u2013 2 pi\u00e8ces + cadre d\u2019installation pour iPhone 13 Mini (Noir) \u2013 SGQP010001<\/strong><\/h3>\n<p data-start=\"234\" data-end=\"451\"><strong data-start=\"234\" data-end=\"299\">Une protection compl\u00e8te, facile \u00e0 poser et ultra r\u00e9sistante !<\/strong><br data-start=\"299\" data-end=\"302\" \/>Offrez \u00e0 votre iPhone 13 Mini une protection optimale avec ce kit Baseus incluant 2 verres tremp\u00e9s et un cadre d\u2019installation pour une pose parfaite.<\/p>\n","protected":false},"featured_media":11666,"comment_status":"open","ping_status":"closed","template":"","meta":[],"product_cat":[80],"product_tag":[],"class_list":{"0":"post-11665","1":"product","2":"type-product","3":"status-publish","4":"has-post-thumbnail","6":"product_cat-accessoires-divers","8":"first","9":"instock","10":"shipping-taxable","11":"purchasable","12":"product-type-simple"},"jetpack_sharing_enabled":true,"_links":{"self":[{"href":"https:\/\/baseus.ci\/index.php\/wp-json\/wp\/v2\/product\/11665","targetHints":{"allow":["GET"]}}],"collection":[{"href":"https:\/\/baseus.ci\/index.php\/wp-json\/wp\/v2\/product"}],"about":[{"href":"https:\/\/baseus.ci\/index.php\/wp-json\/wp\/v2\/types\/product"}],"replies":[{"embeddable":true,"href":"https:\/\/baseus.ci\/index.php\/wp-json\/wp\/v2\/comments?post=11665"}],"wp:featuredmedia":[{"embeddable":true,"href":"https:\/\/baseus.ci\/index.php\/wp-json\/wp\/v2\/media\/11666"}],"wp:attachment":[{"href":"https:\/\/baseus.ci\/index.php\/wp-json\/wp\/v2\/media?parent=11665"}],"wp:term":[{"taxonomy":"product_cat","embeddable":true,"href":"https:\/\/baseus.ci\/index.php\/wp-json\/wp\/v2\/product_cat?post=11665"},{"taxonomy":"product_tag","embeddable":true,"href":"https:\/\/baseus.ci\/index.php\/wp-json\/wp\/v2\/product_tag?post=11665"}],"curies":[{"name":"wp","href":"https:\/\/api.w.org\/{rel}","templated":true}]}}