{"id":11633,"date":"2026-04-26T03:22:29","date_gmt":"2026-04-26T01:22:29","guid":{"rendered":"https:\/\/baseus.ci\/?post_type=product&#038;p=11633"},"modified":"2026-04-26T03:22:29","modified_gmt":"2026-04-26T01:22:29","slug":"baseus-film-impermeable-pour-retroviseur-de-voiture-0-15mm","status":"publish","type":"product","link":"https:\/\/baseus.ci\/index.php\/product\/baseus-film-impermeable-pour-retroviseur-de-voiture-0-15mm\/","title":{"rendered":"Baseus Film Imperm\u00e9able Pour R\u00e9troviseur De Voiture 0.15mm"},"content":{"rendered":"<h3 data-section-id=\"1gmz609\" data-start=\"389\" data-end=\"411\">\ud83d\udd0d Description<\/h3>\n<p data-start=\"413\" data-end=\"620\">Le\u00a0<strong data-start=\"416\" data-end=\"499\">film imperm\u00e9able pour r\u00e9troviseur\u00a0<span class=\"hover:entity-accent entity-underline inline cursor-pointer align-baseline\"><span class=\"whitespace-normal\">Baseus<\/span><\/span>\u00a00,15 mm<\/strong>\u00a0est une solution simple et efficace pour\u00a0<strong data-start=\"541\" data-end=\"598\">\u00e9viter la formation de gouttes d\u2019eau, bu\u00e9e et salet\u00e9s<\/strong>\u00a0sur vos r\u00e9troviseurs.<\/p>\n<p data-start=\"622\" data-end=\"854\">Gr\u00e2ce \u00e0 sa technologie hydrophobe, l\u2019eau glisse rapidement sur la surface, garantissant une\u00a0<strong data-start=\"714\" data-end=\"741\">vision nette et d\u00e9gag\u00e9e<\/strong>, m\u00eame sous forte pluie. Sa transparence \u00e9lev\u00e9e assure une visibilit\u00e9 parfaite sans alt\u00e9rer la qualit\u00e9 du reflet.<\/p>\n<p data-start=\"856\" data-end=\"1012\">Facile \u00e0 installer, ce film adh\u00e9sif s\u2019applique directement sur vos r\u00e9troviseurs en quelques secondes. Son format ovale s\u2019adapte \u00e0 la majorit\u00e9 des v\u00e9hicules.<\/p>\n<hr data-start=\"1014\" data-end=\"1017\" \/>\n<h3 data-section-id=\"c9wzy0\" data-start=\"1019\" data-end=\"1042\">\u2699\ufe0f Caract\u00e9ristiques<\/h3>\n<ul data-start=\"1044\" data-end=\"1319\">\n<li data-section-id=\"1qeb02q\" data-start=\"1044\" data-end=\"1090\">Type : Film de protection pour r\u00e9troviseur<\/li>\n<li data-section-id=\"86wt8w\" data-start=\"1091\" data-end=\"1141\">Marque :\u00a0<span class=\"hover:entity-accent entity-underline inline cursor-pointer align-baseline\"><span class=\"whitespace-normal\">Baseus<\/span><\/span><\/li>\n<li data-section-id=\"15f3uqh\" data-start=\"1142\" data-end=\"1165\">\u00c9paisseur : 0,15 mm<\/li>\n<li data-section-id=\"16061hs\" data-start=\"1166\" data-end=\"1183\">Forme : Ovale<\/li>\n<li data-section-id=\"190hdj7\" data-start=\"1184\" data-end=\"1209\">Couleur : Transparent<\/li>\n<li data-section-id=\"y8ldbj\" data-start=\"1210\" data-end=\"1233\">Quantit\u00e9 : 2 pi\u00e8ces<\/li>\n<li data-section-id=\"10qgrwt\" data-start=\"1234\" data-end=\"1283\">Fonction : Anti-pluie, anti-bu\u00e9e, anti-salet\u00e9<\/li>\n<li data-section-id=\"1ecus62\" data-start=\"1284\" data-end=\"1319\">Installation : Simple et rapide<\/li>\n<\/ul>\n<hr data-start=\"1321\" data-end=\"1324\" \/>\n<h3 data-section-id=\"p60hx9\" data-start=\"1326\" data-end=\"1345\">\ud83d\udca5 Points forts<\/h3>\n<p data-start=\"1347\" data-end=\"1724\">\u2714\ufe0f\u00a0<strong data-start=\"1350\" data-end=\"1371\">Effet imperm\u00e9able<\/strong>\u00a0: Repousse l\u2019eau efficacement<br data-start=\"1401\" data-end=\"1404\" \/>\u2714\ufe0f\u00a0<strong data-start=\"1407\" data-end=\"1431\">Visibilit\u00e9 am\u00e9lior\u00e9e<\/strong>\u00a0: Conduite plus s\u00e9curis\u00e9e sous la pluie<br data-start=\"1471\" data-end=\"1474\" \/>\u2714\ufe0f\u00a0<strong data-start=\"1477\" data-end=\"1505\">Anti-bu\u00e9e et anti-traces<\/strong>\u00a0: Vision claire en toutes conditions<br data-start=\"1542\" data-end=\"1545\" \/>\u2714\ufe0f\u00a0<strong data-start=\"1548\" data-end=\"1569\">Ultra transparent<\/strong>\u00a0: Aucun impact sur la visibilit\u00e9<br data-start=\"1602\" data-end=\"1605\" \/>\u2714\ufe0f\u00a0<strong data-start=\"1608\" data-end=\"1631\">Installation facile<\/strong>\u00a0: Pose rapide sans outil<br data-start=\"1656\" data-end=\"1659\" \/>\u2714\ufe0f\u00a0<strong data-start=\"1662\" data-end=\"1675\">Universel<\/strong>\u00a0: Compatible avec la majorit\u00e9 des r\u00e9troviseurs<\/p>\n<hr data-start=\"1726\" data-end=\"1729\" \/>\n<h3 data-section-id=\"11vkqse\" data-start=\"1731\" data-end=\"1750\">\ud83c\udfaf Id\u00e9al pour :<\/h3>\n<ul data-start=\"1752\" data-end=\"1887\">\n<li data-section-id=\"s3ncdt\" data-start=\"1752\" data-end=\"1778\">Conduite sous la pluie<\/li>\n<li data-section-id=\"1yihegf\" data-start=\"1779\" data-end=\"1813\">Am\u00e9liorer la s\u00e9curit\u00e9 routi\u00e8re<\/li>\n<li data-section-id=\"p318ut\" data-start=\"1814\" data-end=\"1859\">\u00c9viter les r\u00e9troviseurs flous ou mouill\u00e9s<\/li>\n<li data-section-id=\"od7msw\" data-start=\"1860\" data-end=\"1887\">Utilisation quotidienne<\/li>\n<\/ul>\n","protected":false},"excerpt":{"rendered":"<h3 data-section-id=\"t8n8yl\" data-start=\"66\" data-end=\"187\">Film imperm\u00e9able pour R\u00e9troviseur <strong data-start=\"107\" data-end=\"187\"><span class=\"hover:entity-accent entity-underline inline cursor-pointer align-baseline\"><span class=\"whitespace-normal\">Baseus<\/span><\/span>\u00a00,15 mm Transparent \u2013 Ovale (2 Pi\u00e8ces)<\/strong><\/h3>\n<p data-start=\"189\" data-end=\"382\"><strong data-start=\"189\" data-end=\"242\">Conduisez en toute s\u00e9curit\u00e9, m\u00eame sous la pluie !<\/strong><br data-start=\"242\" data-end=\"245\" \/>Am\u00e9liorez instantan\u00e9ment votre visibilit\u00e9 avec ce film imperm\u00e9able Baseus con\u00e7u pour garder vos r\u00e9troviseurs clairs en toutes conditions.<\/p>\n","protected":false},"featured_media":11634,"comment_status":"open","ping_status":"closed","template":"","meta":[],"product_cat":[73],"product_tag":[],"class_list":{"0":"post-11633","1":"product","2":"type-product","3":"status-publish","4":"has-post-thumbnail","6":"product_cat-in-auto","8":"first","9":"instock","10":"shipping-taxable","11":"purchasable","12":"product-type-simple"},"jetpack_sharing_enabled":true,"_links":{"self":[{"href":"https:\/\/baseus.ci\/index.php\/wp-json\/wp\/v2\/product\/11633","targetHints":{"allow":["GET"]}}],"collection":[{"href":"https:\/\/baseus.ci\/index.php\/wp-json\/wp\/v2\/product"}],"about":[{"href":"https:\/\/baseus.ci\/index.php\/wp-json\/wp\/v2\/types\/product"}],"replies":[{"embeddable":true,"href":"https:\/\/baseus.ci\/index.php\/wp-json\/wp\/v2\/comments?post=11633"}],"wp:featuredmedia":[{"embeddable":true,"href":"https:\/\/baseus.ci\/index.php\/wp-json\/wp\/v2\/media\/11634"}],"wp:attachment":[{"href":"https:\/\/baseus.ci\/index.php\/wp-json\/wp\/v2\/media?parent=11633"}],"wp:term":[{"taxonomy":"product_cat","embeddable":true,"href":"https:\/\/baseus.ci\/index.php\/wp-json\/wp\/v2\/product_cat?post=11633"},{"taxonomy":"product_tag","embeddable":true,"href":"https:\/\/baseus.ci\/index.php\/wp-json\/wp\/v2\/product_tag?post=11633"}],"curies":[{"name":"wp","href":"https:\/\/api.w.org\/{rel}","templated":true}]}}