{"id":11624,"date":"2026-04-26T03:19:04","date_gmt":"2026-04-26T01:19:04","guid":{"rendered":"https:\/\/baseus.ci\/?post_type=product&#038;p=11624"},"modified":"2026-04-26T03:19:04","modified_gmt":"2026-04-26T01:19:04","slug":"baseus-support-de-telephone-de-voiture-magnetique-collant-a-360-degres-sugent-nt0v","status":"publish","type":"product","link":"https:\/\/baseus.ci\/index.php\/product\/baseus-support-de-telephone-de-voiture-magnetique-collant-a-360-degres-sugent-nt0v\/","title":{"rendered":"Baseus Support de t\u00e9l\u00e9phone de voiture magn\u00e9tique collant \u00e0 360 degr\u00e9s \u2013 SUGENT-NT0V"},"content":{"rendered":"<p data-start=\"433\" data-end=\"624\">Le\u00a0<strong data-start=\"436\" data-end=\"526\">support t\u00e9l\u00e9phone voiture magn\u00e9tique\u00a0<span class=\"hover:entity-accent entity-underline inline cursor-pointer align-baseline\"><span class=\"whitespace-normal\">Baseus<\/span><\/span>\u00a0SUGENT-NT0V<\/strong>\u00a0est con\u00e7u pour maintenir votre smartphone de mani\u00e8re\u00a0<strong data-start=\"580\" data-end=\"603\">stable et s\u00e9curis\u00e9e<\/strong>\u00a0pendant vos trajets.<\/p>\n<p data-start=\"626\" data-end=\"854\">Gr\u00e2ce \u00e0 son\u00a0<strong data-start=\"638\" data-end=\"669\">syst\u00e8me magn\u00e9tique puissant<\/strong>, votre t\u00e9l\u00e9phone reste parfaitement fix\u00e9, m\u00eame sur routes irr\u00e9guli\u00e8res. Sa base adh\u00e9sive permet une installation facile sur le tableau de bord, sans encombrer votre espace de conduite.<\/p>\n<p data-start=\"856\" data-end=\"999\">Avec sa\u00a0<strong data-start=\"864\" data-end=\"883\">rotation \u00e0 360\u00b0<\/strong>, vous pouvez ajuster l\u2019angle de votre t\u00e9l\u00e9phone selon vos besoins : navigation GPS, appels mains libres ou musique.<\/p>\n<hr data-start=\"1001\" data-end=\"1004\" \/>\n<h3 data-section-id=\"c9wzy0\" data-start=\"1006\" data-end=\"1029\">\u2699\ufe0f Caract\u00e9ristiques<\/h3>\n<ul data-start=\"1031\" data-end=\"1327\">\n<li data-section-id=\"4d3sk7\" data-start=\"1031\" data-end=\"1078\">Type : Support t\u00e9l\u00e9phone voiture magn\u00e9tique<\/li>\n<li data-section-id=\"x1qqu2\" data-start=\"1079\" data-end=\"1103\">Mod\u00e8le : SUGENT-NT0V<\/li>\n<li data-section-id=\"86wt8w\" data-start=\"1104\" data-end=\"1154\">Marque :\u00a0<span class=\"hover:entity-accent entity-underline inline cursor-pointer align-baseline\"><span class=\"whitespace-normal\">Baseus<\/span><\/span><\/li>\n<li data-section-id=\"1vmhnqb\" data-start=\"1155\" data-end=\"1174\">Rotation : 360\u00b0<\/li>\n<li data-section-id=\"16fu8mp\" data-start=\"1175\" data-end=\"1221\">Fixation : Base adh\u00e9sive (tableau de bord)<\/li>\n<li data-section-id=\"rw0tqe\" data-start=\"1222\" data-end=\"1252\">Maintien : Aimant puissant<\/li>\n<li data-section-id=\"ys30dc\" data-start=\"1253\" data-end=\"1295\">Compatibilit\u00e9 : Smartphones universels<\/li>\n<li data-section-id=\"dm27c\" data-start=\"1296\" data-end=\"1327\">Design : Compact et discret<\/li>\n<\/ul>\n<hr data-start=\"1329\" data-end=\"1332\" \/>\n<h3 data-section-id=\"p60hx9\" data-start=\"1334\" data-end=\"1353\">\ud83d\udca5 Points forts<\/h3>\n<p data-start=\"1355\" data-end=\"1721\">\u2714\ufe0f\u00a0<strong data-start=\"1358\" data-end=\"1391\">Fixation magn\u00e9tique puissante<\/strong>\u00a0: Maintien s\u00e9curis\u00e9 du smartphone<br data-start=\"1425\" data-end=\"1428\" \/>\u2714\ufe0f\u00a0<strong data-start=\"1431\" data-end=\"1448\">Rotation 360\u00b0<\/strong>\u00a0: Angle ajustable selon vos besoins<br data-start=\"1484\" data-end=\"1487\" \/>\u2714\ufe0f\u00a0<strong data-start=\"1490\" data-end=\"1513\">Installation facile<\/strong>\u00a0: Se colle directement au tableau de bord<br data-start=\"1555\" data-end=\"1558\" \/>\u2714\ufe0f\u00a0<strong data-start=\"1561\" data-end=\"1587\">Utilisation \u00e0 une main<\/strong>\u00a0: Rapide et pratique<br data-start=\"1608\" data-end=\"1611\" \/>\u2714\ufe0f\u00a0<strong data-start=\"1614\" data-end=\"1632\">Design compact<\/strong>\u00a0: Ne g\u00eane pas la conduite<br data-start=\"1658\" data-end=\"1661\" \/>\u2714\ufe0f\u00a0<strong data-start=\"1664\" data-end=\"1686\">Stabilit\u00e9 optimale<\/strong>\u00a0: Id\u00e9al pour routes irr\u00e9guli\u00e8res<\/p>\n<hr data-start=\"1723\" data-end=\"1726\" \/>\n<h3 data-section-id=\"11vkqse\" data-start=\"1728\" data-end=\"1747\">\ud83c\udfaf Id\u00e9al pour :<\/h3>\n<ul data-start=\"1749\" data-end=\"1881\">\n<li data-section-id=\"1tgo3ya\" data-start=\"1749\" data-end=\"1779\">Utilisation GPS en voiture<\/li>\n<li data-section-id=\"s7399k\" data-start=\"1780\" data-end=\"1803\">Appels mains libres<\/li>\n<li data-section-id=\"1chntw8\" data-start=\"1804\" data-end=\"1828\">Conduite quotidienne<\/li>\n<li data-section-id=\"kmtp0b\" data-start=\"1829\" data-end=\"1881\">Conducteurs recherchant simplicit\u00e9 et efficacit\u00e9<\/li>\n<\/ul>\n","protected":false},"excerpt":{"rendered":"<h3 data-section-id=\"r70hwm\" data-start=\"66\" data-end=\"168\">Support T\u00e9l\u00e9phone Voiture Magn\u00e9tique 360\u00b0\u00a0<strong data-start=\"115\" data-end=\"168\"><span class=\"hover:entity-accent entity-underline inline cursor-pointer align-baseline\"><span class=\"whitespace-normal\">Baseus<\/span><\/span>\u00a0SUGENT-NT0V<\/strong><\/h3>\n<p data-start=\"170\" data-end=\"402\"><strong data-start=\"170\" data-end=\"246\">Gardez votre smartphone bien en place, avec une libert\u00e9 totale d\u2019angle !<\/strong><br data-start=\"246\" data-end=\"249\" \/>Le support magn\u00e9tique Baseus SUGENT-NT0V offre une fixation solide, un design compact et une rotation \u00e0 360\u00b0 pour une utilisation confortable en voiture<\/p>\n","protected":false},"featured_media":11625,"comment_status":"open","ping_status":"closed","template":"","meta":[],"product_cat":[73],"product_tag":[],"class_list":{"0":"post-11624","1":"product","2":"type-product","3":"status-publish","4":"has-post-thumbnail","6":"product_cat-in-auto","8":"first","9":"instock","10":"shipping-taxable","11":"product-type-simple"},"jetpack_sharing_enabled":true,"_links":{"self":[{"href":"https:\/\/baseus.ci\/index.php\/wp-json\/wp\/v2\/product\/11624","targetHints":{"allow":["GET"]}}],"collection":[{"href":"https:\/\/baseus.ci\/index.php\/wp-json\/wp\/v2\/product"}],"about":[{"href":"https:\/\/baseus.ci\/index.php\/wp-json\/wp\/v2\/types\/product"}],"replies":[{"embeddable":true,"href":"https:\/\/baseus.ci\/index.php\/wp-json\/wp\/v2\/comments?post=11624"}],"wp:featuredmedia":[{"embeddable":true,"href":"https:\/\/baseus.ci\/index.php\/wp-json\/wp\/v2\/media\/11625"}],"wp:attachment":[{"href":"https:\/\/baseus.ci\/index.php\/wp-json\/wp\/v2\/media?parent=11624"}],"wp:term":[{"taxonomy":"product_cat","embeddable":true,"href":"https:\/\/baseus.ci\/index.php\/wp-json\/wp\/v2\/product_cat?post=11624"},{"taxonomy":"product_tag","embeddable":true,"href":"https:\/\/baseus.ci\/index.php\/wp-json\/wp\/v2\/product_tag?post=11624"}],"curies":[{"name":"wp","href":"https:\/\/api.w.org\/{rel}","templated":true}]}}