{"id":11616,"date":"2026-04-26T03:14:21","date_gmt":"2026-04-26T01:14:21","guid":{"rendered":"https:\/\/baseus.ci\/?post_type=product&#038;p=11616"},"modified":"2026-04-26T03:14:21","modified_gmt":"2026-04-26T01:14:21","slug":"baseus-support-magnetique-pour-telephone-tablette-c40141403113-01","status":"publish","type":"product","link":"https:\/\/baseus.ci\/index.php\/product\/baseus-support-magnetique-pour-telephone-tablette-c40141403113-01\/","title":{"rendered":"Baseus Support magn\u00e9tique pour telephone\/tablette \u2013 c40141403113-01"},"content":{"rendered":"<p data-start=\"416\" data-end=\"644\">Le\u00a0<strong data-start=\"419\" data-end=\"524\">support magn\u00e9tique\u00a0<span class=\"hover:entity-accent entity-underline inline cursor-pointer align-baseline\"><span class=\"whitespace-normal\">Baseus<\/span><\/span>\u00a0pour t\u00e9l\u00e9phone et tablette (C40141403113-01)<\/strong>\u00a0permet de maintenir vos appareils de mani\u00e8re\u00a0<strong data-start=\"570\" data-end=\"593\">solide et s\u00e9curis\u00e9e<\/strong>, que ce soit \u00e0 la maison, au bureau ou en voiture.<\/p>\n<p data-start=\"646\" data-end=\"861\">Gr\u00e2ce \u00e0 son\u00a0<strong data-start=\"658\" data-end=\"677\">aimant puissant<\/strong>, votre smartphone ou tablette reste parfaitement en place, m\u00eame lors de mouvements ou vibrations. Sa conception compacte et \u00e9l\u00e9gante s\u2019int\u00e8gre facilement dans tous les environnements.<\/p>\n<p data-start=\"863\" data-end=\"995\">Facile \u00e0 installer, il peut \u00eatre fix\u00e9 sur diff\u00e9rentes surfaces et permet une utilisation simple et rapide, souvent \u00e0 une seule main.<\/p>\n<hr data-start=\"997\" data-end=\"1000\" \/>\n<h3 data-section-id=\"c9wzy0\" data-start=\"1002\" data-end=\"1025\">\u2699\ufe0f Caract\u00e9ristiques<\/h3>\n<ul data-start=\"1027\" data-end=\"1345\">\n<li data-section-id=\"1futs7w\" data-start=\"1027\" data-end=\"1066\">Type : Support magn\u00e9tique universel<\/li>\n<li data-section-id=\"1lm99fy\" data-start=\"1067\" data-end=\"1095\">Mod\u00e8le : C40141403113-01<\/li>\n<li data-section-id=\"86wt8w\" data-start=\"1096\" data-end=\"1146\">Marque :\u00a0<span class=\"hover:entity-accent entity-underline inline cursor-pointer align-baseline\"><span class=\"whitespace-normal\">Baseus<\/span><\/span><\/li>\n<li data-section-id=\"kbeyea\" data-start=\"1147\" data-end=\"1190\">Compatibilit\u00e9 : T\u00e9l\u00e9phones et tablettes<\/li>\n<li data-section-id=\"1u59yx8\" data-start=\"1191\" data-end=\"1231\">Fixation : Adh\u00e9sive ou surface plane<\/li>\n<li data-section-id=\"rw0tqe\" data-start=\"1232\" data-end=\"1262\">Maintien : Aimant puissant<\/li>\n<li data-section-id=\"180fnwe\" data-start=\"1263\" data-end=\"1303\">Design : Compact, discret et moderne<\/li>\n<li data-section-id=\"g3gf9w\" data-start=\"1304\" data-end=\"1345\">Utilisation : Maison, bureau, voiture<\/li>\n<\/ul>\n<hr data-start=\"1347\" data-end=\"1350\" \/>\n<h3 data-section-id=\"p60hx9\" data-start=\"1352\" data-end=\"1371\">\ud83d\udca5 Points forts<\/h3>\n<p data-start=\"1373\" data-end=\"1684\">\u2714\ufe0f\u00a0<strong data-start=\"1376\" data-end=\"1409\">Fixation magn\u00e9tique puissante<\/strong>\u00a0: Maintien s\u00e9curis\u00e9<br data-start=\"1429\" data-end=\"1432\" \/>\u2714\ufe0f\u00a0<strong data-start=\"1435\" data-end=\"1458\">Compatibilit\u00e9 large<\/strong>\u00a0: T\u00e9l\u00e9phones et tablettes<br data-start=\"1484\" data-end=\"1487\" \/>\u2714\ufe0f\u00a0<strong data-start=\"1490\" data-end=\"1513\">Installation facile<\/strong>\u00a0: Se fixe rapidement<br data-start=\"1534\" data-end=\"1537\" \/>\u2714\ufe0f\u00a0<strong data-start=\"1540\" data-end=\"1558\">Design compact<\/strong>\u00a0: S\u2019int\u00e8gre partout<br data-start=\"1578\" data-end=\"1581\" \/>\u2714\ufe0f\u00a0<strong data-start=\"1584\" data-end=\"1608\">Utilisation pratique<\/strong>\u00a0: Manipulation \u00e0 une main<br data-start=\"1634\" data-end=\"1637\" \/>\u2714\ufe0f\u00a0<strong data-start=\"1640\" data-end=\"1654\">Polyvalent<\/strong>\u00a0: Maison, bureau ou voiture<\/p>\n<hr data-start=\"1686\" data-end=\"1689\" \/>\n<h3 data-section-id=\"11vkqse\" data-start=\"1691\" data-end=\"1710\">\ud83c\udfaf Id\u00e9al pour :<\/h3>\n<ul data-start=\"1712\" data-end=\"1881\">\n<li data-section-id=\"g35xb0\" data-start=\"1712\" data-end=\"1765\">Maintenir t\u00e9l\u00e9phone ou tablette en toute s\u00e9curit\u00e9<\/li>\n<li data-section-id=\"1uhatgd\" data-start=\"1766\" data-end=\"1804\">Visionner des vid\u00e9os ou travailler<\/li>\n<li data-section-id=\"nbwb18\" data-start=\"1805\" data-end=\"1845\">Utilisation en voiture ou sur bureau<\/li>\n<li data-section-id=\"lga159\" data-start=\"1846\" data-end=\"1881\">Organisation simple et efficace<\/li>\n<\/ul>\n","protected":false},"excerpt":{"rendered":"<h3 data-section-id=\"6egkj4\" data-start=\"66\" data-end=\"172\">Support magn\u00e9tique t\u00e9l\u00e9phone\/tablette <strong data-start=\"113\" data-end=\"172\"><span class=\"hover:entity-accent entity-underline inline cursor-pointer align-baseline\"><span class=\"whitespace-normal\">Baseus<\/span><\/span>\u00a0\u2013 C40141403113-01<\/strong><\/h3>\n<p data-start=\"174\" data-end=\"385\"><strong data-start=\"174\" data-end=\"234\">Fixez votre appareil en toute s\u00e9curit\u00e9, o\u00f9 vous voulez !<\/strong><br data-start=\"234\" data-end=\"237\" \/>Le support magn\u00e9tique Baseus est con\u00e7u pour offrir une\u00a0<strong data-start=\"292\" data-end=\"314\">stabilit\u00e9 optimale<\/strong>, un\u00a0<strong data-start=\"319\" data-end=\"337\">design discret<\/strong>\u00a0et une utilisation ultra pratique au quotidien.<\/p>\n","protected":false},"featured_media":11617,"comment_status":"open","ping_status":"closed","template":"","meta":[],"product_cat":[73],"product_tag":[],"class_list":{"0":"post-11616","1":"product","2":"type-product","3":"status-publish","4":"has-post-thumbnail","6":"product_cat-in-auto","8":"first","9":"instock","10":"shipping-taxable","11":"purchasable","12":"product-type-simple"},"jetpack_sharing_enabled":true,"_links":{"self":[{"href":"https:\/\/baseus.ci\/index.php\/wp-json\/wp\/v2\/product\/11616","targetHints":{"allow":["GET"]}}],"collection":[{"href":"https:\/\/baseus.ci\/index.php\/wp-json\/wp\/v2\/product"}],"about":[{"href":"https:\/\/baseus.ci\/index.php\/wp-json\/wp\/v2\/types\/product"}],"replies":[{"embeddable":true,"href":"https:\/\/baseus.ci\/index.php\/wp-json\/wp\/v2\/comments?post=11616"}],"wp:featuredmedia":[{"embeddable":true,"href":"https:\/\/baseus.ci\/index.php\/wp-json\/wp\/v2\/media\/11617"}],"wp:attachment":[{"href":"https:\/\/baseus.ci\/index.php\/wp-json\/wp\/v2\/media?parent=11616"}],"wp:term":[{"taxonomy":"product_cat","embeddable":true,"href":"https:\/\/baseus.ci\/index.php\/wp-json\/wp\/v2\/product_cat?post=11616"},{"taxonomy":"product_tag","embeddable":true,"href":"https:\/\/baseus.ci\/index.php\/wp-json\/wp\/v2\/product_tag?post=11616"}],"curies":[{"name":"wp","href":"https:\/\/api.w.org\/{rel}","templated":true}]}}