{"id":11599,"date":"2026-04-26T03:03:14","date_gmt":"2026-04-26T01:03:14","guid":{"rendered":"https:\/\/baseus.ci\/?post_type=product&#038;p=11599"},"modified":"2026-04-26T03:03:14","modified_gmt":"2026-04-26T01:03:14","slug":"support-de-voiture-baseus-small-ears-series-b01-noir-suer-b01","status":"publish","type":"product","link":"https:\/\/baseus.ci\/index.php\/product\/support-de-voiture-baseus-small-ears-series-b01-noir-suer-b01\/","title":{"rendered":"Support de voiture BASEUS Small Ears Series B01 &#8211; Noir SUER-B01"},"content":{"rendered":"<h3 data-section-id=\"qycp8\" data-start=\"66\" data-end=\"164\">Support de Voiture\u00a0<strong data-start=\"94\" data-end=\"164\"><span class=\"hover:entity-accent entity-underline inline cursor-pointer align-baseline\"><span class=\"whitespace-normal\">Baseus<\/span><\/span>\u00a0Small Ears Series B01 (Noir)<\/strong><\/h3>\n<p data-start=\"166\" data-end=\"368\"><strong data-start=\"166\" data-end=\"223\">Compact, discret et ultra pratique pour vos trajets !<\/strong><br data-start=\"223\" data-end=\"226\" \/>Le support de voiture Baseus Small Ears B01 est con\u00e7u pour maintenir votre smartphone en toute s\u00e9curit\u00e9, sans encombrer votre tableau de bord.<\/p>\n","protected":false},"excerpt":{"rendered":"<h3 data-section-id=\"1gmz609\" data-start=\"375\" data-end=\"397\">\ud83d\udd0d Description<\/h3>\n<p data-start=\"399\" data-end=\"586\">Le\u00a0<strong data-start=\"402\" data-end=\"484\">support de voiture\u00a0<span class=\"hover:entity-accent entity-underline inline cursor-pointer align-baseline\"><span class=\"whitespace-normal\">Baseus<\/span><\/span>\u00a0Small Ears Series B01<\/strong>\u00a0est une solution simple et efficace pour garder votre smartphone \u00e0 port\u00e9e de vue pendant la conduite.<\/p>\n<p data-start=\"588\" data-end=\"836\">Gr\u00e2ce \u00e0 son\u00a0<strong data-start=\"600\" data-end=\"633\">design compact et minimaliste<\/strong>, il s\u2019int\u00e8gre parfaitement dans l\u2019habitacle sans g\u00eaner la visibilit\u00e9. Son syst\u00e8me de fixation permet un\u00a0<strong data-start=\"738\" data-end=\"770\">maintien stable du t\u00e9l\u00e9phone<\/strong>, id\u00e9al pour utiliser le GPS ou passer des appels en mains libres.<\/p>\n<p data-start=\"838\" data-end=\"946\">Facile \u00e0 installer et \u00e0 utiliser, ce support est parfait pour une utilisation quotidienne en toute s\u00e9curit\u00e9.<\/p>\n<hr data-start=\"948\" data-end=\"951\" \/>\n<h3 data-section-id=\"c9wzy0\" data-start=\"953\" data-end=\"976\">\u2699\ufe0f Caract\u00e9ristiques<\/h3>\n<ul data-start=\"978\" data-end=\"1248\">\n<li data-section-id=\"wqew4n\" data-start=\"978\" data-end=\"1014\">Type : Support t\u00e9l\u00e9phone voiture<\/li>\n<li data-section-id=\"1xafuvr\" data-start=\"1015\" data-end=\"1049\">Mod\u00e8le : Small Ears Series B01<\/li>\n<li data-section-id=\"86wt8w\" data-start=\"1050\" data-end=\"1100\">Marque :\u00a0<span class=\"hover:entity-accent entity-underline inline cursor-pointer align-baseline\"><span class=\"whitespace-normal\">Baseus<\/span><\/span><\/li>\n<li data-section-id=\"17uu5es\" data-start=\"1101\" data-end=\"1147\">Fixation : Tableau de bord \/ surface plane<\/li>\n<li data-section-id=\"ys30dc\" data-start=\"1148\" data-end=\"1190\">Compatibilit\u00e9 : Smartphones universels<\/li>\n<li data-section-id=\"6etg8h\" data-start=\"1191\" data-end=\"1229\">Design : Compact, discret et l\u00e9ger<\/li>\n<li data-section-id=\"p340xr\" data-start=\"1230\" data-end=\"1248\">Couleur : Noir<\/li>\n<\/ul>\n<hr data-start=\"1250\" data-end=\"1253\" \/>\n<h3 data-section-id=\"p60hx9\" data-start=\"1255\" data-end=\"1274\">\ud83d\udca5 Points forts<\/h3>\n<p data-start=\"1276\" data-end=\"1632\">\u2714\ufe0f\u00a0<strong data-start=\"1279\" data-end=\"1303\">Design ultra compact<\/strong>\u00a0: Ne g\u00eane pas la visibilit\u00e9<br data-start=\"1331\" data-end=\"1334\" \/>\u2714\ufe0f\u00a0<strong data-start=\"1337\" data-end=\"1356\">Maintien stable<\/strong>\u00a0: T\u00e9l\u00e9phone bien fix\u00e9<br data-start=\"1378\" data-end=\"1381\" \/>\u2714\ufe0f\u00a0<strong data-start=\"1384\" data-end=\"1407\">Installation facile<\/strong>\u00a0: Rapide et sans complication<br data-start=\"1437\" data-end=\"1440\" \/>\u2714\ufe0f\u00a0<strong data-start=\"1443\" data-end=\"1467\">Utilisation pratique<\/strong>\u00a0: Id\u00e9al pour GPS et appels<br data-start=\"1494\" data-end=\"1497\" \/>\u2714\ufe0f\u00a0<strong data-start=\"1500\" data-end=\"1522\">Discret et \u00e9l\u00e9gant<\/strong>\u00a0: S\u2019int\u00e8gre parfaitement \u00e0 la voiture<br data-start=\"1560\" data-end=\"1563\" \/>\u2714\ufe0f\u00a0<strong data-start=\"1566\" data-end=\"1590\">Compatible universel<\/strong>\u00a0: Convient \u00e0 la plupart des smartphones<\/p>\n<hr data-start=\"1634\" data-end=\"1637\" \/>\n<h3 data-section-id=\"11vkqse\" data-start=\"1639\" data-end=\"1658\">\ud83c\udfaf Id\u00e9al pour :<\/h3>\n<ul data-start=\"1660\" data-end=\"1790\">\n<li data-section-id=\"1tgo3ya\" data-start=\"1660\" data-end=\"1690\">Utilisation GPS en voiture<\/li>\n<li data-section-id=\"s7399k\" data-start=\"1691\" data-end=\"1714\">Appels mains libres<\/li>\n<li data-section-id=\"12b20mc\" data-start=\"1715\" data-end=\"1737\">Trajets quotidiens<\/li>\n<li data-section-id=\"19w7tyw\" data-start=\"1738\" data-end=\"1790\">Conducteurs recherchant simplicit\u00e9 et discr\u00e9tion<\/li>\n<\/ul>\n","protected":false},"featured_media":11600,"comment_status":"open","ping_status":"closed","template":"","meta":[],"product_cat":[73],"product_tag":[],"class_list":{"0":"post-11599","1":"product","2":"type-product","3":"status-publish","4":"has-post-thumbnail","6":"product_cat-in-auto","8":"first","9":"instock","10":"shipping-taxable","11":"purchasable","12":"product-type-simple"},"jetpack_sharing_enabled":true,"_links":{"self":[{"href":"https:\/\/baseus.ci\/index.php\/wp-json\/wp\/v2\/product\/11599","targetHints":{"allow":["GET"]}}],"collection":[{"href":"https:\/\/baseus.ci\/index.php\/wp-json\/wp\/v2\/product"}],"about":[{"href":"https:\/\/baseus.ci\/index.php\/wp-json\/wp\/v2\/types\/product"}],"replies":[{"embeddable":true,"href":"https:\/\/baseus.ci\/index.php\/wp-json\/wp\/v2\/comments?post=11599"}],"wp:featuredmedia":[{"embeddable":true,"href":"https:\/\/baseus.ci\/index.php\/wp-json\/wp\/v2\/media\/11600"}],"wp:attachment":[{"href":"https:\/\/baseus.ci\/index.php\/wp-json\/wp\/v2\/media?parent=11599"}],"wp:term":[{"taxonomy":"product_cat","embeddable":true,"href":"https:\/\/baseus.ci\/index.php\/wp-json\/wp\/v2\/product_cat?post=11599"},{"taxonomy":"product_tag","embeddable":true,"href":"https:\/\/baseus.ci\/index.php\/wp-json\/wp\/v2\/product_tag?post=11599"}],"curies":[{"name":"wp","href":"https:\/\/api.w.org\/{rel}","templated":true}]}}