{"id":11584,"date":"2026-04-26T02:52:03","date_gmt":"2026-04-26T00:52:03","guid":{"rendered":"https:\/\/baseus.ci\/?post_type=product&#038;p=11584"},"modified":"2026-04-26T02:52:03","modified_gmt":"2026-04-26T00:52:03","slug":"buse-de-pulverisation-multifonctionnelle-pour-lavage-de-voiture-baseus-clean-guard-75-m-noircrxc01-e01","status":"publish","type":"product","link":"https:\/\/baseus.ci\/index.php\/product\/buse-de-pulverisation-multifonctionnelle-pour-lavage-de-voiture-baseus-clean-guard-75-m-noircrxc01-e01\/","title":{"rendered":"Buse de pulv\u00e9risation multifonctionnelle pour lavage de voiture Baseus Clean Guard (7,5 m) noir(CRXC01-E01)"},"content":{"rendered":"<p data-start=\"402\" data-end=\"604\">La\u00a0<strong data-start=\"405\" data-end=\"497\">buse de lavage multifonctionnelle\u00a0<span class=\"hover:entity-accent entity-underline inline cursor-pointer align-baseline\"><span class=\"whitespace-normal\">Baseus<\/span><\/span>\u00a0Clean Guard 15 m<\/strong>\u00a0est con\u00e7ue pour offrir un\u00a0<strong data-start=\"524\" data-end=\"556\">nettoyage puissant et pr\u00e9cis<\/strong>\u00a0de votre v\u00e9hicule et de vos espaces ext\u00e9rieurs.<\/p>\n<p data-start=\"606\" data-end=\"862\">Gr\u00e2ce \u00e0 ses\u00a0<strong data-start=\"618\" data-end=\"645\">diff\u00e9rents modes de jet<\/strong>, vous pouvez adapter la pression selon vos besoins : rin\u00e7age, nettoyage en profondeur ou arrosage d\u00e9licat. Son tuyau de\u00a0<strong data-start=\"766\" data-end=\"779\">15 m\u00e8tres<\/strong>\u00a0offre une grande libert\u00e9 de mouvement pour atteindre toutes les zones sans effort.<\/p>\n<p data-start=\"864\" data-end=\"1029\">Ergonomique et facile \u00e0 utiliser, elle est id\u00e9ale pour laver voiture, moto, terrasse ou jardin. Sa conception robuste garantit une utilisation durable dans le temps.<\/p>\n<hr data-start=\"1031\" data-end=\"1034\" \/>\n<h3 data-section-id=\"c9wzy0\" data-start=\"1036\" data-end=\"1059\">\u2699\ufe0f Caract\u00e9ristiques<\/h3>\n<ul data-start=\"1061\" data-end=\"1398\">\n<li data-section-id=\"13kbbrh\" data-start=\"1061\" data-end=\"1105\">Type : Buse de lavage multifonctionnelle<\/li>\n<li data-section-id=\"1hobvf8\" data-start=\"1106\" data-end=\"1141\">Mod\u00e8le : Clean Guard CRXC01-F01<\/li>\n<li data-section-id=\"86wt8w\" data-start=\"1142\" data-end=\"1192\">Marque :\u00a0<span class=\"hover:entity-accent entity-underline inline cursor-pointer align-baseline\"><span class=\"whitespace-normal\">Baseus<\/span><\/span><\/li>\n<li data-section-id=\"iequ1v\" data-start=\"1193\" data-end=\"1226\">Longueur du tuyau :\u00a0\u00a0(7,5 m) noir (CRXC01-E01)<\/li>\n<li data-section-id=\"1s41alv\" data-start=\"1227\" data-end=\"1267\">Modes de jet : Multiples (r\u00e9glables)<\/li>\n<li data-section-id=\"3l0cih\" data-start=\"1268\" data-end=\"1325\">Utilisation : Lavage voiture, moto, jardin, ext\u00e9rieur<\/li>\n<li data-section-id=\"1xg3l91\" data-start=\"1326\" data-end=\"1362\">Design : Ergonomique et pratique<\/li>\n<li data-section-id=\"hd9uh5\" data-start=\"1363\" data-end=\"1398\">Mat\u00e9riau : R\u00e9sistant et durable<\/li>\n<\/ul>\n<hr data-start=\"1400\" data-end=\"1403\" \/>\n<h3 data-section-id=\"p60hx9\" data-start=\"1405\" data-end=\"1424\">\ud83d\udca5 Points forts<\/h3>\n<p data-start=\"1426\" data-end=\"1775\">\u2714\ufe0f\u00a0<strong data-start=\"1429\" data-end=\"1445\">Jet r\u00e9glable<\/strong>\u00a0: Adapt\u00e9 \u00e0 tous les besoins de nettoyage<br data-start=\"1486\" data-end=\"1489\" \/>\u2714\ufe0f\u00a0<strong data-start=\"1492\" data-end=\"1514\">Grande port\u00e9e 15 m<\/strong>\u00a0: Libert\u00e9 de mouvement maximale<br data-start=\"1546\" data-end=\"1549\" \/>\u2714\ufe0f\u00a0<strong data-start=\"1552\" data-end=\"1574\">Nettoyage efficace<\/strong>\u00a0: \u00c9limine salet\u00e9s et poussi\u00e8res<br data-start=\"1606\" data-end=\"1609\" \/>\u2714\ufe0f\u00a0<strong data-start=\"1612\" data-end=\"1626\">Polyvalent<\/strong>\u00a0: Voiture, terrasse, jardin, etc.<br data-start=\"1660\" data-end=\"1663\" \/>\u2714\ufe0f\u00a0<strong data-start=\"1666\" data-end=\"1687\">Facile \u00e0 utiliser<\/strong>\u00a0: Prise en main confortable<br data-start=\"1715\" data-end=\"1718\" \/>\u2714\ufe0f\u00a0<strong data-start=\"1721\" data-end=\"1732\">Durable<\/strong>\u00a0: Conception robuste pour usage prolong\u00e9<\/p>\n<hr data-start=\"1777\" data-end=\"1780\" \/>\n<h3 data-section-id=\"11vkqse\" data-start=\"1782\" data-end=\"1801\">\ud83c\udfaf Id\u00e9al pour :<\/h3>\n<ul data-start=\"1803\" data-end=\"1942\">\n<li data-section-id=\"1ywyltn\" data-start=\"1803\" data-end=\"1835\">Lavage de voiture \u00e0 domicile<\/li>\n<li data-section-id=\"1jk1cju\" data-start=\"1836\" data-end=\"1884\">Nettoyage ext\u00e9rieur (cour, terrasse, jardin)<\/li>\n<li data-section-id=\"zouffc\" data-start=\"1885\" data-end=\"1910\">Utilisation r\u00e9guli\u00e8re<\/li>\n<li data-section-id=\"lqxq8v\" data-start=\"1911\" data-end=\"1942\">Gain de temps et efficacit\u00e9<\/li>\n<\/ul>\n","protected":false},"excerpt":{"rendered":"<h3 data-section-id=\"14ei9ag\" data-start=\"66\" data-end=\"191\">Buse de Lavage de Voiture Multifonctionnelle <strong data-start=\"120\" data-end=\"191\"><span class=\"hover:entity-accent entity-underline inline cursor-pointer align-baseline\"><span class=\"whitespace-normal\">Baseus<\/span><\/span>\u00a0Clean Guard 15 m \u2013 CRXC01-F01<\/strong><\/h3>\n<p data-start=\"193\" data-end=\"371\"><strong data-start=\"193\" data-end=\"246\">Nettoyez votre voiture facilement, comme un pro !<\/strong><br data-start=\"246\" data-end=\"249\" \/>La buse de lavage Baseus Clean Guard transforme votre routine de nettoyage en une exp\u00e9rience rapide, efficace et agr\u00e9able.<\/p>\n","protected":false},"featured_media":11585,"comment_status":"open","ping_status":"closed","template":"","meta":[],"product_cat":[73],"product_tag":[],"class_list":{"0":"post-11584","1":"product","2":"type-product","3":"status-publish","4":"has-post-thumbnail","6":"product_cat-in-auto","8":"first","9":"instock","10":"shipping-taxable","11":"purchasable","12":"product-type-simple"},"jetpack_sharing_enabled":true,"_links":{"self":[{"href":"https:\/\/baseus.ci\/index.php\/wp-json\/wp\/v2\/product\/11584","targetHints":{"allow":["GET"]}}],"collection":[{"href":"https:\/\/baseus.ci\/index.php\/wp-json\/wp\/v2\/product"}],"about":[{"href":"https:\/\/baseus.ci\/index.php\/wp-json\/wp\/v2\/types\/product"}],"replies":[{"embeddable":true,"href":"https:\/\/baseus.ci\/index.php\/wp-json\/wp\/v2\/comments?post=11584"}],"wp:featuredmedia":[{"embeddable":true,"href":"https:\/\/baseus.ci\/index.php\/wp-json\/wp\/v2\/media\/11585"}],"wp:attachment":[{"href":"https:\/\/baseus.ci\/index.php\/wp-json\/wp\/v2\/media?parent=11584"}],"wp:term":[{"taxonomy":"product_cat","embeddable":true,"href":"https:\/\/baseus.ci\/index.php\/wp-json\/wp\/v2\/product_cat?post=11584"},{"taxonomy":"product_tag","embeddable":true,"href":"https:\/\/baseus.ci\/index.php\/wp-json\/wp\/v2\/product_tag?post=11584"}],"curies":[{"name":"wp","href":"https:\/\/api.w.org\/{rel}","templated":true}]}}