{"id":10062,"date":"2025-09-14T01:32:36","date_gmt":"2025-09-13T23:32:36","guid":{"rendered":"http:\/\/localhost\/baseusci\/?post_type=product&#038;p=10062"},"modified":"2026-03-26T21:13:03","modified_gmt":"2026-03-26T20:13:03","slug":"chargeur-mural-baseus-palm-20w-avec-cable-usb-c-60w-1-m-inclus-charge-rapide-pour-smartphones-tablettes-et-appareils-usb-c-compact-et-puissant","status":"publish","type":"product","link":"https:\/\/baseus.ci\/index.php\/product\/chargeur-mural-baseus-palm-20w-avec-cable-usb-c-60w-1-m-inclus-charge-rapide-pour-smartphones-tablettes-et-appareils-usb-c-compact-et-puissant\/","title":{"rendered":"Chargeur Mural Baseus Palm 20W Original + C\u00e2ble USB-C 60W \u2013 Charge Rapide Compact Smartphone &#038; Tablette | Disponible \u00e0 Abidjan Livraison Rapide"},"content":{"rendered":"<h2 data-section-id=\"1ily438\" data-start=\"832\" data-end=\"869\">\u26a1 Petit format, grande performance<\/h2>\n<div class=\"no-scrollbar flex min-h-36 flex-nowrap gap-0.5 overflow-auto sm:gap-1 sm:overflow-hidden xl:min-h-44 mt-1 mb-5 [&amp;:not(:first-child)]:mt-4\">\n<div class=\"border-token-border-default relative w-32 shrink-0 overflow-hidden rounded-xl border-[0.5px] md:shrink max-h-64 sm:w-[calc((100%-0.5rem)\/3)] rounded-s-xl\">\n<div class=\"group\/search-image @container\/search-image relative rounded-[inherit] h-full w-full\">\n<div><img decoding=\"async\" class=\"bg-token-main-surface-tertiary m-0 h-full w-full object-cover\" src=\"https:\/\/static.reach-tele.com\/uploads\/thumbs\/45\/450034e2cc4cf491572eb7fcf145dd3a.jpg\" alt=\"https:\/\/static.reach-tele.com\/uploads\/thumbs\/45\/450034e2cc4cf491572eb7fcf145dd3a.jpg\" \/><\/div>\n<\/div>\n<\/div>\n<div class=\"border-token-border-default relative w-32 shrink-0 overflow-hidden rounded-xl border-[0.5px] md:shrink max-h-64 sm:w-[calc((100%-0.5rem)\/3)]\">\n<div class=\"group\/search-image @container\/search-image relative rounded-[inherit] h-full w-full\"><\/div>\n<\/div>\n<div class=\"border-token-border-default relative w-32 shrink-0 overflow-hidden rounded-xl border-[0.5px] md:shrink max-h-64 sm:w-[calc((100%-0.5rem)\/3)] rounded-e-xl\">\n<div class=\"group\/search-image @container\/search-image relative rounded-[inherit] h-full w-full\">\n<div><\/div>\n<div class=\"pointer-events-none absolute inset-x-2 bottom-2 z-0 flex max-w-[calc(100%-1rem)] flex-wrap items-end justify-end gap-1.5\">\n<div class=\"shrink-0\">\n<div class=\"flex items-center gap-1 rounded-full px-2 py-1.5 text-white backdrop-blur-md backdrop-brightness-75\"><span class=\"text-xs font-semibold\">4<\/span><\/div>\n<\/div>\n<\/div>\n<\/div>\n<\/div>\n<\/div>\n<p data-start=\"913\" data-end=\"1068\">Le chargeur mural <strong data-start=\"931\" data-end=\"981\"><span class=\"hover:entity-accent entity-underline inline cursor-pointer align-baseline\"><span class=\"whitespace-normal\">Baseus<\/span><\/span> Palm 20W<\/strong> est con\u00e7u pour offrir une recharge rapide, fiable et compacte pour tous vos appareils.<\/p>\n<p data-start=\"1070\" data-end=\"1158\">\ud83d\udc49 Une solution id\u00e9ale pour un usage quotidien \u00e0 la maison, au bureau ou en d\u00e9placement.<\/p>\n<hr data-start=\"1160\" data-end=\"1163\" \/>\n<h2 data-section-id=\"1jpl59e\" data-start=\"1165\" data-end=\"1204\">\u26a1 Charge rapide 20W (Power Delivery)<\/h2>\n<p data-start=\"1206\" data-end=\"1316\">\u2714\ufe0f Recharge rapide smartphones<br data-start=\"1236\" data-end=\"1239\" \/>\u2714\ufe0f Compatible iPhone et Android<br data-start=\"1270\" data-end=\"1273\" \/>\u2714\ufe0f Optimisation intelligente de la charge<\/p>\n<p data-start=\"1318\" data-end=\"1358\">\ud83d\udc49 Gagnez du temps \u00e0 chaque utilisation.<\/p>\n<hr data-start=\"1360\" data-end=\"1363\" \/>\n<h2 data-section-id=\"i43pcb\" data-start=\"1365\" data-end=\"1393\">\ud83d\udd0c C\u00e2ble USB-C 60W inclus<\/h2>\n<p data-start=\"1395\" data-end=\"1484\">\u2714\ufe0f C\u00e2ble haute performance fourni<br data-start=\"1428\" data-end=\"1431\" \/>\u2714\ufe0f Puissance jusqu\u2019\u00e0 60W<br data-start=\"1455\" data-end=\"1458\" \/>\u2714\ufe0f Utilisation imm\u00e9diate<\/p>\n<p data-start=\"1486\" data-end=\"1537\">\ud83d\udc49 Tout ce dont vous avez besoin dans un seul pack.<\/p>\n<hr data-start=\"1539\" data-end=\"1542\" \/>\n<h2 data-section-id=\"ez97j8\" data-start=\"1544\" data-end=\"1570\">\ud83d\udce6 Format ultra compact<\/h2>\n<p data-start=\"1572\" data-end=\"1658\">\u2714\ufe0f Design l\u00e9ger et portable<br data-start=\"1599\" data-end=\"1602\" \/>\u2714\ufe0f Facile \u00e0 transporter<br data-start=\"1625\" data-end=\"1628\" \/>\u2714\ufe0f Id\u00e9al voyage et quotidien<\/p>\n<hr data-start=\"1660\" data-end=\"1663\" \/>\n<h2 data-section-id=\"8hxn1p\" data-start=\"1665\" data-end=\"1696\">\ud83d\udd25 Performance et efficacit\u00e9<\/h2>\n<p data-start=\"1698\" data-end=\"1794\">\u2714\ufe0f Distribution intelligente de l\u2019\u00e9nergie<br data-start=\"1739\" data-end=\"1742\" \/>\u2714\ufe0f Recharge stable<br data-start=\"1760\" data-end=\"1763\" \/>\u2714\ufe0f Compatible multi-appareils<\/p>\n<hr data-start=\"1796\" data-end=\"1799\" \/>\n<h2 data-section-id=\"1d7zzyj\" data-start=\"1801\" data-end=\"1824\">\ud83d\udee1\ufe0f S\u00e9curit\u00e9 avanc\u00e9e<\/h2>\n<p data-start=\"1826\" data-end=\"1926\">\u2714\ufe0f Protection contre surtension<br data-start=\"1857\" data-end=\"1860\" \/>\u2714\ufe0f Protection contre surchauffe<br data-start=\"1891\" data-end=\"1894\" \/>\u2714\ufe0f Protection contre surcharge<\/p>\n<p data-start=\"1928\" data-end=\"1959\">\ud83d\udc49 Vos appareils sont prot\u00e9g\u00e9s.<\/p>\n<hr data-start=\"1961\" data-end=\"1964\" \/>\n<h2 data-section-id=\"1v1r1bo\" data-start=\"1966\" data-end=\"1999\">\u2699\ufe0f CARACT\u00c9RISTIQUES TECHNIQUES<\/h2>\n<p data-start=\"2001\" data-end=\"2167\">\u26a1 Puissance : 20W<br data-start=\"2018\" data-end=\"2021\" \/>\ud83d\udd0c Port : USB-C<br data-start=\"2036\" data-end=\"2039\" \/>\ud83d\udd0b C\u00e2ble : USB-C 60W (1 m) inclus<br data-start=\"2072\" data-end=\"2075\" \/>\ud83d\udccf Longueur c\u00e2ble : 1 m\u00e8tre<br data-start=\"2102\" data-end=\"2105\" \/>\ud83d\udcf1 Compatibilit\u00e9 : universelle<br data-start=\"2135\" data-end=\"2138\" \/>\ud83c\udfa8 Couleur : (selon mod\u00e8le)<\/p>\n<hr data-start=\"2169\" data-end=\"2172\" \/>\n<h2 data-section-id=\"jniuqf\" data-start=\"2174\" data-end=\"2193\">\ud83d\udcf1 COMPATIBILIT\u00c9<\/h2>\n<p data-start=\"2195\" data-end=\"2289\">\u2714\ufe0f Smartphones Android<br data-start=\"2217\" data-end=\"2220\" \/>\u2714\ufe0f iPhone (avec c\u00e2ble adapt\u00e9)<br data-start=\"2249\" data-end=\"2252\" \/>\u2714\ufe0f Tablettes<br data-start=\"2264\" data-end=\"2267\" \/>\u2714\ufe0f Accessoires USB-C<\/p>\n<hr data-start=\"2291\" data-end=\"2294\" \/>\n<h2 data-section-id=\"1m8g89z\" data-start=\"2296\" data-end=\"2330\">\ud83d\udee1\ufe0f PRODUIT ORIGINAL &amp; CERTIFI\u00c9<\/h2>\n<p data-start=\"2332\" data-end=\"2447\">Produit authentique <span class=\"hover:entity-accent entity-underline inline cursor-pointer align-baseline\"><span class=\"whitespace-normal\">Baseus<\/span><\/span><br data-start=\"2389\" data-end=\"2392\" \/>Distribu\u00e9 officiellement en C\u00f4te d\u2019Ivoire par POWERED<\/p>\n<p data-start=\"2449\" data-end=\"2488\">\u2714\ufe0f 100% original<br data-start=\"2465\" data-end=\"2468\" \/>\u2714\ufe0f Qualit\u00e9 premium<\/p>\n<p data-start=\"2490\" data-end=\"2527\">\ud83d\udc49 Site officiel : <strong data-start=\"2509\" data-end=\"2527\"><a class=\"decorated-link cursor-pointer\" target=\"_new\" rel=\"noopener\" data-start=\"2511\" data-end=\"2525\">www.baseus.ci<\/a><\/strong><\/p>\n<hr data-start=\"2529\" data-end=\"2532\" \/>\n<h2 data-section-id=\"grsowy\" data-start=\"2534\" data-end=\"2562\">\ud83d\udee1\ufe0f GARANTIE CONSTRUCTEUR<\/h2>\n<p data-start=\"2564\" data-end=\"2647\">\u2714\ufe0f Jusqu\u2019\u00e0 <strong data-start=\"2575\" data-end=\"2598\">12 mois de garantie<\/strong><br data-start=\"2598\" data-end=\"2601\" \/>\u2714\ufe0f Assistance disponible<br data-start=\"2625\" data-end=\"2628\" \/>\u2714\ufe0f Achat s\u00e9curis\u00e9<\/p>\n<hr data-start=\"2649\" data-end=\"2652\" \/>\n<h2 data-section-id=\"1my3g68\" data-start=\"2654\" data-end=\"2673\">\ud83d\udccd DISPONIBILIT\u00c9<\/h2>\n<p data-start=\"2675\" data-end=\"2771\">\ud83d\udccd Abidjan : Cocody, Plateau, Marcory, Yopougon<br data-start=\"2722\" data-end=\"2725\" \/>\ud83d\ude9a Livraison rapide partout en C\u00f4te d\u2019Ivoire<\/p>\n<hr data-start=\"2773\" data-end=\"2776\" \/>\n<h2 data-section-id=\"ehqg4x\" data-start=\"2778\" data-end=\"2813\">\ud83c\udfaf POURQUOI CHOISIR CE PRODUIT ?<\/h2>\n<p data-start=\"2815\" data-end=\"2925\">\u2714\ufe0f Format compact<br data-start=\"2832\" data-end=\"2835\" \/>\u2714\ufe0f Charge rapide fiable<br data-start=\"2858\" data-end=\"2861\" \/>\u2714\ufe0f C\u00e2ble inclus (solution compl\u00e8te)<br data-start=\"2896\" data-end=\"2899\" \/>\u2714\ufe0f Id\u00e9al usage quotidien<\/p>\n<hr data-start=\"2927\" data-end=\"2930\" \/>\n<h2 data-section-id=\"h1idu2\" data-start=\"2932\" data-end=\"2958\">\ud83d\udd25 COMMANDEZ MAINTENANT<\/h2>\n<p data-start=\"2960\" data-end=\"3006\">Stock disponible \u26a0\ufe0f<br data-start=\"2979\" data-end=\"2982\" \/>\ud83d\udc49 Livraison rapide \ud83d\ude80<\/p>\n","protected":false},"excerpt":{"rendered":"<p data-start=\"370\" data-end=\"491\">Rechargez rapidement vos appareils avec le chargeur <strong data-start=\"422\" data-end=\"472\">20W <span class=\"hover:entity-accent entity-underline inline cursor-pointer align-baseline\"><span class=\"whitespace-normal\">Baseus<\/span><\/span> Palm<\/strong> avec c\u00e2ble inclus.<\/p>\n<p data-start=\"493\" data-end=\"644\">\u26a1 Charge rapide 20W (Power Delivery)<br data-start=\"529\" data-end=\"532\" \/>\ud83d\udd0c Port USB-C + c\u00e2ble 60W inclus<br data-start=\"564\" data-end=\"567\" \/>\ud83d\udcf1 Compatible smartphones, tablettes, USB-C<br data-start=\"610\" data-end=\"613\" \/>\ud83d\udce6 Format compact et portable<\/p>\n<p data-start=\"646\" data-end=\"768\">\ud83d\udee1\ufe0f Produit 100% original certifi\u00e9 \u2013 Garantie jusqu\u2019\u00e0 12 mois<br data-start=\"707\" data-end=\"710\" \/>\ud83d\udccd Disponible \u00e0 Abidjan \u2013 Livraison rapide C\u00f4te d\u2019Ivoire<\/p>\n","protected":false},"featured_media":11321,"comment_status":"open","ping_status":"closed","template":"","meta":[],"product_cat":[95],"product_tag":[],"class_list":{"0":"post-10062","1":"product","2":"type-product","3":"status-publish","4":"has-post-thumbnail","6":"product_cat-chargeurs","8":"first","9":"instock","10":"shipping-taxable","11":"purchasable","12":"product-type-simple"},"jetpack_sharing_enabled":true,"_links":{"self":[{"href":"https:\/\/baseus.ci\/index.php\/wp-json\/wp\/v2\/product\/10062","targetHints":{"allow":["GET"]}}],"collection":[{"href":"https:\/\/baseus.ci\/index.php\/wp-json\/wp\/v2\/product"}],"about":[{"href":"https:\/\/baseus.ci\/index.php\/wp-json\/wp\/v2\/types\/product"}],"replies":[{"embeddable":true,"href":"https:\/\/baseus.ci\/index.php\/wp-json\/wp\/v2\/comments?post=10062"}],"wp:featuredmedia":[{"embeddable":true,"href":"https:\/\/baseus.ci\/index.php\/wp-json\/wp\/v2\/media\/11321"}],"wp:attachment":[{"href":"https:\/\/baseus.ci\/index.php\/wp-json\/wp\/v2\/media?parent=10062"}],"wp:term":[{"taxonomy":"product_cat","embeddable":true,"href":"https:\/\/baseus.ci\/index.php\/wp-json\/wp\/v2\/product_cat?post=10062"},{"taxonomy":"product_tag","embeddable":true,"href":"https:\/\/baseus.ci\/index.php\/wp-json\/wp\/v2\/product_tag?post=10062"}],"curies":[{"name":"wp","href":"https:\/\/api.w.org\/{rel}","templated":true}]}}