{"id":10,"date":"2025-09-14T00:55:39","date_gmt":"2025-09-13T22:55:39","guid":{"rendered":"http:\/\/localhost\/baseusci\/index.php\/cart\/"},"modified":"2025-09-14T19:41:07","modified_gmt":"2025-09-14T17:41:07","slug":"cart","status":"publish","type":"page","link":"https:\/\/baseus.ci\/index.php\/cart\/","title":{"rendered":"Cart"},"content":{"rendered":"\n<div data-block-name=\"woocommerce\/cart\" class=\"wp-block-woocommerce-cart alignwide is-loading\">\n<div data-block-name=\"woocommerce\/filled-cart-block\" class=\"wp-block-woocommerce-filled-cart-block\">\n<div data-block-name=\"woocommerce\/cart-items-block\" class=\"wp-block-woocommerce-cart-items-block\">\n<div data-block-name=\"woocommerce\/cart-line-items-block\" class=\"wp-block-woocommerce-cart-line-items-block\"><\/div>\n\n\n\n<div data-block-name=\"woocommerce\/cart-cross-sells-block\" class=\"wp-block-woocommerce-cart-cross-sells-block\">\n<h2 class=\"wp-block-heading has-large-font-size\">You may be interested in\u2026<\/h2>\n\n\n\n<div data-block-name=\"woocommerce\/cart-cross-sells-products-block\" class=\"wp-block-woocommerce-cart-cross-sells-products-block\"><\/div>\n<\/div>\n<\/div>\n\n\n\n<div data-block-name=\"woocommerce\/cart-totals-block\" class=\"wp-block-woocommerce-cart-totals-block\">\n<div data-block-name=\"woocommerce\/cart-order-summary-block\" class=\"wp-block-woocommerce-cart-order-summary-block\">\n<div data-block-name=\"woocommerce\/cart-order-summary-heading-block\" class=\"wp-block-woocommerce-cart-order-summary-heading-block\"><\/div><div data-block-name=\"woocommerce\/cart-order-summary-coupon-form-block\" class=\"wp-block-woocommerce-cart-order-summary-coupon-form-block\"><\/div><div data-block-name=\"woocommerce\/cart-order-summary-totals-block\" class=\"wp-block-woocommerce-cart-order-summary-totals-block\">\n<div data-block-name=\"woocommerce\/cart-order-summary-subtotal-block\" class=\"wp-block-woocommerce-cart-order-summary-subtotal-block\"><\/div>\n<div data-block-name=\"woocommerce\/cart-order-summary-discount-block\" class=\"wp-block-woocommerce-cart-order-summary-discount-block\"><\/div>\n<div data-block-name=\"woocommerce\/cart-order-summary-fee-block\" class=\"wp-block-woocommerce-cart-order-summary-fee-block\"><\/div>\n<div data-block-name=\"woocommerce\/cart-order-summary-shipping-block\" class=\"wp-block-woocommerce-cart-order-summary-shipping-block\"><\/div>\n<div data-block-name=\"woocommerce\/cart-order-summary-taxes-block\" class=\"wp-block-woocommerce-cart-order-summary-taxes-block\"><\/div><\/div>\n<\/div>\n\n\n\n<div data-block-name=\"woocommerce\/cart-express-payment-block\" class=\"wp-block-woocommerce-cart-express-payment-block\"><\/div>\n\n\n\n<div data-block-name=\"woocommerce\/proceed-to-checkout-block\" class=\"wp-block-woocommerce-proceed-to-checkout-block\"><\/div>\n\n\n\n<div data-block-name=\"woocommerce\/cart-accepted-payment-methods-block\" class=\"wp-block-woocommerce-cart-accepted-payment-methods-block\"><\/div>\n<\/div>\n<\/div>\n\n\n\n<div data-block-name=\"woocommerce\/empty-cart-block\" class=\"wp-block-woocommerce-empty-cart-block\">\n<h2 class=\"wp-block-heading has-text-align-center with-empty-cart-icon wc-block-cart__empty-cart__title\">Your cart is currently empty!<\/h2>\n\n\n\n<hr class=\"wp-block-separator has-alpha-channel-opacity is-style-dots\"\/>\n\n\n\n<h2 class=\"wp-block-heading has-text-align-center\">New in store<\/h2>\n\n\n<div data-block-name=\"woocommerce\/product-new\" data-columns=\"4\" data-rows=\"1\" class=\"wc-block-grid wp-block-product-new wp-block-woocommerce-product-new wc-block-product-new has-4-columns\"><ul class=\"wc-block-grid__products\"><li class=\"wc-block-grid__product\">\n\t\t\t\t<a href=\"https:\/\/baseus.ci\/index.php\/product\/cable-magnetique-baseus-picogo-240-w-pd-5-a-usb-c-vers-usb-c-1-m-silicone-liquide-transfert-de-donnees-480-mbit-s-compatible-macbook-ipad-iphone-16-pro-max-google-pixel-9-pro-rose\/\" class=\"wc-block-grid__product-link\">\n\t\t\t\t\t<div class=\"wc-block-grid__product-onsale\">\n\t\t\t<span aria-hidden=\"true\">Promo<\/span>\n\t\t\t<span class=\"screen-reader-text\">Produit en promotion<\/span>\n\t\t<\/div>\n\t\t\t\t\t<div class=\"wc-block-grid__product-image\"><img fetchpriority=\"high\" decoding=\"async\" width=\"450\" height=\"648\" src=\"https:\/\/baseus.ci\/wp-content\/uploads\/2026\/04\/51HzKX0jgbL._AC_SL1500_-450x648.jpg\" class=\"attachment-woocommerce_thumbnail size-woocommerce_thumbnail\" alt=\"C\u00e2ble magn\u00e9tique Baseus PicoGo 240 W PD 5 A USB-C vers USB-C, 1 m, silicone liquide, transfert de donn\u00e9es 480 Mbit\/s, compatible MacBook, iPad, iPhone 16 Pro Max, Google Pixel 9 Pro \u2013 Rose\" srcset=\"https:\/\/baseus.ci\/wp-content\/uploads\/2026\/04\/51HzKX0jgbL._AC_SL1500_-450x648.jpg 450w, https:\/\/baseus.ci\/wp-content\/uploads\/2026\/04\/51HzKX0jgbL._AC_SL1500_-208x300.jpg 208w, https:\/\/baseus.ci\/wp-content\/uploads\/2026\/04\/51HzKX0jgbL._AC_SL1500_-711x1024.jpg 711w, https:\/\/baseus.ci\/wp-content\/uploads\/2026\/04\/51HzKX0jgbL._AC_SL1500_-768x1106.jpg 768w, https:\/\/baseus.ci\/wp-content\/uploads\/2026\/04\/51HzKX0jgbL._AC_SL1500_-800x1152.jpg 800w, https:\/\/baseus.ci\/wp-content\/uploads\/2026\/04\/51HzKX0jgbL._AC_SL1500_.jpg 963w\" sizes=\"(max-width: 450px) 100vw, 450px\" \/><\/div>\n\t\t\t\t\t<div class=\"wc-block-grid__product-title\">C\u00e2ble magn\u00e9tique Baseus PicoGo 240 W PD 5 A USB-C vers USB-C, 1 m, silicone liquide, transfert de donn\u00e9es 480 Mbit\/s, compatible MacBook, iPad, iPhone 16 Pro Max, Google Pixel 9 Pro \u2013 Rose<\/div>\n\t\t\t\t<\/a>\n\t\t\t\t<div class=\"wc-block-grid__product-price price\"><del aria-hidden=\"true\"><span class=\"woocommerce-Price-amount amount\">12 500&nbsp;<span class=\"woocommerce-Price-currencySymbol\">CFA<\/span><\/span><\/del> <span class=\"screen-reader-text\">Le prix initial \u00e9tait\u00a0: 12 500&nbsp;CFA.<\/span><ins aria-hidden=\"true\"><span class=\"woocommerce-Price-amount amount\">10 000&nbsp;<span class=\"woocommerce-Price-currencySymbol\">CFA<\/span><\/span><\/ins><span class=\"screen-reader-text\">Le prix actuel est\u00a0: 10 000&nbsp;CFA.<\/span><\/div>\n\t\t\t\t\n\t\t\t\t<div class=\"wp-block-button wc-block-grid__product-add-to-cart\"><a href=\"\/index.php\/wp-json\/wp\/v2\/pages\/10?add-to-cart=11522\" aria-label=\"Ajouter au panier\u00a0: &ldquo;C\u00e2ble magn\u00e9tique Baseus PicoGo 240 W PD 5 A USB-C vers USB-C, 1 m, silicone liquide, transfert de donn\u00e9es 480 Mbit\/s, compatible MacBook, iPad, iPhone 16 Pro Max, Google Pixel 9 Pro \u2013 Rose&rdquo;\" data-quantity=\"1\" data-product_id=\"11522\" data-product_sku=\"\" data-price=\"10000\" rel=\"nofollow\" class=\"wp-block-button__link  add_to_cart_button ajax_add_to_cart\">Ajouter au panier<\/a><\/div>\n\t\t\t<\/li><li class=\"wc-block-grid__product\">\n\t\t\t\t<a href=\"https:\/\/baseus.ci\/index.php\/product\/cable-magnetique-usb-c-baseus-picogo-240-w-enroule-compatible-avec-la-charge-rapide-pd-5-a-et-qc-4-0-en-silicone-liquide-pour-iphone-16-15-pro-samsung-galaxy-pixel-ipad-pro-et-macbook-air\/\" class=\"wc-block-grid__product-link\">\n\t\t\t\t\t<div class=\"wc-block-grid__product-onsale\">\n\t\t\t<span aria-hidden=\"true\">Promo<\/span>\n\t\t\t<span class=\"screen-reader-text\">Produit en promotion<\/span>\n\t\t<\/div>\n\t\t\t\t\t<div class=\"wc-block-grid__product-image\"><img decoding=\"async\" width=\"450\" height=\"563\" src=\"https:\/\/baseus.ci\/wp-content\/uploads\/2026\/04\/61iryLX36jL._SL1500_-450x563.jpg\" class=\"attachment-woocommerce_thumbnail size-woocommerce_thumbnail\" alt=\"C\u00e2ble magn\u00e9tique USB-C Baseus PicoGo, 240 W, enroul\u00e9, compatible avec la charge rapide PD 5 A et QC 4.0, en silicone liquide, pour iPhone 16\/15 Pro, Samsung Galaxy Pixel, iPad Pro et MacBook Air Noir\" srcset=\"https:\/\/baseus.ci\/wp-content\/uploads\/2026\/04\/61iryLX36jL._SL1500_-450x563.jpg 450w, https:\/\/baseus.ci\/wp-content\/uploads\/2026\/04\/61iryLX36jL._SL1500_-240x300.jpg 240w, https:\/\/baseus.ci\/wp-content\/uploads\/2026\/04\/61iryLX36jL._SL1500_-819x1024.jpg 819w, https:\/\/baseus.ci\/wp-content\/uploads\/2026\/04\/61iryLX36jL._SL1500_-768x960.jpg 768w, https:\/\/baseus.ci\/wp-content\/uploads\/2026\/04\/61iryLX36jL._SL1500_-800x1000.jpg 800w, https:\/\/baseus.ci\/wp-content\/uploads\/2026\/04\/61iryLX36jL._SL1500_.jpg 1200w\" sizes=\"(max-width: 450px) 100vw, 450px\" \/><\/div>\n\t\t\t\t\t<div class=\"wc-block-grid__product-title\">C\u00e2ble magn\u00e9tique USB-C Baseus PicoGo, 240 W, enroul\u00e9, compatible avec la charge rapide PD 5 A et QC 4.0, en silicone liquide, pour iPhone 16\/15 Pro, Samsung Galaxy Pixel, iPad Pro et MacBook Air Noir<\/div>\n\t\t\t\t<\/a>\n\t\t\t\t<div class=\"wc-block-grid__product-price price\"><del aria-hidden=\"true\"><span class=\"woocommerce-Price-amount amount\">12 500&nbsp;<span class=\"woocommerce-Price-currencySymbol\">CFA<\/span><\/span><\/del> <span class=\"screen-reader-text\">Le prix initial \u00e9tait\u00a0: 12 500&nbsp;CFA.<\/span><ins aria-hidden=\"true\"><span class=\"woocommerce-Price-amount amount\">10 000&nbsp;<span class=\"woocommerce-Price-currencySymbol\">CFA<\/span><\/span><\/ins><span class=\"screen-reader-text\">Le prix actuel est\u00a0: 10 000&nbsp;CFA.<\/span><\/div>\n\t\t\t\t\n\t\t\t\t<div class=\"wp-block-button wc-block-grid__product-add-to-cart\"><a href=\"\/index.php\/wp-json\/wp\/v2\/pages\/10?add-to-cart=11513\" aria-label=\"Ajouter au panier\u00a0: &ldquo;C\u00e2ble magn\u00e9tique USB-C Baseus PicoGo, 240 W, enroul\u00e9, compatible avec la charge rapide PD 5 A et QC 4.0, en silicone liquide, pour iPhone 16\/15 Pro, Samsung Galaxy Pixel, iPad Pro et MacBook Air Noir&rdquo;\" data-quantity=\"1\" data-product_id=\"11513\" data-product_sku=\"\" data-price=\"10000\" rel=\"nofollow\" class=\"wp-block-button__link  add_to_cart_button ajax_add_to_cart\">Ajouter au panier<\/a><\/div>\n\t\t\t<\/li><li class=\"wc-block-grid__product\">\n\t\t\t\t<a href=\"https:\/\/baseus.ci\/index.php\/product\/ecouteurs-baseus-h06-noir-avec-port-jack-ngh06-01\/\" class=\"wc-block-grid__product-link\">\n\t\t\t\t\t\n\t\t\t\t\t<div class=\"wc-block-grid__product-image\"><img decoding=\"async\" width=\"450\" height=\"450\" src=\"https:\/\/baseus.ci\/wp-content\/uploads\/2026\/04\/6-1-1-450x450.jpg\" class=\"attachment-woocommerce_thumbnail size-woocommerce_thumbnail\" alt=\"\u00c9couteurs BASEUS H06 NOIR  Avec Port Jack -NGH06-01\" srcset=\"https:\/\/baseus.ci\/wp-content\/uploads\/2026\/04\/6-1-1-450x450.jpg 450w, https:\/\/baseus.ci\/wp-content\/uploads\/2026\/04\/6-1-1-300x300.jpg 300w, https:\/\/baseus.ci\/wp-content\/uploads\/2026\/04\/6-1-1-150x150.jpg 150w, https:\/\/baseus.ci\/wp-content\/uploads\/2026\/04\/6-1-1-768x768.jpg 768w, https:\/\/baseus.ci\/wp-content\/uploads\/2026\/04\/6-1-1-100x100.jpg 100w, https:\/\/baseus.ci\/wp-content\/uploads\/2026\/04\/6-1-1-50x50.jpg 50w, https:\/\/baseus.ci\/wp-content\/uploads\/2026\/04\/6-1-1-600x600.jpg 600w, https:\/\/baseus.ci\/wp-content\/uploads\/2026\/04\/6-1-1-96x96.jpg 96w, https:\/\/baseus.ci\/wp-content\/uploads\/2026\/04\/6-1-1-460x460.jpg 460w, https:\/\/baseus.ci\/wp-content\/uploads\/2026\/04\/6-1-1.jpg 800w\" sizes=\"(max-width: 450px) 100vw, 450px\" \/><\/div>\n\t\t\t\t\t<div class=\"wc-block-grid__product-title\">\u00c9couteurs BASEUS H06 NOIR  Avec Port Jack -NGH06-01<\/div>\n\t\t\t\t<\/a>\n\t\t\t\t<div class=\"wc-block-grid__product-price price\"><span class=\"woocommerce-Price-amount amount\">6 000&nbsp;<span class=\"woocommerce-Price-currencySymbol\">CFA<\/span><\/span><\/div>\n\t\t\t\t\n\t\t\t\t<div class=\"wp-block-button wc-block-grid__product-add-to-cart\"><a href=\"\/index.php\/wp-json\/wp\/v2\/pages\/10?add-to-cart=11499\" aria-label=\"Ajouter au panier\u00a0: &ldquo;\u00c9couteurs BASEUS H06 NOIR  Avec Port Jack -NGH06-01&rdquo;\" data-quantity=\"1\" data-product_id=\"11499\" data-product_sku=\"\" data-price=\"6000\" rel=\"nofollow\" class=\"wp-block-button__link  add_to_cart_button ajax_add_to_cart\">Ajouter au panier<\/a><\/div>\n\t\t\t<\/li><li class=\"wc-block-grid__product\">\n\t\t\t\t<a href=\"https:\/\/baseus.ci\/index.php\/product\/ecouteurs-filaires-baseus-h06-blanc-ngh06-0s\/\" class=\"wc-block-grid__product-link\">\n\t\t\t\t\t\n\t\t\t\t\t<div class=\"wc-block-grid__product-image\"><img loading=\"lazy\" decoding=\"async\" width=\"450\" height=\"450\" src=\"https:\/\/baseus.ci\/wp-content\/uploads\/2026\/04\/1-1-450x450.jpg\" class=\"attachment-woocommerce_thumbnail size-woocommerce_thumbnail\" alt=\"\u00c9couteurs  filaires Baseus H06-Blanc- NGH06-0S\" srcset=\"https:\/\/baseus.ci\/wp-content\/uploads\/2026\/04\/1-1-450x450.jpg 450w, https:\/\/baseus.ci\/wp-content\/uploads\/2026\/04\/1-1-300x300.jpg 300w, https:\/\/baseus.ci\/wp-content\/uploads\/2026\/04\/1-1-150x150.jpg 150w, https:\/\/baseus.ci\/wp-content\/uploads\/2026\/04\/1-1-768x768.jpg 768w, https:\/\/baseus.ci\/wp-content\/uploads\/2026\/04\/1-1-100x100.jpg 100w, https:\/\/baseus.ci\/wp-content\/uploads\/2026\/04\/1-1-50x50.jpg 50w, https:\/\/baseus.ci\/wp-content\/uploads\/2026\/04\/1-1-600x600.jpg 600w, https:\/\/baseus.ci\/wp-content\/uploads\/2026\/04\/1-1-96x96.jpg 96w, https:\/\/baseus.ci\/wp-content\/uploads\/2026\/04\/1-1-460x460.jpg 460w, https:\/\/baseus.ci\/wp-content\/uploads\/2026\/04\/1-1.jpg 800w\" sizes=\"(max-width: 450px) 100vw, 450px\" \/><\/div>\n\t\t\t\t\t<div class=\"wc-block-grid__product-title\">\u00c9couteurs  filaires Baseus H06-Blanc- NGH06-0S<\/div>\n\t\t\t\t<\/a>\n\t\t\t\t<div class=\"wc-block-grid__product-price price\"><span class=\"woocommerce-Price-amount amount\">7 000&nbsp;<span class=\"woocommerce-Price-currencySymbol\">CFA<\/span><\/span><\/div>\n\t\t\t\t\n\t\t\t\t<div class=\"wp-block-button wc-block-grid__product-add-to-cart\"><a href=\"\/index.php\/wp-json\/wp\/v2\/pages\/10?add-to-cart=11490\" aria-label=\"Ajouter au panier\u00a0: &ldquo;\u00c9couteurs  filaires Baseus H06-Blanc- NGH06-0S&rdquo;\" data-quantity=\"1\" data-product_id=\"11490\" data-product_sku=\"\" data-price=\"7000\" rel=\"nofollow\" class=\"wp-block-button__link  add_to_cart_button ajax_add_to_cart\">Ajouter au panier<\/a><\/div>\n\t\t\t<\/li><\/ul><\/div><\/div>\n<\/div>\n","protected":false},"excerpt":{"rendered":"","protected":false},"author":1,"featured_media":0,"parent":0,"menu_order":0,"comment_status":"closed","ping_status":"closed","template":"","meta":{"footnotes":""},"class_list":["post-10","page","type-page","status-publish","hentry"],"jetpack_sharing_enabled":true,"_links":{"self":[{"href":"https:\/\/baseus.ci\/index.php\/wp-json\/wp\/v2\/pages\/10","targetHints":{"allow":["GET"]}}],"collection":[{"href":"https:\/\/baseus.ci\/index.php\/wp-json\/wp\/v2\/pages"}],"about":[{"href":"https:\/\/baseus.ci\/index.php\/wp-json\/wp\/v2\/types\/page"}],"author":[{"embeddable":true,"href":"https:\/\/baseus.ci\/index.php\/wp-json\/wp\/v2\/users\/1"}],"replies":[{"embeddable":true,"href":"https:\/\/baseus.ci\/index.php\/wp-json\/wp\/v2\/comments?post=10"}],"version-history":[{"count":1,"href":"https:\/\/baseus.ci\/index.php\/wp-json\/wp\/v2\/pages\/10\/revisions"}],"predecessor-version":[{"id":10415,"href":"https:\/\/baseus.ci\/index.php\/wp-json\/wp\/v2\/pages\/10\/revisions\/10415"}],"wp:attachment":[{"href":"https:\/\/baseus.ci\/index.php\/wp-json\/wp\/v2\/media?parent=10"}],"curies":[{"name":"wp","href":"https:\/\/api.w.org\/{rel}","templated":true}]}}